{"id":8294,"date":"2022-02-08T10:13:07","date_gmt":"2022-02-08T09:13:07","guid":{"rendered":"https:\/\/premiumpsu.com\/product\/aci-3000-regulador-de-corriente\/"},"modified":"2022-03-10T08:36:35","modified_gmt":"2022-03-10T07:36:35","slug":"aci-3000-regulador-de-corriente-de-irrupcion","status":"publish","type":"product","link":"https:\/\/premiumpsu.com\/es\/producto\/aci-3000-regulador-de-corriente-de-irrupcion\/","title":{"rendered":"ACI-3000 Regulador de corriente de irrupci\u00f3n"},"content":{"rendered":"","protected":false},"excerpt":{"rendered":"<p>El <strong>ACI-3000 es un accesorio complementario para las siguientes series de inversores DC\/AC<\/strong> de Premium PSU: <a href=\"https:\/\/premiumpsu.com\/es\/producto\/alta-potencia-industrial-y-ferroviaria-1500va-dc-ac\/\" target=\"_blank\" rel=\"noopener\">ODS-1500<\/a>, <a href=\"https:\/\/premiumpsu.com\/es\/producto\/odx-3000\/\" target=\"_blank\" rel=\"noopener\">ODS-3000<\/a> y <a href=\"https:\/\/premiumpsu.com\/es\/producto\/odx-3000\/\" target=\"_blank\" rel=\"noopener\">ODX-3000<\/a>. Se trata de un regulador de la corriente de entrada con protecci\u00f3n activa contra la inversi\u00f3n de polaridad que adem\u00e1s puede parar completamente el ondulador via entrada ON\/OFF.<\/p>\n<p>&nbsp;<\/p>\n<p><strong>Caracter\u00edsticas principales<\/strong><\/p>\n<p>ON\/OFF remoto con baja corriente de espera<br \/>\nProtecci\u00f3n activa contra la inversi\u00f3n de polaridad<br \/>\nConforme a la norma EN-50155<br \/>\nConforme a la norma EN-45545<\/p>\n<h2>Garant\u00eda<\/h2>\n<p><strong>5 a\u00f1os para la versi\u00f3n ferroviaria<\/strong><\/p>\n<p>&nbsp;<\/p>\n","protected":false},"featured_media":8289,"template":"","meta":{"_acf_changed":false},"product_brand":[],"product_cat":[238],"product_tag":[],"class_list":{"0":"post-8294","1":"product","2":"type-product","3":"status-publish","4":"has-post-thumbnail","6":"product_cat-dc-ac-onduladores","8":"first","9":"instock","10":"shipping-taxable","11":"product-type-simple"},"acf":[],"_links":{"self":[{"href":"https:\/\/premiumpsu.com\/es\/wp-json\/wp\/v2\/product\/8294","targetHints":{"allow":["GET"]}}],"collection":[{"href":"https:\/\/premiumpsu.com\/es\/wp-json\/wp\/v2\/product"}],"about":[{"href":"https:\/\/premiumpsu.com\/es\/wp-json\/wp\/v2\/types\/product"}],"wp:featuredmedia":[{"embeddable":true,"href":"https:\/\/premiumpsu.com\/es\/wp-json\/wp\/v2\/media\/8289"}],"wp:attachment":[{"href":"https:\/\/premiumpsu.com\/es\/wp-json\/wp\/v2\/media?parent=8294"}],"wp:term":[{"taxonomy":"product_brand","embeddable":true,"href":"https:\/\/premiumpsu.com\/es\/wp-json\/wp\/v2\/product_brand?post=8294"},{"taxonomy":"product_cat","embeddable":true,"href":"https:\/\/premiumpsu.com\/es\/wp-json\/wp\/v2\/product_cat?post=8294"},{"taxonomy":"product_tag","embeddable":true,"href":"https:\/\/premiumpsu.com\/es\/wp-json\/wp\/v2\/product_tag?post=8294"}],"curies":[{"name":"wp","href":"https:\/\/api.w.org\/{rel}","templated":true}]}}