{"id":8281,"date":"2022-02-08T08:32:01","date_gmt":"2022-02-08T07:32:01","guid":{"rendered":"https:\/\/premiumpsu.com\/product\/acb-3000-conmutador-estatico-de-transferencia\/"},"modified":"2024-10-21T09:49:50","modified_gmt":"2024-10-21T07:49:50","slug":"acb-3000-conmutador-estatico-de-transferencia","status":"publish","type":"product","link":"https:\/\/premiumpsu.com\/es\/producto\/acb-3000-conmutador-estatico-de-transferencia\/","title":{"rendered":"Conmutador est\u00e1tico de transferencia"},"content":{"rendered":"","protected":false},"excerpt":{"rendered":"<p><strong>El ACB-3000 de Premium PSU es un conmutador est\u00e1tico de transferencia de energ\u00eda<\/strong> con 2 l\u00edneas de entrada de voltaje sinusoidal capaz de cambiar entre\u00a0 l\u00edneas y ofrecer una salida segura en caso de fallo en una de las l\u00edneas de entrada. El dispositivo ha sido dise\u00f1ado para brindar protecci\u00f3n adicional contra fallas en una de las l\u00edneas de entrada principalmente para cargas auxiliares en aplicaciones ferroviarias e industriales.<\/p>\n<p>El ACB-3000 est\u00e1 protegido contra sobrecargas y cortocircuitos por medio de un circuito limitador de corriente y ofrece monitoreo CAN BUS, voltaje de entrada DC auxiliar de 15 a 139 V DC para control y monitorizaci\u00f3n sin l\u00edneas de entrada AC presentes y LEDs de control y rel\u00e9s de estado s\u00f3lido que cambiar\u00e1n de estado en caso de falla.<\/p>\n<p>El ACB-3000 est\u00e1 disponible como <strong>soluci\u00f3n complementaria para onduladores DC\/AC<\/strong>. Un producto que viene a cumplir con las expectativas del <strong>sector industrial y ferroviario<\/strong>.<\/p>\n<h2><strong>Caracter\u00edsticas principales<\/strong><\/h2>\n<ul>\n<li>Indicado para las series: <a href=\"https:\/\/premiumpsu.com\/es\/producto\/ods-750\/\">ODS-750<\/a>, <a href=\"https:\/\/premiumpsu.com\/es\/producto\/alta-potencia-industrial-y-ferroviaria-1500va-dc-ac\/\">ODS-1500<\/a> y <a href=\"https:\/\/premiumpsu.com\/es\/producto\/inversores-de-alta-potencia-para-la-industria-y-el-ferrocarril-3000va-dc-ac\/\">ODS-3000<\/a>.<\/li>\n<li>Dos versiones disponibles, para 120V y 230V.<\/li>\n<li>Alta velocidad de detecci\u00f3n y transferencia de fallos &lt; 2ms, que pasa desapercibido para la gran mayor\u00eda de cargas de AC.<\/li>\n<li>No requiere una red sincronizada.<\/li>\n<\/ul>\n<p>&nbsp;<\/p>\n<h2>Garant\u00eda de producto<\/h2>\n<p><strong>3 a\u00f1os para la versi\u00f3n industrial<\/strong><\/p>\n<p><strong>5 a\u00f1os para la versi\u00f3n ferroviaria<\/strong><\/p>\n","protected":false},"featured_media":9736,"template":"","meta":{"_acf_changed":false},"product_brand":[],"product_cat":[238],"product_tag":[],"class_list":{"0":"post-8281","1":"product","2":"type-product","3":"status-publish","4":"has-post-thumbnail","6":"product_cat-dc-ac-onduladores","8":"first","9":"instock","10":"shipping-taxable","11":"product-type-simple"},"acf":[],"_links":{"self":[{"href":"https:\/\/premiumpsu.com\/es\/wp-json\/wp\/v2\/product\/8281","targetHints":{"allow":["GET"]}}],"collection":[{"href":"https:\/\/premiumpsu.com\/es\/wp-json\/wp\/v2\/product"}],"about":[{"href":"https:\/\/premiumpsu.com\/es\/wp-json\/wp\/v2\/types\/product"}],"wp:featuredmedia":[{"embeddable":true,"href":"https:\/\/premiumpsu.com\/es\/wp-json\/wp\/v2\/media\/9736"}],"wp:attachment":[{"href":"https:\/\/premiumpsu.com\/es\/wp-json\/wp\/v2\/media?parent=8281"}],"wp:term":[{"taxonomy":"product_brand","embeddable":true,"href":"https:\/\/premiumpsu.com\/es\/wp-json\/wp\/v2\/product_brand?post=8281"},{"taxonomy":"product_cat","embeddable":true,"href":"https:\/\/premiumpsu.com\/es\/wp-json\/wp\/v2\/product_cat?post=8281"},{"taxonomy":"product_tag","embeddable":true,"href":"https:\/\/premiumpsu.com\/es\/wp-json\/wp\/v2\/product_tag?post=8281"}],"curies":[{"name":"wp","href":"https:\/\/api.w.org\/{rel}","templated":true}]}}