{"id":8155,"date":"2022-07-19T09:25:19","date_gmt":"2022-07-19T07:25:19","guid":{"rendered":"https:\/\/premiumpsu.com\/?post_type=product&#038;p=8155"},"modified":"2024-07-17T12:40:55","modified_gmt":"2024-07-17T10:40:55","slug":"ovx6400-inversor-dc-ac-6400va-para-ferroviario","status":"publish","type":"product","link":"https:\/\/premiumpsu.com\/es\/producto\/ovx6400-inversor-dc-ac-6400va-para-ferroviario\/","title":{"rendered":"Inversor DC\/AC trif\u00e1sico 6400VA para ferroviario"},"content":{"rendered":"","protected":false},"excerpt":{"rendered":"<p>Como parte de la <strong>nueva serie Spark<\/strong>, que incluye soluciones dise\u00f1adas para obtener energ\u00eda directamente de la l\u00ednea catenaria, el nuevo <strong>OVX-6400<\/strong>es un <strong>inversor 6400VA DC\/AC trif\u00e1sico de onda sinusoidal<\/strong> que cumple, entre otras, las normas EN612587-1 y EN50155. El OVX-6400 est\u00e1 dise\u00f1ado no solo para trabajar dentro del rango de voltaje de entrada de 400 a 900V, sino tambi\u00e9n para soportar sobrecargas y sobretensiones como se describe en EN50124-2.<\/p>\n<p>Potencia y arranque suave configurable <b>para suministrar electricidad a un tren, tranv\u00eda o veh\u00edculo de tren ligero. Adem\u00e1s del <strong>amplio rango de entrada continua<\/strong>, el OVX-6400 incluye un innovador <strong>filtro de catenaria activo que se protege de sobretensiones<\/strong>de hasta 3kW. <\/b><\/p>\n<h2>El ondulador permite<\/h2>\n<ul>\n<li><span data-contrast=\"none\">Frecuencia de salida ajustable<\/span><\/li>\n<li><span data-contrast=\"none\">Voltaje de salida ajustable<\/span><\/li>\n<li><span data-contrast=\"none\">Voltaje de entrada seg\u00fan<\/span><span data-ccp-props=\"{\">:<\/span><span data-contrast=\"none\">EN50163:2006 &amp;<\/span><span data-contrast=\"none\">EN50124-2:2017<\/span><\/li>\n<li><span data-contrast=\"none\">Alto aislamiento de entrada-salida 5400Vrms<\/span><\/li>\n<li><span data-contrast=\"none\">Opto-acoplado remoto apagado<\/span><\/li>\n<li><span data-contrast=\"none\">Alarma por contactos de rel\u00e9 aislados<\/span><\/li>\n<li><span data-contrast=\"none\">Entrada configurable: Potencia inversa o media<\/span><\/li>\n<li><span data-contrast=\"none\">Control remoto via RS232<\/span><\/li>\n<li><span data-contrast=\"none\">CAN BUS <\/span><\/li>\n<li><span data-contrast=\"none\">Aplicaciones ferroviarias seg\u00fan la norma EN61287-1 <\/span><\/li>\n<li><span data-contrast=\"none\">Fuego y humo: EN45545-2 <\/span><\/li>\n<\/ul>\n<p>El OVX-6400 estar\u00e1 disponible durante el 2025<\/p>\n<h2>Garant\u00eda<\/h2>\n<p><strong>5 a\u00f1os <\/strong><\/p>\n","protected":false},"featured_media":12904,"template":"","meta":{"_acf_changed":false},"product_brand":[],"product_cat":[238],"product_tag":[],"class_list":{"0":"post-8155","1":"product","2":"type-product","3":"status-publish","4":"has-post-thumbnail","6":"product_cat-dc-ac-onduladores","8":"first","9":"instock","10":"shipping-taxable","11":"product-type-simple"},"acf":[],"_links":{"self":[{"href":"https:\/\/premiumpsu.com\/es\/wp-json\/wp\/v2\/product\/8155","targetHints":{"allow":["GET"]}}],"collection":[{"href":"https:\/\/premiumpsu.com\/es\/wp-json\/wp\/v2\/product"}],"about":[{"href":"https:\/\/premiumpsu.com\/es\/wp-json\/wp\/v2\/types\/product"}],"wp:featuredmedia":[{"embeddable":true,"href":"https:\/\/premiumpsu.com\/es\/wp-json\/wp\/v2\/media\/12904"}],"wp:attachment":[{"href":"https:\/\/premiumpsu.com\/es\/wp-json\/wp\/v2\/media?parent=8155"}],"wp:term":[{"taxonomy":"product_brand","embeddable":true,"href":"https:\/\/premiumpsu.com\/es\/wp-json\/wp\/v2\/product_brand?post=8155"},{"taxonomy":"product_cat","embeddable":true,"href":"https:\/\/premiumpsu.com\/es\/wp-json\/wp\/v2\/product_cat?post=8155"},{"taxonomy":"product_tag","embeddable":true,"href":"https:\/\/premiumpsu.com\/es\/wp-json\/wp\/v2\/product_tag?post=8155"}],"curies":[{"name":"wp","href":"https:\/\/api.w.org\/{rel}","templated":true}]}}