{"id":8121,"date":"2022-01-19T16:25:15","date_gmt":"2022-01-19T15:25:16","guid":{"rendered":"https:\/\/premiumpsu.com\/?post_type=product&#038;p=8121"},"modified":"2026-03-23T11:51:53","modified_gmt":"2026-03-23T10:51:53","slug":"convertidor-dc-dc-industrial-y-ferroviario-2000w-crs-2000","status":"publish","type":"product","link":"https:\/\/premiumpsu.com\/es\/producto\/convertidor-dc-dc-industrial-y-ferroviario-2000w-crs-2000\/","title":{"rendered":"Convertidores DC\/DC Industriales y Ferroviarios 2000W"},"content":{"rendered":"","protected":false},"excerpt":{"rendered":"<p><strong>La serie CRS-2000 consta de convertidores DC\/DC de 2000W y se presenta en un dise\u00f1o compacto y robusto con m\u00faltiples combinaciones de tensi\u00f3n de entrada-salida, lo que lo hacen la soluci\u00f3n perfecta para una amplia gama de aplicaciones industriales.<\/strong> Esta serie de convertidores utiliza tecnolog\u00eda SiC, que confiere al dispositivo una alta densidad de potencia.<\/p>\n<p><a href=\"#tab-vision-rapida\">M\u00e1s informaci\u00f3n<\/a><\/p>\n<p>&nbsp;<\/p>\n","protected":false},"featured_media":10946,"template":"","meta":{"_acf_changed":false},"product_brand":[],"product_cat":[237],"product_tag":[703,704,641,687,702],"class_list":{"0":"post-8121","1":"product","2":"type-product","3":"status-publish","4":"has-post-thumbnail","6":"product_cat-dc-dc-convertidores","7":"product_tag-50w-es","8":"product_tag-60w-es","9":"product_tag-dc-dc-converters-es","10":"product_tag-ferroviario","11":"product_tag-inversores-industriales","13":"first","14":"instock","15":"product-type-simple"},"acf":[],"_links":{"self":[{"href":"https:\/\/premiumpsu.com\/es\/wp-json\/wp\/v2\/product\/8121","targetHints":{"allow":["GET"]}}],"collection":[{"href":"https:\/\/premiumpsu.com\/es\/wp-json\/wp\/v2\/product"}],"about":[{"href":"https:\/\/premiumpsu.com\/es\/wp-json\/wp\/v2\/types\/product"}],"wp:featuredmedia":[{"embeddable":true,"href":"https:\/\/premiumpsu.com\/es\/wp-json\/wp\/v2\/media\/10946"}],"wp:attachment":[{"href":"https:\/\/premiumpsu.com\/es\/wp-json\/wp\/v2\/media?parent=8121"}],"wp:term":[{"taxonomy":"product_brand","embeddable":true,"href":"https:\/\/premiumpsu.com\/es\/wp-json\/wp\/v2\/product_brand?post=8121"},{"taxonomy":"product_cat","embeddable":true,"href":"https:\/\/premiumpsu.com\/es\/wp-json\/wp\/v2\/product_cat?post=8121"},{"taxonomy":"product_tag","embeddable":true,"href":"https:\/\/premiumpsu.com\/es\/wp-json\/wp\/v2\/product_tag?post=8121"}],"curies":[{"name":"wp","href":"https:\/\/api.w.org\/{rel}","templated":true}]}}