{"id":8119,"date":"2022-01-19T14:49:08","date_gmt":"2022-01-19T13:49:08","guid":{"rendered":"https:\/\/premiumpsu.com\/?post_type=product&#038;p=8119"},"modified":"2025-09-29T12:47:49","modified_gmt":"2025-09-29T10:47:49","slug":"convertidor-dc-dc-ferroviario-industrial-10kw-potencia-cbs10k","status":"publish","type":"product","link":"https:\/\/premiumpsu.com\/es\/producto\/convertidor-dc-dc-ferroviario-industrial-10kw-potencia-cbs10k\/","title":{"rendered":"Convertidor DC\/DC 10kW potencia pico CBS-10K"},"content":{"rendered":"","protected":false},"excerpt":{"rendered":"<p><strong>El CBS-10K de Premium PSU es un convertidor DC\/DC de una sola salida ofrece una potencia de pico m\u00e1xima de hasta 10kW durante 40 segundos. <\/strong>Con m\u00faltiples combinaciones de voltaje de entrada\/salida, lo convierte en la opci\u00f3n perfecta para una amplia gama de aplicaciones que requieren una conversi\u00f3n de alta potencia en un dise\u00f1o compacto y ligero.<\/p>\n<p><a href=\"#tab-vision-rapida\">M\u00e1s informaci\u00f3n<\/a><\/p>\n<p>&nbsp;<\/p>\n","protected":false},"featured_media":14521,"template":"","meta":{"_acf_changed":false},"product_brand":[],"product_cat":[237],"product_tag":[703,704,641,687,702],"class_list":{"0":"post-8119","1":"product","2":"type-product","3":"status-publish","4":"has-post-thumbnail","6":"product_cat-dc-dc-convertidores","7":"product_tag-50w-es","8":"product_tag-60w-es","9":"product_tag-dc-dc-converters-es","10":"product_tag-ferroviario","11":"product_tag-inversores-industriales","13":"first","14":"instock","15":"product-type-simple"},"acf":[],"_links":{"self":[{"href":"https:\/\/premiumpsu.com\/es\/wp-json\/wp\/v2\/product\/8119","targetHints":{"allow":["GET"]}}],"collection":[{"href":"https:\/\/premiumpsu.com\/es\/wp-json\/wp\/v2\/product"}],"about":[{"href":"https:\/\/premiumpsu.com\/es\/wp-json\/wp\/v2\/types\/product"}],"wp:featuredmedia":[{"embeddable":true,"href":"https:\/\/premiumpsu.com\/es\/wp-json\/wp\/v2\/media\/14521"}],"wp:attachment":[{"href":"https:\/\/premiumpsu.com\/es\/wp-json\/wp\/v2\/media?parent=8119"}],"wp:term":[{"taxonomy":"product_brand","embeddable":true,"href":"https:\/\/premiumpsu.com\/es\/wp-json\/wp\/v2\/product_brand?post=8119"},{"taxonomy":"product_cat","embeddable":true,"href":"https:\/\/premiumpsu.com\/es\/wp-json\/wp\/v2\/product_cat?post=8119"},{"taxonomy":"product_tag","embeddable":true,"href":"https:\/\/premiumpsu.com\/es\/wp-json\/wp\/v2\/product_tag?post=8119"}],"curies":[{"name":"wp","href":"https:\/\/api.w.org\/{rel}","templated":true}]}}