{"id":6826,"date":"2021-07-23T13:23:24","date_gmt":"2021-07-23T11:23:23","guid":{"rendered":"https:\/\/premiumpsu.com\/?post_type=product&#038;p=6826"},"modified":"2024-04-10T15:18:25","modified_gmt":"2024-04-10T13:18:25","slug":"convertidores-dc-dc-ferroviarios-120w-con-alto-rango-de-entrada-cls-120","status":"publish","type":"product","link":"https:\/\/premiumpsu.com\/es\/producto\/convertidores-dc-dc-ferroviarios-120w-con-alto-rango-de-entrada-cls-120\/","title":{"rendered":"Convertidores DC\/DC Ferroviarios 120W con amplio rango de entrada"},"content":{"rendered":"","protected":false},"excerpt":{"rendered":"<p>La nueva serie de <strong>convertidores DC\/DC CLS-120<\/strong> es la soluci\u00f3n perfecta para aplicaciones industriales y ferroviarias que requieren operar con voltajes de bater\u00eda entre 14,4 y 154 V DC. Esta soluci\u00f3n \u201ctodo en uno\u201d es la opci\u00f3n ideal para facilitar el proceso de gesti\u00f3n de compras y stock.<\/p>\n<h2>PRINCIPALES CARACTER\u00cdSTICAS<\/h2>\n<ul>\n<li>Alto aislamiento de entrada-salida<\/li>\n<li>Amplio rango de voltaje de entrada: 14,4\u2026 154Vin<\/li>\n<li>Voltaje de salida: 12V, 24V y 48V<\/li>\n<li>Opciones disponibles: Oring integrado y detecci\u00f3n remota<\/li>\n<li>Temperatura de funcionamiento hasta 85\u00baC (OT6 con reducci\u00f3n)<\/li>\n<li>Dise\u00f1ado seg\u00fan EN50155 (Clase S2: tiempo de espera 10ms)<\/li>\n<li>Aprobado por EN45545-2<\/li>\n<li>Sin ventilador &#8211; refrigerado por convecci\u00f3n<\/li>\n<li>Revestimiento de conformaci\u00f3n<\/li>\n<li>F\u00e1cil instalaci\u00f3n: montaje en pared\/cuadro, carril DIN, montaje en rack<\/li>\n<\/ul>\n<p>&nbsp;<\/p>\n<p>\u00bfBuscas un CLS-120 con alguna variaci\u00f3n t\u00e9cnica? <a href=\"https:\/\/premiumpsu.com\/contact\/\" target=\"_blank\" rel=\"noopener\"><strong>\u00a1Cu\u00e9ntanos tu reto y desde ahora lo haremos nuestro!<\/strong><\/a><\/p>\n<h2>Garant\u00eda de producto<\/h2>\n<p><strong>5 a\u00f1os para versi\u00f3n ferroviaria<\/strong><\/p>\n","protected":false},"featured_media":6833,"template":"","meta":{"_acf_changed":false},"product_brand":[],"product_cat":[237],"product_tag":[703,704,641,687,702],"class_list":{"0":"post-6826","1":"product","2":"type-product","3":"status-publish","4":"has-post-thumbnail","6":"product_cat-dc-dc-convertidores","7":"product_tag-50w-es","8":"product_tag-60w-es","9":"product_tag-dc-dc-converters-es","10":"product_tag-ferroviario","11":"product_tag-inversores-industriales","13":"first","14":"instock","15":"product-type-simple"},"acf":[],"_links":{"self":[{"href":"https:\/\/premiumpsu.com\/es\/wp-json\/wp\/v2\/product\/6826","targetHints":{"allow":["GET"]}}],"collection":[{"href":"https:\/\/premiumpsu.com\/es\/wp-json\/wp\/v2\/product"}],"about":[{"href":"https:\/\/premiumpsu.com\/es\/wp-json\/wp\/v2\/types\/product"}],"wp:featuredmedia":[{"embeddable":true,"href":"https:\/\/premiumpsu.com\/es\/wp-json\/wp\/v2\/media\/6833"}],"wp:attachment":[{"href":"https:\/\/premiumpsu.com\/es\/wp-json\/wp\/v2\/media?parent=6826"}],"wp:term":[{"taxonomy":"product_brand","embeddable":true,"href":"https:\/\/premiumpsu.com\/es\/wp-json\/wp\/v2\/product_brand?post=6826"},{"taxonomy":"product_cat","embeddable":true,"href":"https:\/\/premiumpsu.com\/es\/wp-json\/wp\/v2\/product_cat?post=6826"},{"taxonomy":"product_tag","embeddable":true,"href":"https:\/\/premiumpsu.com\/es\/wp-json\/wp\/v2\/product_tag?post=6826"}],"curies":[{"name":"wp","href":"https:\/\/api.w.org\/{rel}","templated":true}]}}