{"id":6194,"date":"2021-03-22T15:18:56","date_gmt":"2021-03-22T14:18:56","guid":{"rendered":"https:\/\/premiumpsu.com\/?post_type=product&#038;p=6194"},"modified":"2023-01-24T11:08:58","modified_gmt":"2023-01-24T10:08:58","slug":"onduladores-dc-ac-260va-proteccion-ip66","status":"publish","type":"product","link":"https:\/\/premiumpsu.com\/es\/producto\/onduladores-dc-ac-260va-proteccion-ip66\/","title":{"rendered":"Onduladores DC\/AC 260VA protecci\u00f3n IP66"},"content":{"rendered":"","protected":false},"excerpt":{"rendered":"<p>La serie <strong>OPS-260 son inversores DC\/AC<\/strong> de onda sinusoidal de 120Vac o 230Vac de tensi\u00f3n de salida. La frecuencia se puede seleccionar a 50 Hz o 60 Hz, y la entrada y la salida est\u00e1n <strong>aisladas galv\u00e1nicamente.<\/strong><\/p>\n<p>Los <strong>inversores OPS-260<\/strong> constan de dos convertidores en cascada, uno DC\/DC que genera una tensi\u00f3n de salida intermedia a partir de la tensi\u00f3n de entrada; esa tensi\u00f3n intermedia se invierte para suministrar la tensi\u00f3n y la frecuencia de salida mediante un <strong>segundo convertidor DC\/AC.<\/strong><\/p>\n<p>La entrada est\u00e1 protegida contra la inversi\u00f3n de polaridad mediante un fusible y contra la subtensi\u00f3n mediante el <strong>apagado de la unidad. <\/strong>La salida tiene protecci\u00f3n de potencia media m\u00e1xima y corriente de pico m\u00e1xima. La unidad se apaga cuando se supera el l\u00edmite de la curva de funcionamiento durante m\u00e1s de un segundo. <strong>Cada 2 segundos despu\u00e9s del apagado, la unidad intenta reiniciar hasta 3 veces. Si la sobrecarga persiste, la unidad permanece apagada hasta una reconexi\u00f3n de entrada.<\/strong><\/p>\n<h2>Caracter\u00edsticas principales<\/h2>\n<ul>\n<li>Tensi\u00f3n de salida sinusoidal<\/li>\n<li>Frecuencia de salida 50-60Hz<\/li>\n<li>Refrigeraci\u00f3n por convecci\u00f3n<\/li>\n<li>Protecci\u00f3n IP66<\/li>\n<li>Alarma de fallo de salida<\/li>\n<li>Inhibici\u00f3n remota<\/li>\n<li>Alto aislamiento de entrada-salida 3000Vrms<\/li>\n<li>Versi\u00f3n ferroviaria EN50155<\/li>\n<li>Fuego y humo Aprobaci\u00f3n EN45545-2<\/li>\n<li>OCS-260 en el interior<\/li>\n<\/ul>\n<h2>Garant\u00eda de producto<\/h2>\n<p><strong>3 a\u00f1os para la versi\u00f3n industrial<\/strong><\/p>\n<p><strong>5 a\u00f1os para la versi\u00f3n ferroviaria<\/strong><\/p>\n","protected":false},"featured_media":14527,"template":"","meta":{"_acf_changed":false},"product_brand":[],"product_cat":[238],"product_tag":[],"class_list":{"0":"post-6194","1":"product","2":"type-product","3":"status-publish","4":"has-post-thumbnail","6":"product_cat-dc-ac-onduladores","8":"first","9":"instock","10":"shipping-taxable","11":"product-type-simple"},"acf":[],"_links":{"self":[{"href":"https:\/\/premiumpsu.com\/es\/wp-json\/wp\/v2\/product\/6194","targetHints":{"allow":["GET"]}}],"collection":[{"href":"https:\/\/premiumpsu.com\/es\/wp-json\/wp\/v2\/product"}],"about":[{"href":"https:\/\/premiumpsu.com\/es\/wp-json\/wp\/v2\/types\/product"}],"wp:featuredmedia":[{"embeddable":true,"href":"https:\/\/premiumpsu.com\/es\/wp-json\/wp\/v2\/media\/14527"}],"wp:attachment":[{"href":"https:\/\/premiumpsu.com\/es\/wp-json\/wp\/v2\/media?parent=6194"}],"wp:term":[{"taxonomy":"product_brand","embeddable":true,"href":"https:\/\/premiumpsu.com\/es\/wp-json\/wp\/v2\/product_brand?post=6194"},{"taxonomy":"product_cat","embeddable":true,"href":"https:\/\/premiumpsu.com\/es\/wp-json\/wp\/v2\/product_cat?post=6194"},{"taxonomy":"product_tag","embeddable":true,"href":"https:\/\/premiumpsu.com\/es\/wp-json\/wp\/v2\/product_tag?post=6194"}],"curies":[{"name":"wp","href":"https:\/\/api.w.org\/{rel}","templated":true}]}}