{"id":5549,"date":"2020-10-13T10:04:28","date_gmt":"2020-10-22T06:57:22","guid":{"rendered":"https:\/\/premiumpsu.com\/?post_type=product&#038;p=5549"},"modified":"2025-03-07T12:32:34","modified_gmt":"2025-03-07T11:32:34","slug":"sistema-de-alimentacion-ininterrumpida-dc-500w-eds-500","status":"publish","type":"product","link":"https:\/\/premiumpsu.com\/es\/producto\/sistema-de-alimentacion-ininterrumpida-dc-500w-eds-500\/","title":{"rendered":"SAI DC 500W potencia garantizada durante cortes inesperados"},"content":{"rendered":"","protected":false},"excerpt":{"rendered":"<p>El\u00a0<strong>EDS-500 es un cargador de bater\u00eda de 500W<\/strong>\u00a0que permite alimentar cargas DC a trav\u00e9s de las bater\u00edas del cargador incluso habiendo un corte de la red AC. Esta serie de SAIs es perfecta para cargar bater\u00edas de\u00a0<strong>plomo-\u00e1cido de 12V, 24V y 48V\u00a0<\/strong>e incluye corte de bater\u00eda interna cuando la bater\u00eda est\u00e1 baja. Otros tipos de bater\u00edas disponibles bajo petici\u00f3n.<\/p>\n<p>El EDS-500 funciona con entrada universal (110-230Vac) y est\u00e1 disponible en diferentes combinaciones de salida. Esta serie de UPS ha sido dise\u00f1ada para funcionar en aplicaciones como\u00a0<strong>industria 4.0, Internet de las cosas y redes inteligentes<\/strong>, y se presenta en un dise\u00f1o muy\u00a0<strong>compacto\u00a0<\/strong>al tiempo que ofrece una soluci\u00f3n\u00a0<strong>fiable y eficiente<\/strong>\u00a0para minimizar la p\u00e9rdida de energ\u00eda en una carcasa robusta.<\/p>\n<p>\u00bfBuscas un EDS-500 con alguna variaci\u00f3n t\u00e9cnica?\u00a0<a href=\"https:\/\/premiumpsu.com\/contact\/\" target=\"_blank\" rel=\"noopener\"><strong>\u00a1Cu\u00e9ntanos tu reto y desde ahora lo haremos nuestro!<\/strong><\/a><\/p>\n<h2><strong>Garant\u00eda de producto\u00a0<\/strong><\/h2>\n<p><strong>3 a\u00f1os <\/strong><\/p>\n","protected":false},"featured_media":5548,"template":"","meta":{"_acf_changed":false},"product_brand":[],"product_cat":[232,236],"product_tag":[715,696,695],"class_list":{"0":"post-5549","1":"product","2":"type-product","3":"status-publish","4":"has-post-thumbnail","6":"product_cat-ac-dc-cargadores-de-baterias","7":"product_cat-ac-dc-sai","8":"product_tag-500w-es","9":"product_tag-ac-dc-ups-es","10":"product_tag-cargador-baterias-ac-dc","12":"first","13":"instock","14":"featured","15":"shipping-taxable","16":"product-type-simple"},"acf":[],"_links":{"self":[{"href":"https:\/\/premiumpsu.com\/es\/wp-json\/wp\/v2\/product\/5549","targetHints":{"allow":["GET"]}}],"collection":[{"href":"https:\/\/premiumpsu.com\/es\/wp-json\/wp\/v2\/product"}],"about":[{"href":"https:\/\/premiumpsu.com\/es\/wp-json\/wp\/v2\/types\/product"}],"wp:featuredmedia":[{"embeddable":true,"href":"https:\/\/premiumpsu.com\/es\/wp-json\/wp\/v2\/media\/5548"}],"wp:attachment":[{"href":"https:\/\/premiumpsu.com\/es\/wp-json\/wp\/v2\/media?parent=5549"}],"wp:term":[{"taxonomy":"product_brand","embeddable":true,"href":"https:\/\/premiumpsu.com\/es\/wp-json\/wp\/v2\/product_brand?post=5549"},{"taxonomy":"product_cat","embeddable":true,"href":"https:\/\/premiumpsu.com\/es\/wp-json\/wp\/v2\/product_cat?post=5549"},{"taxonomy":"product_tag","embeddable":true,"href":"https:\/\/premiumpsu.com\/es\/wp-json\/wp\/v2\/product_tag?post=5549"}],"curies":[{"name":"wp","href":"https:\/\/api.w.org\/{rel}","templated":true}]}}