{"id":5174,"date":"2020-07-03T13:43:02","date_gmt":"2020-07-03T11:43:02","guid":{"rendered":"https:\/\/premiumpsu.com\/?post_type=product&#038;p=5174"},"modified":"2024-04-10T15:20:41","modified_gmt":"2024-04-10T13:20:41","slug":"cvs-280-arrancador-bateria-dc-dc-ferroviario-280w-cvs-280","status":"publish","type":"product","link":"https:\/\/premiumpsu.com\/es\/producto\/cvs-280-arrancador-bateria-dc-dc-ferroviario-280w-cvs-280\/","title":{"rendered":"CVS-280 Convertidor DC\/DC 280W (600\/750VIN)"},"content":{"rendered":"","protected":false},"excerpt":{"rendered":"<p>Evitar los retrasos relacionados con las dificultades en el encendido de trenes ligeros y tranv\u00edas es una de las soluciones m\u00e1s demandadas por los operadores ferroviarios, quienes no quieren encontrarse con sorpresas al arrancar los veh\u00edculos por la ma\u00f1ana. El <strong>CVS-280 es un DC\/DC de 280W<\/strong> (400W pico) que permite <strong>obtener energ\u00eda directamente de la catenaria<\/strong> o del contacto de la l\u00ednea para arrancar el veh\u00edculo. Soporta picos de sobretensi\u00f3n de 4,5kV e incluye un filtro activo de sobretensi\u00f3n, lo que da como resultado un dispositivo compacto y fiable dise\u00f1ado para cumplir con las normas ferroviarias.<\/p>\n<p>Para cubrir diferentes necesidades, disponemos de 4 modelos del <strong>CVS-280<\/strong>, con diferentes combinaciones de entrada-salida. Todos ellos est\u00e1n dise\u00f1ados para manejar 600 o 750V y ofrecen una amplia variedad de combinaciones de entrada-salida. Los CVS-280 tienen un dise\u00f1o robusto y compacto con carcasa de aluminio anodizado, la refrigeraci\u00f3n se produce por convecci\u00f3n natural y la temperatura de funcionamiento puede alcanzar hasta 85\u00baC.<\/p>\n<p>\u00bfBuscas un CVS-280 con alguna variaci\u00f3n t\u00e9cnica?\u00a0<a href=\"https:\/\/premiumpsu.com\/contact\/\"><strong>\u00a1Cu\u00e9ntanos tu reto y desde ahora lo haremos nuestro!<\/strong><\/a><\/p>\n<h2><strong>Garant\u00eda de producto\u00a0<\/strong><\/h2>\n<p><strong>5 a\u00f1os<\/strong><\/p>\n","protected":false},"featured_media":14507,"template":"","meta":{"_acf_changed":false},"product_brand":[],"product_cat":[237],"product_tag":[640,641,642,643],"class_list":{"0":"post-5174","1":"product","2":"type-product","3":"status-publish","4":"has-post-thumbnail","6":"product_cat-dc-dc-convertidores","7":"product_tag-280w-es","8":"product_tag-dc-dc-converters-es","9":"product_tag-low-battery-voltage-starterter-es","10":"product_tag-railway-starter-es","12":"first","13":"instock","14":"featured","15":"shipping-taxable","16":"product-type-simple"},"acf":[],"_links":{"self":[{"href":"https:\/\/premiumpsu.com\/es\/wp-json\/wp\/v2\/product\/5174","targetHints":{"allow":["GET"]}}],"collection":[{"href":"https:\/\/premiumpsu.com\/es\/wp-json\/wp\/v2\/product"}],"about":[{"href":"https:\/\/premiumpsu.com\/es\/wp-json\/wp\/v2\/types\/product"}],"wp:featuredmedia":[{"embeddable":true,"href":"https:\/\/premiumpsu.com\/es\/wp-json\/wp\/v2\/media\/14507"}],"wp:attachment":[{"href":"https:\/\/premiumpsu.com\/es\/wp-json\/wp\/v2\/media?parent=5174"}],"wp:term":[{"taxonomy":"product_brand","embeddable":true,"href":"https:\/\/premiumpsu.com\/es\/wp-json\/wp\/v2\/product_brand?post=5174"},{"taxonomy":"product_cat","embeddable":true,"href":"https:\/\/premiumpsu.com\/es\/wp-json\/wp\/v2\/product_cat?post=5174"},{"taxonomy":"product_tag","embeddable":true,"href":"https:\/\/premiumpsu.com\/es\/wp-json\/wp\/v2\/product_tag?post=5174"}],"curies":[{"name":"wp","href":"https:\/\/api.w.org\/{rel}","templated":true}]}}