{"id":21904,"date":"2026-04-13T12:37:05","date_gmt":"2026-04-13T10:37:05","guid":{"rendered":"https:\/\/premiumpsu.com\/?post_type=product&#038;p=21904"},"modified":"2026-04-13T12:50:15","modified_gmt":"2026-04-13T10:50:15","slug":"es-producto-dps-120-fuente-alimentacion-monofasica-carril-din","status":"publish","type":"product","link":"https:\/\/premiumpsu.com\/es\/producto\/es-producto-dps-120-fuente-alimentacion-monofasica-carril-din\/","title":{"rendered":"Fuente monof\u00e1sica carril DIN 120W"},"content":{"rendered":"","protected":false},"excerpt":{"rendered":"<p class=\"font-claude-response-body break-words whitespace-normal leading-[1.7]\">El <strong>DPS-120<\/strong> es una fuente de alimentaci\u00f3n de alta fiabilidad con entrada monof\u00e1sica de CA para carril DIN que proporciona hasta 120 W a 12 VDC, 24 VDC o 48 VDC en un formato ultracompacto de solo 100 \u00d7 112 mm con una anchura de 28 mm \u2014 la fuente en carril DIN de 120 W m\u00e1s slim del mercado, alcanzando una densidad de potencia de hasta 500 W\/litro. Conforme a IEC\/EN\/UL 61010-1, IEC\/EN\/UL\/CSA 61010-2-201 y las normas EMC industriales pesadas IEC\/EN 61000-6-3 Clase B e IEC\/EN 61000-6-2, est\u00e1 dise\u00f1ada para aplicaciones de automatizaci\u00f3n industrial en entornos exigentes con inmunidad a tensi\u00f3n inversa extendida para un funcionamiento seguro con cargas regenerativas como motores en deceleraci\u00f3n e inductores.<\/p>\n<p class=\"font-claude-response-body break-words whitespace-normal leading-[1.7]\">El DPS-120 acepta un amplio <strong>rango de entrada monof\u00e1sico de 85\u2013277 VAC<\/strong> (47\u201363 Hz) y entrada DC de 88 a 370 VDC, y est\u00e1 disponible en tres versiones de salida: 12 VDC (ajustable 12\u201315 V, 8 A, 96 W nominales), 24 VDC (ajustable 24\u201328 V, 5 A, 120 W nominales) y 48 VDC (ajustable 48\u201356 V, 2,5 A, 120 W nominales). Proporciona la potencia nominal completa en todo el rango de temperatura de -40 \u00b0C a +60 \u00b0C \u00fanicamente con convecci\u00f3n natural. El <strong>Thermal Power Bonus de hasta 144 W a 45 \u00b0C<\/strong> y el <strong>power boost del 150% durante 5 s<\/strong> lo hacen id\u00f3neo para cargas altamente inductivas o capacitivas, con una eficiencia de hasta el 93,3% y un consumo en vac\u00edo excepcionalmente reducido de tan solo 0,2\u20130,3 W.<\/p>\n<p class=\"font-claude-response-body break-words whitespace-normal leading-[1.7]\">El DPS-120 incorpora un dise\u00f1o slim con <strong>conectores push-in inclinados 25\u00b0<\/strong> para una instalaci\u00f3n y sustituci\u00f3n r\u00e1pida y sin herramientas en carril DIN est\u00e1ndar TS35 (EN 60715). El contacto de se\u00f1al DC-OK, la tensi\u00f3n de salida ajustable mediante potenci\u00f3metro integrado y una extraordinaria expectativa de vida de 231.000 h a 40 \u00b0C \/ 75% de carga \u2014 equivalente a m\u00e1s de 15 a\u00f1os de funcionamiento \u2014 completan un producto dise\u00f1ado para garantizar la m\u00e1xima disponibilidad en los armarios industriales con mayor restricci\u00f3n de espacio. Compatible con operaci\u00f3n redundante 1+1 o paralela 1+n mediante el m\u00f3dulo RDM-40.<\/p>\n<p><strong>KEY FEATURES:<\/strong><\/p>\n<ul>\n<li class=\"whitespace-normal break-words pl-2\">La fuente en carril DIN de 120W m\u00e1s slim del mercado: solo 28 mm de ancho con densidad de potencia de 500 W\/litro y conectores push-in a 25\u00b0 sin herramientas.<\/li>\n<li class=\"whitespace-normal break-words pl-2\">Disponible en versiones 12 VDC (8 A), 24 VDC (5 A) y 48 VDC (2,5 A); salida ajustable por potenci\u00f3metro; potencia completa de -40 \u00b0C a +60 \u00b0C.<\/li>\n<li class=\"whitespace-normal break-words pl-2\">Entrada universal 85\u2013277 VAC monof\u00e1sica y entrada DC 88\u2013370 VDC; eficiencia hasta 93,3% y consumo en vac\u00edo de tan solo 0,2 W.<\/li>\n<li class=\"whitespace-normal break-words pl-2\">Thermal Power Bonus hasta 144 W a 45 \u00b0C y power boost 150% durante 5 s para arranques de cargas inductivas y capacitivas.<\/li>\n<li class=\"whitespace-normal break-words pl-2\">Contacto DC-OK, expectativa de vida 231.000 h a 40 \u00b0C \/ 75% de carga y compatibilidad con operaci\u00f3n redundante 1+1 mediante m\u00f3dulo RDM-40.<\/li>\n<\/ul>\n<p><strong>\u00a0<\/strong><\/p>\n<p><strong>Product warranty<\/strong><\/p>\n<p>2 years<\/p>\n","protected":false},"featured_media":21903,"template":"","meta":{"_acf_changed":false},"product_brand":[],"product_cat":[1014],"product_tag":[],"class_list":{"0":"post-21904","1":"product","2":"type-product","3":"status-publish","4":"has-post-thumbnail","6":"product_cat-din-rail","8":"first","9":"instock","10":"shipping-taxable","11":"product-type-simple"},"acf":[],"_links":{"self":[{"href":"https:\/\/premiumpsu.com\/es\/wp-json\/wp\/v2\/product\/21904","targetHints":{"allow":["GET"]}}],"collection":[{"href":"https:\/\/premiumpsu.com\/es\/wp-json\/wp\/v2\/product"}],"about":[{"href":"https:\/\/premiumpsu.com\/es\/wp-json\/wp\/v2\/types\/product"}],"wp:featuredmedia":[{"embeddable":true,"href":"https:\/\/premiumpsu.com\/es\/wp-json\/wp\/v2\/media\/21903"}],"wp:attachment":[{"href":"https:\/\/premiumpsu.com\/es\/wp-json\/wp\/v2\/media?parent=21904"}],"wp:term":[{"taxonomy":"product_brand","embeddable":true,"href":"https:\/\/premiumpsu.com\/es\/wp-json\/wp\/v2\/product_brand?post=21904"},{"taxonomy":"product_cat","embeddable":true,"href":"https:\/\/premiumpsu.com\/es\/wp-json\/wp\/v2\/product_cat?post=21904"},{"taxonomy":"product_tag","embeddable":true,"href":"https:\/\/premiumpsu.com\/es\/wp-json\/wp\/v2\/product_tag?post=21904"}],"curies":[{"name":"wp","href":"https:\/\/api.w.org\/{rel}","templated":true}]}}