{"id":21035,"date":"2025-11-25T09:03:37","date_gmt":"2025-11-25T08:03:37","guid":{"rendered":"https:\/\/premiumpsu.com\/product\/railway-500w-dc-dc-converters-with-ultra-wide-input-range\/"},"modified":"2025-12-01T12:12:48","modified_gmt":"2025-12-01T11:12:48","slug":"cls-500-convertidores-dc-dc-ferroviarios-500w-con-rango-de-entrada-amplio","status":"publish","type":"product","link":"https:\/\/premiumpsu.com\/es\/producto\/cls-500-convertidores-dc-dc-ferroviarios-500w-con-rango-de-entrada-amplio\/","title":{"rendered":"Convertidor DC\/DC Ferroviario 500W con rango de entrada amplio"},"content":{"rendered":"","protected":false},"excerpt":{"rendered":"<p>El <strong>CLS-500<\/strong> es un convertidor DC\/DC ferroviario 500W dise\u00f1ado para aplicaciones ferroviarias que requieren m\u00e1xima fiabilidad y rendimiento. Incorpora un amplio rango de entrada de 50,4\u2026137,5 Vdc (3:1), permitiendo cubrir en un \u00fanico equipo los perfiles de bater\u00eda de 72 V y 110 V conforme a EN50155.<\/p>\n<p><strong>Proporciona una salida aislada y regulada de 24 Vdc<\/strong>, con <strong>capacidad de pico del 10 %<\/strong> para cargas din\u00e1micas y una <strong>eficiencia t\u00edpica del 95 %.<\/strong> El equipo ofrece <strong>aislamiento reforzado hasta 5 kVdc<\/strong>, garantizando un funcionamiento seguro incluso en entornos el\u00e9ctricos exigentes.<\/p>\n<p>Gracias a su base plate y dise\u00f1o t\u00e9rmico robusto, el CLS-500 <strong>permite operaci\u00f3n sin derating hasta +70 \u00baC<\/strong> y <strong>soporta picos de +85 \u00baC durante 15 minutos<\/strong>, cumpliendo las clases <strong>OT4 + ST1\/ST2<\/strong>. Esto asegura un rendimiento estable incluso ante variaciones t\u00e9rmicas severas.<\/p>\n<p>El convertidor incluye <strong>protecci\u00f3n activa contra polaridad inversa, limitaci\u00f3n de corriente de irrupci\u00f3n (inrush), remote on\/off, rel\u00e9 DC-OK<\/strong> y capacidad de <strong>operaci\u00f3n en paralelo o en sistemas redundantes<\/strong>, facilitando una integraci\u00f3n flexible y segura en m\u00faltiples arquitecturas de alimentaci\u00f3n.<\/p>\n<p>El CLS-500 cumple con las principales normativas ferroviarias: <strong>EN50155, EN45545-2 y EN50121-3-2<\/strong>, garantizando fiabilidad en entornos de vibraci\u00f3n, humedad y condiciones el\u00e9ctricas propias del material rodante.<\/p>\n<p><strong>PRINCIPALES CARACTER\u00cdSTICAS:<\/strong><\/p>\n<ul>\n<li>Rango de voltaje de entrada amplio: 50.4\u2026137.5 Vdc<\/li>\n<li>Potencia completa de -40\u00baC hasta +85 \u00b0C sin disipador (aplicaciones de clase OT4 + ST1 &amp; ST2).<\/li>\n<li>Salida ajustable (19,2\u201325,2 VDC) para largas distancias de cableado o carga de bater\u00edas.<\/li>\n<li>Tiempo de mantenimiento de 10 ms.<\/li>\n<li>Control remoto ON\/OFF.<\/li>\n<li>Diodo OR-ing integrado (funcionamiento en paralelo o redundante).<\/li>\n<li>Capacidad de potencia pico del 10% durante 10 s.<\/li>\n<li>Cumplimiento de la normativa EN50155, sin necesidad de circuitos externos.<\/li>\n<\/ul>\n<p>&nbsp;<\/p>\n<p><strong>Garant\u00eda<\/strong><\/p>\n<p>2 a\u00f1os<\/p>\n","protected":false},"featured_media":20959,"template":"","meta":{"_acf_changed":false},"product_brand":[],"product_cat":[237],"product_tag":[],"class_list":{"0":"post-21035","1":"product","2":"type-product","3":"status-publish","4":"has-post-thumbnail","6":"product_cat-dc-dc-convertidores","8":"first","9":"instock","10":"shipping-taxable","11":"product-type-simple"},"acf":[],"_links":{"self":[{"href":"https:\/\/premiumpsu.com\/es\/wp-json\/wp\/v2\/product\/21035","targetHints":{"allow":["GET"]}}],"collection":[{"href":"https:\/\/premiumpsu.com\/es\/wp-json\/wp\/v2\/product"}],"about":[{"href":"https:\/\/premiumpsu.com\/es\/wp-json\/wp\/v2\/types\/product"}],"wp:featuredmedia":[{"embeddable":true,"href":"https:\/\/premiumpsu.com\/es\/wp-json\/wp\/v2\/media\/20959"}],"wp:attachment":[{"href":"https:\/\/premiumpsu.com\/es\/wp-json\/wp\/v2\/media?parent=21035"}],"wp:term":[{"taxonomy":"product_brand","embeddable":true,"href":"https:\/\/premiumpsu.com\/es\/wp-json\/wp\/v2\/product_brand?post=21035"},{"taxonomy":"product_cat","embeddable":true,"href":"https:\/\/premiumpsu.com\/es\/wp-json\/wp\/v2\/product_cat?post=21035"},{"taxonomy":"product_tag","embeddable":true,"href":"https:\/\/premiumpsu.com\/es\/wp-json\/wp\/v2\/product_tag?post=21035"}],"curies":[{"name":"wp","href":"https:\/\/api.w.org\/{rel}","templated":true}]}}