{"id":20965,"date":"2025-11-13T10:39:08","date_gmt":"2025-11-13T09:39:08","guid":{"rendered":"https:\/\/premiumpsu.com\/product\/cls-300-railway-300w-dc-dc-converters-with-ultra-wide-input-range\/"},"modified":"2025-12-01T12:05:12","modified_gmt":"2025-12-01T11:05:12","slug":"cls-300-convertidores-dc-dc-ferroviarios-300w-con-rango-de-entrada-ultra-amplio","status":"publish","type":"product","link":"https:\/\/premiumpsu.com\/es\/producto\/cls-300-convertidores-dc-dc-ferroviarios-300w-con-rango-de-entrada-ultra-amplio\/","title":{"rendered":"Convertidores DC\/DC Ferroviarios 300W con rango de entrada ultra-amplio"},"content":{"rendered":"","protected":false},"excerpt":{"rendered":"<p>La <strong>serie de convertidores DC\/DC ferroviarios 300W CLS-300<\/strong> est\u00e1 dise\u00f1ada para exigentes aplicaciones de transporte. Cuenta con un rango de entrada ultra-amplio de 12:1 (14\u20194 VDC a 170 VDC), ofreciendo una gran flexibilidad para su uso en diferentes aplicaciones con valores nominales de entrada de 24, 36, 48, 75 y 110 VDC. <strong>El CLS-300 est\u00e1 disponible con salidas reguladas de 24 VDC o 110 VDC.<\/strong><\/p>\n<p><strong>PRINCIPALES CARACTER\u00cdSTICAS:<\/strong><\/p>\n<ul>\n<li>Rango de voltaje de entrada ultraamplio: 14,4 \u2026 170 VDC.<\/li>\n<li>Alta eficiencia y m\u00ednima p\u00e9rdida de potencia.<\/li>\n<li>Potencia completa hasta +85 \u00b0C sin disipador.<\/li>\n<li>Protecci\u00f3n activa contra polaridad inversa y limitaci\u00f3n de corriente de irrupci\u00f3n.<\/li>\n<li>Salida ajustable para largas distancias de cableado o carga de bater\u00edas.<\/li>\n<li>Funcionamiento en paralelo o redundante.<\/li>\n<li>Capacidad de potencia pico del 10% durante 10 s.<\/li>\n<li>Cumplimiento de la normativa EN50155, sin necesidad de circuitos externos.<\/li>\n<\/ul>\n<p>&nbsp;<\/p>\n<p><strong>Garant\u00eda<\/strong><\/p>\n<p>2 a\u00f1os<\/p>\n","protected":false},"featured_media":20959,"template":"","meta":{"_acf_changed":false},"product_brand":[],"product_cat":[237],"product_tag":[],"class_list":{"0":"post-20965","1":"product","2":"type-product","3":"status-publish","4":"has-post-thumbnail","6":"product_cat-dc-dc-convertidores","8":"first","9":"instock","10":"shipping-taxable","11":"product-type-simple"},"acf":[],"_links":{"self":[{"href":"https:\/\/premiumpsu.com\/es\/wp-json\/wp\/v2\/product\/20965","targetHints":{"allow":["GET"]}}],"collection":[{"href":"https:\/\/premiumpsu.com\/es\/wp-json\/wp\/v2\/product"}],"about":[{"href":"https:\/\/premiumpsu.com\/es\/wp-json\/wp\/v2\/types\/product"}],"wp:featuredmedia":[{"embeddable":true,"href":"https:\/\/premiumpsu.com\/es\/wp-json\/wp\/v2\/media\/20959"}],"wp:attachment":[{"href":"https:\/\/premiumpsu.com\/es\/wp-json\/wp\/v2\/media?parent=20965"}],"wp:term":[{"taxonomy":"product_brand","embeddable":true,"href":"https:\/\/premiumpsu.com\/es\/wp-json\/wp\/v2\/product_brand?post=20965"},{"taxonomy":"product_cat","embeddable":true,"href":"https:\/\/premiumpsu.com\/es\/wp-json\/wp\/v2\/product_cat?post=20965"},{"taxonomy":"product_tag","embeddable":true,"href":"https:\/\/premiumpsu.com\/es\/wp-json\/wp\/v2\/product_tag?post=20965"}],"curies":[{"name":"wp","href":"https:\/\/api.w.org\/{rel}","templated":true}]}}