{"id":20946,"date":"2025-11-13T10:10:49","date_gmt":"2025-11-13T09:10:49","guid":{"rendered":"https:\/\/premiumpsu.com\/product\/edt-200-dc-ups-with-ethernet\/"},"modified":"2025-12-01T11:52:19","modified_gmt":"2025-12-01T10:52:19","slug":"edt-200-dc-ups-con-ethernet","status":"publish","type":"product","link":"https:\/\/premiumpsu.com\/es\/producto\/edt-200-dc-ups-con-ethernet\/","title":{"rendered":"SAI CC con Ethernet, para bater\u00edas LiFePO y plomo-\u00e1cido, 1 salida de 12V y 2 salidas de 48V"},"content":{"rendered":"","protected":false},"excerpt":{"rendered":"<p>El <strong>EDT-200 es un SAI CC con Ethernet de 200 W<\/strong> dise\u00f1ado para aplicaciones industriales que requieren m\u00e1xima fiabilidad. Permite alimentar equipos de maniobra y control mediante sus <strong>dos salidas independientes de 48 V y otra de 12V. <\/strong>\u00a0Adem\u00e1s, gestiona la <strong>carga de bater\u00edas de 12 V, <\/strong>tanto LiFePO como plomo-\u00e1cido, con un m\u00e9todo configurable a corriente constante, tensi\u00f3n constante y flotaci\u00f3n.<\/p>\n<p>Este modelo ofrece una monitorizaci\u00f3n local con 3 LEDs. Puede configurarse de manera remota, gracias a sus 2 puertos Ethernet, servidor web integrado y rel\u00e9s de alarma libres de potencial, que proporcionan un extra de protecci\u00f3n contra posibles fallos y garantizando un funcionamiento seguro incluso en condiciones exigentes. Tambi\u00e9n dispone de un puerto CAN para comunicaci\u00f3n con el BMS.<\/p>\n<p><strong>CARACTER\u00cdSTICAS PRINCIPALES<\/strong><\/p>\n<ul>\n<li>SAI para bater\u00edas de 12V.<\/li>\n<li>2 salidas de 48V independientes para maniobra y control.<\/li>\n<li>Monitorizaci\u00f3n local con 3 LEDs.<\/li>\n<li>Monitorizaci\u00f3n remota con 4 rel\u00e9s de alarma.<\/li>\n<li>Configuraci\u00f3n y monitorizaci\u00f3n remota con 2 puertos Ethernet.<\/li>\n<li>1 puerto CAN para comunicaci\u00f3n con BMS.<\/li>\n<li>Servidor web integrado.<\/li>\n<li>Conexi\u00f3n de bater\u00eda mediante rel\u00e9 de estado s\u00f3lido.<\/li>\n<li>Aislamiento entrada-salida de 2kVac.<\/li>\n<li>Temperatura operativa de -10 \u00baC a +60\u00baC.<\/li>\n<\/ul>\n<p><strong>Garant\u00eda<\/strong><\/p>\n<p>3 a\u00f1os<\/p>\n","protected":false},"featured_media":20942,"template":"","meta":{"_acf_changed":false},"product_brand":[],"product_cat":[232],"product_tag":[],"class_list":{"0":"post-20946","1":"product","2":"type-product","3":"status-publish","4":"has-post-thumbnail","6":"product_cat-ac-dc-cargadores-de-baterias","8":"first","9":"instock","10":"shipping-taxable","11":"product-type-simple"},"acf":[],"_links":{"self":[{"href":"https:\/\/premiumpsu.com\/es\/wp-json\/wp\/v2\/product\/20946","targetHints":{"allow":["GET"]}}],"collection":[{"href":"https:\/\/premiumpsu.com\/es\/wp-json\/wp\/v2\/product"}],"about":[{"href":"https:\/\/premiumpsu.com\/es\/wp-json\/wp\/v2\/types\/product"}],"wp:featuredmedia":[{"embeddable":true,"href":"https:\/\/premiumpsu.com\/es\/wp-json\/wp\/v2\/media\/20942"}],"wp:attachment":[{"href":"https:\/\/premiumpsu.com\/es\/wp-json\/wp\/v2\/media?parent=20946"}],"wp:term":[{"taxonomy":"product_brand","embeddable":true,"href":"https:\/\/premiumpsu.com\/es\/wp-json\/wp\/v2\/product_brand?post=20946"},{"taxonomy":"product_cat","embeddable":true,"href":"https:\/\/premiumpsu.com\/es\/wp-json\/wp\/v2\/product_cat?post=20946"},{"taxonomy":"product_tag","embeddable":true,"href":"https:\/\/premiumpsu.com\/es\/wp-json\/wp\/v2\/product_tag?post=20946"}],"curies":[{"name":"wp","href":"https:\/\/api.w.org\/{rel}","templated":true}]}}