{"id":20935,"date":"2025-11-13T09:42:22","date_gmt":"2025-11-13T08:42:22","guid":{"rendered":"https:\/\/premiumpsu.com\/?post_type=product&#038;p=20935"},"modified":"2025-12-01T11:48:27","modified_gmt":"2025-12-01T10:48:27","slug":"epd-500-dc-ups-with-ethernet","status":"publish","type":"product","link":"https:\/\/premiumpsu.com\/es\/producto\/epd-500-dc-ups-with-ethernet\/","title":{"rendered":"SAI CC con Ethernet, para bater\u00edas LiFePO y plomo-\u00e1cido, y 2 salidas aisladas 10kV entre s\u00ed"},"content":{"rendered":"","protected":false},"excerpt":{"rendered":"<p>El SAI CC con Ethernet EPD-500 de Premium PSU es un cargador-rectificador de 500 W (750W 10s) dise\u00f1ado para equipos industriales que exigen servicio continuo y fiable. Integra dos salidas <strong>aisladas entre s\u00ed (10 kV) de 48 V y gestiona la carga de bater\u00edas de 48 V<\/strong>, tanto LiFePO como plomo-\u00e1cido, hasta llevarlas a estado de flotaci\u00f3n. Tambi\u00e9n permite los m\u00e9todos de carga de corriente constante y tensi\u00f3n constante.<\/p>\n<p>El EDP-500 incorpora 4 rel\u00e9s de alarma, un puerto CAN para comunicaci\u00f3n con BMS, y dos puertos Ethernet para configuraci\u00f3n y monitorizaci\u00f3n local o remota y un servidor web integrado, siempre cumpliendo con los requisitos de ciberseguridad m\u00e1s exigentes. Tambi\u00e9n incorpora un procesador dual core de 64 bit, 1GB RAM y 4GB de almacenamiento.\u00a0 Este cargador permite realizar tests de bater\u00edas y monitorizar su temperatura, todo de manera remota, para as\u00ed garantizar en todo momento su estado \u00f3ptimo y el buen funcionamiento del sistema al que alimentan.<\/p>\n<p><strong>Caracter\u00edsticas principales<\/strong><\/p>\n<ul>\n<li>SAI para bater\u00edas de 48V.<\/li>\n<li>Aislamiento entrada-salida de 10kVac.<\/li>\n<li>2 salidas de 48V aisladas 10kV entre s\u00ed.<\/li>\n<li>Monitorizaci\u00f3n local con 3 LEDs.<\/li>\n<li>Monitorizaci\u00f3n remota con 4 rel\u00e9s de alarma libres de potencial.<\/li>\n<li>Configuraci\u00f3n y monitorizaci\u00f3n remota con 2 puertos Ethernet.<\/li>\n<li>1 puerto CAN para comunicaci\u00f3n con BMS.<\/li>\n<li>Servidor web integrado.<\/li>\n<li>Conexi\u00f3n de bater\u00eda mediante rel\u00e9 de estado s\u00f3lido.<\/li>\n<li>Temperatura operativa de -10 \u00baC a +60\u00baC.<\/li>\n<li>Equipo de clase II seg\u00fan IEC 62368-1:2020.<\/li>\n<\/ul>\n<p><strong>\u00a0<\/strong><\/p>\n<p><strong>\u00a0<\/strong><\/p>\n<p><strong>Garant\u00eda<\/strong><\/p>\n<p>3 a\u00f1os<\/p>\n","protected":false},"featured_media":20928,"template":"","meta":{"_acf_changed":false},"product_brand":[],"product_cat":[232],"product_tag":[],"class_list":{"0":"post-20935","1":"product","2":"type-product","3":"status-publish","4":"has-post-thumbnail","6":"product_cat-ac-dc-cargadores-de-baterias","8":"first","9":"instock","10":"shipping-taxable","11":"product-type-simple"},"acf":[],"_links":{"self":[{"href":"https:\/\/premiumpsu.com\/es\/wp-json\/wp\/v2\/product\/20935","targetHints":{"allow":["GET"]}}],"collection":[{"href":"https:\/\/premiumpsu.com\/es\/wp-json\/wp\/v2\/product"}],"about":[{"href":"https:\/\/premiumpsu.com\/es\/wp-json\/wp\/v2\/types\/product"}],"wp:featuredmedia":[{"embeddable":true,"href":"https:\/\/premiumpsu.com\/es\/wp-json\/wp\/v2\/media\/20928"}],"wp:attachment":[{"href":"https:\/\/premiumpsu.com\/es\/wp-json\/wp\/v2\/media?parent=20935"}],"wp:term":[{"taxonomy":"product_brand","embeddable":true,"href":"https:\/\/premiumpsu.com\/es\/wp-json\/wp\/v2\/product_brand?post=20935"},{"taxonomy":"product_cat","embeddable":true,"href":"https:\/\/premiumpsu.com\/es\/wp-json\/wp\/v2\/product_cat?post=20935"},{"taxonomy":"product_tag","embeddable":true,"href":"https:\/\/premiumpsu.com\/es\/wp-json\/wp\/v2\/product_tag?post=20935"}],"curies":[{"name":"wp","href":"https:\/\/api.w.org\/{rel}","templated":true}]}}