{"id":20653,"date":"2025-10-20T15:59:07","date_gmt":"2025-10-20T13:59:07","guid":{"rendered":"https:\/\/premiumpsu.com\/?post_type=product&#038;p=20653"},"modified":"2025-12-01T11:42:23","modified_gmt":"2025-12-01T10:42:23","slug":"convertidor-dc-dc-ferroviario-75w","status":"publish","type":"product","link":"https:\/\/premiumpsu.com\/es\/producto\/convertidor-dc-dc-ferroviario-75w\/","title":{"rendered":"Convertidor DC\/DC Ferroviario 75W"},"content":{"rendered":"","protected":false},"excerpt":{"rendered":"<p>El <b>convertidor DC\/DC modelo CLS-75 <\/b>ofrece un rendimiento excepcional en aplicaciones de transporte, especialmente en el sector ferroviario. Dise\u00f1ado con un rango de tensi\u00f3n de entrada de 11:1 (de 4\u20194 VDC a 154 VDC) para cubrir valores nominales de 24, 36, 48, 72 y 110 V, que le permite combinar m\u00faltiples tensiones de entrada en un \u00fanico modelo. Teniendo esto en cuenta, el CLS-75 cumple con todas las normativas de seguridad aplicables a ese mercado, como la norma EN50155, entre otras.<\/p>\n<p>El CLS-75 es un equipo <b>Plug&amp;Play:<\/b><span data-contrast=\"auto\"> listo para usar y configurar f\u00e1cilmente la tensi\u00f3n del hardware al que se conecta, aportando equilibrio a cada aplicaci\u00f3n sin necesidad de intervenci\u00f3n manual. Con un <\/span><b>aislamiento reforzado<\/b>, este sistema de conversi\u00f3n de potencia tambi\u00e9n destaca por sus <b>bajas p\u00e9rdidas energ\u00e9ticas y su excelente eficiencia. <\/b><\/p>\n<p><b><span data-contrast=\"auto\">PRINCIPALES CARACTER\u00cdSTICAS:<\/span><\/b><\/p>\n<ul>\n<li aria-setsize=\"-1\" data-leveltext=\"\uf0b7\" data-font=\"Symbol\" data-listid=\"6\" data-list-defn-props=\"{\" data-aria-posinset=\"16\" data-aria-level=\"1\"><span data-contrast=\"auto\">Temperatura operativa de \u201340 \u00baC a +85 \u00baC (aplicaciones de clase OT4 + ST1 &amp; ST2).<\/span><\/li>\n<li aria-setsize=\"-1\" data-leveltext=\"\uf0b7\" data-font=\"Symbol\" data-listid=\"6\" data-list-defn-props=\"{\" data-aria-posinset=\"16\" data-aria-level=\"1\"><span data-contrast=\"auto\">Capacidad de potencia pico del 20 % hasta 90 W durante 10 s. <\/span><\/li>\n<li aria-setsize=\"-1\" data-leveltext=\"\uf0b7\" data-font=\"Symbol\" data-listid=\"6\" data-list-defn-props=\"{\" data-aria-posinset=\"16\" data-aria-level=\"1\"><span data-contrast=\"auto\">Tiempo de retenci\u00f3n de 10 ms en todo el rango de entrada. <\/span><\/li>\n<li aria-setsize=\"-1\" data-leveltext=\"\uf0b7\" data-font=\"Symbol\" data-listid=\"6\" data-list-defn-props=\"{\" data-aria-posinset=\"16\" data-aria-level=\"1\"><span data-contrast=\"auto\">Protecci\u00f3n activa contra polaridad inversa.<\/span><\/li>\n<li aria-setsize=\"-1\" data-leveltext=\"\uf0b7\" data-font=\"Symbol\" data-listid=\"6\" data-list-defn-props=\"{\" data-aria-posinset=\"16\" data-aria-level=\"1\"><span data-contrast=\"auto\">Limitaci\u00f3n activa de corriente de irrupci\u00f3n (protecci\u00f3n de la red).<\/span><\/li>\n<li aria-setsize=\"-1\" data-leveltext=\"\uf0b7\" data-font=\"Symbol\" data-listid=\"6\" data-list-defn-props=\"{\" data-aria-posinset=\"16\" data-aria-level=\"1\"><span data-contrast=\"auto\">Cumplimiento de las normativas de transporte: EN50155, EN50121-3-2, DB-EMV06, EN50124-1, EN50125-1, EN61373 1B, EN62368-1, EN45545-2.<\/span><\/li>\n<\/ul>\n<p><b><span data-contrast=\"auto\">Garant\u00eda<\/span><\/b><\/p>\n<p><span data-contrast=\"auto\">2 a\u00f1os<\/span><\/p>\n","protected":false},"featured_media":20783,"template":"","meta":{"_acf_changed":false},"product_brand":[],"product_cat":[237],"product_tag":[],"class_list":{"0":"post-20653","1":"product","2":"type-product","3":"status-publish","4":"has-post-thumbnail","6":"product_cat-dc-dc-convertidores","8":"first","9":"instock","10":"shipping-taxable","11":"product-type-simple"},"acf":[],"_links":{"self":[{"href":"https:\/\/premiumpsu.com\/es\/wp-json\/wp\/v2\/product\/20653","targetHints":{"allow":["GET"]}}],"collection":[{"href":"https:\/\/premiumpsu.com\/es\/wp-json\/wp\/v2\/product"}],"about":[{"href":"https:\/\/premiumpsu.com\/es\/wp-json\/wp\/v2\/types\/product"}],"wp:featuredmedia":[{"embeddable":true,"href":"https:\/\/premiumpsu.com\/es\/wp-json\/wp\/v2\/media\/20783"}],"wp:attachment":[{"href":"https:\/\/premiumpsu.com\/es\/wp-json\/wp\/v2\/media?parent=20653"}],"wp:term":[{"taxonomy":"product_brand","embeddable":true,"href":"https:\/\/premiumpsu.com\/es\/wp-json\/wp\/v2\/product_brand?post=20653"},{"taxonomy":"product_cat","embeddable":true,"href":"https:\/\/premiumpsu.com\/es\/wp-json\/wp\/v2\/product_cat?post=20653"},{"taxonomy":"product_tag","embeddable":true,"href":"https:\/\/premiumpsu.com\/es\/wp-json\/wp\/v2\/product_tag?post=20653"}],"curies":[{"name":"wp","href":"https:\/\/api.w.org\/{rel}","templated":true}]}}