{"id":20507,"date":"2025-10-09T12:35:02","date_gmt":"2025-10-09T10:35:02","guid":{"rendered":"https:\/\/premiumpsu.com\/?post_type=product&#038;p=20507"},"modified":"2025-12-01T11:39:53","modified_gmt":"2025-12-01T10:39:53","slug":"convertidor-dc-dc-ferroviario-40w","status":"publish","type":"product","link":"https:\/\/premiumpsu.com\/es\/producto\/convertidor-dc-dc-ferroviario-40w\/","title":{"rendered":"Convertidor DC\/DC Ferroviario 40W"},"content":{"rendered":"","protected":false},"excerpt":{"rendered":"<p>La<strong> serie CLS-40 de convertidores DC\/DC <\/strong>ofrece un rango de entrada excepcional de 11:1, lo que la hace perfecta para cubrir un amplio rango de tensiones de entrada en aplicaciones ferroviarias y de transporte. Su dise\u00f1o incorpora funciones de seguridad como <strong>protecci\u00f3n activa contra polaridad inversa<\/strong> y <strong>limitaci\u00f3n activa de corriente de irrupci\u00f3n para la protecci\u00f3n de la red<\/strong>, garantizando un rendimiento seguro y eficiente.<\/p>\n<p>Este equipo\u00a0funciona en aplicaciones de clase OT4 + ST1 &amp; ST2 <strong>con potencia completa desde -40 \u00baC hasta +85 \u00baC sin necesidad de un sistema de refrigeraci\u00f3n adicional.<\/strong> El CLS-40 cumple con todas las normativas relevantes para el mercado ferroviario: EN50155, EN50121-3-2, DB-EMV06, EN50124-1, EN50125-1, EN61373 1B, EN62368-1, EN45545-2.<\/p>\n<p><strong>PRINCIPALES CARACTER\u00cdSTICAS:<\/strong><\/p>\n<ul>\n<li>Amplio rango de tensiones de entrada desde 14\u20194 VDC hasta 154 VDC.<\/li>\n<li>Tensiones de entrada nominales: 24, 36, 48, 72, 110 VDC.<\/li>\n<li>Temperatura operativa de hasta 85 \u00baC.<\/li>\n<li>Para aplicaciones de clase OT4 + ST1 &amp; ST2 (conforme al est\u00e1ndar EN50155).<\/li>\n<li>Capacidad de potencia pico del 50% hasta 60 W durante 10 s.<\/li>\n<li>Tiempo de retenci\u00f3n de 10 ms en todo el rango de entrada.<\/li>\n<li>Aislamiento reforzado.<\/li>\n<\/ul>\n<p><strong>Garant\u00eda<\/strong><\/p>\n<p>2 a\u00f1os<\/p>\n","protected":false},"featured_media":20783,"template":"","meta":{"_acf_changed":false},"product_brand":[],"product_cat":[237],"product_tag":[],"class_list":{"0":"post-20507","1":"product","2":"type-product","3":"status-publish","4":"has-post-thumbnail","6":"product_cat-dc-dc-convertidores","8":"first","9":"instock","10":"shipping-taxable","11":"product-type-simple"},"acf":[],"_links":{"self":[{"href":"https:\/\/premiumpsu.com\/es\/wp-json\/wp\/v2\/product\/20507","targetHints":{"allow":["GET"]}}],"collection":[{"href":"https:\/\/premiumpsu.com\/es\/wp-json\/wp\/v2\/product"}],"about":[{"href":"https:\/\/premiumpsu.com\/es\/wp-json\/wp\/v2\/types\/product"}],"wp:featuredmedia":[{"embeddable":true,"href":"https:\/\/premiumpsu.com\/es\/wp-json\/wp\/v2\/media\/20783"}],"wp:attachment":[{"href":"https:\/\/premiumpsu.com\/es\/wp-json\/wp\/v2\/media?parent=20507"}],"wp:term":[{"taxonomy":"product_brand","embeddable":true,"href":"https:\/\/premiumpsu.com\/es\/wp-json\/wp\/v2\/product_brand?post=20507"},{"taxonomy":"product_cat","embeddable":true,"href":"https:\/\/premiumpsu.com\/es\/wp-json\/wp\/v2\/product_cat?post=20507"},{"taxonomy":"product_tag","embeddable":true,"href":"https:\/\/premiumpsu.com\/es\/wp-json\/wp\/v2\/product_tag?post=20507"}],"curies":[{"name":"wp","href":"https:\/\/api.w.org\/{rel}","templated":true}]}}