{"id":19856,"date":"2025-10-03T09:39:49","date_gmt":"2025-10-03T07:39:49","guid":{"rendered":"https:\/\/premiumpsu.com\/?post_type=product&#038;p=19856"},"modified":"2025-10-28T09:01:26","modified_gmt":"2025-10-28T08:01:26","slug":"modulo-de-comunicacion-premium-vision","status":"publish","type":"product","link":"https:\/\/premiumpsu.com\/es\/producto\/modulo-de-comunicacion-premium-vision\/","title":{"rendered":"Premium Vision \u2013 M\u00f3dulo Gateway de Comunicaci\u00f3n"},"content":{"rendered":"<p><span data-mce-type=\"bookmark\" style=\"display: inline-block; width: 0px; overflow: hidden; line-height: 0;\" class=\"mce_SELRES_start\"><\/span><\/p>","protected":false},"excerpt":{"rendered":"<p><span data-contrast=\"auto\">La soluci\u00f3n modular Gateway Premium Vision expande a m\u00faltiples protocolos la comunicaci\u00f3n de equipos sin acceso a Ethernet o con un \u00fanico protocolo. Este hardware se conecta a varios de nuestros equipos para proveer informaci\u00f3n de todos y trasladarla al usuario final a trav\u00e9s de <\/span><b><span data-contrast=\"auto\">dos puertos Ethernet<\/span><\/b> <span data-contrast=\"auto\">(1xRJ45, 1xM12).<\/span><\/p>\n<p><span data-contrast=\"auto\">Gateway tiene un<\/span> <b><span data-contrast=\"auto\">dise\u00f1o<\/span><\/b> <b><span data-contrast=\"auto\">expandible <\/span><\/b><span data-contrast=\"auto\">que se adapta a las necesidades del proyecto e incluye un<\/span><b><span data-contrast=\"auto\"> SoM (System on Module) con Linux embebido.<\/span><\/b><span data-contrast=\"auto\">. Cuenta con un amplio rango operativo de temperatura <\/span> <span data-contrast=\"auto\">(-40\u00baC &#8230; 70\u00baC) y est\u00e1 homologado a todos los est\u00e1ndares necesarios para trabajar con seguridad y eficiencia en aplicaciones de transporte ferroviario, como las normativas EN 50155: 2021, EN 50121-3-2: 2016, IEC 62236-3-2: 2018, EN 50121-4: 2016 e IEC 62236-4: 2018.<\/span><\/p>\n<p><span data-contrast=\"auto\">El m\u00f3dulo permite:<\/span><\/p>\n<ul>\n<li aria-setsize=\"-1\" data-leveltext=\"\uf0b7\" data-font=\"Symbol\" data-listid=\"3\" data-list-defn-props=\"{\" data-aria-posinset=\"5\" data-aria-level=\"1\"><span data-contrast=\"auto\">Recopilar informaci\u00f3n mediante los protocolos CAN, RS458 y RS232.<\/span><\/li>\n<li aria-setsize=\"-1\" data-leveltext=\"\uf0b7\" data-font=\"Symbol\" data-listid=\"3\" data-list-defn-props=\"{\" data-aria-posinset=\"5\" data-aria-level=\"1\"><span data-contrast=\"auto\">Reunir datos y operar autom\u00e1ticamente con protocolos dise\u00f1ados con API REST, SNMP o MODBUS sobre Ethernet<\/span><\/li>\n<li aria-setsize=\"-1\" data-leveltext=\"\uf0b7\" data-font=\"Symbol\" data-listid=\"3\" data-list-defn-props=\"{\" data-aria-posinset=\"5\" data-aria-level=\"1\"><span data-contrast=\"auto\">Monitorear entradas digitales externas.<\/span><\/li>\n<li aria-setsize=\"-1\" data-leveltext=\"\uf0b7\" data-font=\"Symbol\" data-listid=\"3\" data-list-defn-props=\"{\" data-aria-posinset=\"5\" data-aria-level=\"1\"><span data-contrast=\"auto\">Actuar sobre se\u00f1ales de salida digital externas.<\/span><\/li>\n<li aria-setsize=\"-1\" data-leveltext=\"\uf0b7\" data-font=\"Symbol\" data-listid=\"3\" data-list-defn-props=\"{\" data-aria-posinset=\"5\" data-aria-level=\"1\"><span data-contrast=\"auto\">RTC sin bater\u00eda hasta 7 d\u00edas.<\/span><\/li>\n<li aria-setsize=\"-1\" data-leveltext=\"\uf0b7\" data-font=\"Symbol\" data-listid=\"3\" data-list-defn-props=\"{\" data-aria-posinset=\"5\" data-aria-level=\"1\"><span data-contrast=\"auto\">Lectura de se\u00f1ales anal\u00f3gicas externas (opcional).<\/span><\/li>\n<li aria-setsize=\"-1\" data-leveltext=\"\uf0b7\" data-font=\"Symbol\" data-listid=\"3\" data-list-defn-props=\"{\" data-aria-posinset=\"5\" data-aria-level=\"1\"><span data-contrast=\"auto\">Alimentaci\u00f3n a trav\u00e9s de Ethernet, PoE (opcional).<\/span><\/li>\n<\/ul>\n","protected":false},"featured_media":19855,"template":"","meta":{"_acf_changed":false},"product_brand":[],"product_cat":[912],"product_tag":[],"class_list":{"0":"post-19856","1":"product","2":"type-product","3":"status-publish","4":"has-post-thumbnail","6":"product_cat-soluciones-iot-en-la-nube","8":"first","9":"instock","10":"shipping-taxable","11":"product-type-simple"},"acf":[],"_links":{"self":[{"href":"https:\/\/premiumpsu.com\/es\/wp-json\/wp\/v2\/product\/19856","targetHints":{"allow":["GET"]}}],"collection":[{"href":"https:\/\/premiumpsu.com\/es\/wp-json\/wp\/v2\/product"}],"about":[{"href":"https:\/\/premiumpsu.com\/es\/wp-json\/wp\/v2\/types\/product"}],"wp:featuredmedia":[{"embeddable":true,"href":"https:\/\/premiumpsu.com\/es\/wp-json\/wp\/v2\/media\/19855"}],"wp:attachment":[{"href":"https:\/\/premiumpsu.com\/es\/wp-json\/wp\/v2\/media?parent=19856"}],"wp:term":[{"taxonomy":"product_brand","embeddable":true,"href":"https:\/\/premiumpsu.com\/es\/wp-json\/wp\/v2\/product_brand?post=19856"},{"taxonomy":"product_cat","embeddable":true,"href":"https:\/\/premiumpsu.com\/es\/wp-json\/wp\/v2\/product_cat?post=19856"},{"taxonomy":"product_tag","embeddable":true,"href":"https:\/\/premiumpsu.com\/es\/wp-json\/wp\/v2\/product_tag?post=19856"}],"curies":[{"name":"wp","href":"https:\/\/api.w.org\/{rel}","templated":true}]}}