{"id":1661,"date":"2019-03-28T15:37:54","date_gmt":"2019-03-28T14:37:54","guid":{"rendered":"http:\/\/premiumpsu.com\/product\/ocs-260\/"},"modified":"2024-09-13T08:39:15","modified_gmt":"2024-09-13T06:39:15","slug":"ondulador-dc-ac-indutrial-y-ferroviario-260v-ocs-260","status":"publish","type":"product","link":"https:\/\/premiumpsu.com\/es\/producto\/ondulador-dc-ac-indutrial-y-ferroviario-260v-ocs-260\/","title":{"rendered":"Onduladores DC\/AC Industriales y Ferroviarios 260VA"},"content":{"rendered":"","protected":false},"excerpt":{"rendered":"<p>La serie OCS-260 est\u00e1 compuesta de onduladores sinusoidales de hasta 260VA de potencia aparente en formato compacto. Disponemos de la versi\u00f3n ferroviaria (EN50155) y ofrecemos m\u00faltiples opciones de montaje.<\/p>\n<h2>CARACTER\u00cdSTICAS PRINCIPALES<\/h2>\n<ul>\n<li>Tensi\u00f3n de salida sinusoidal<\/li>\n<li>Frecuencia de salida seleccionable: 50\/60Hz<\/li>\n<li>Tensi\u00f3n de salida ajustable<\/li>\n<li>Alarma de fallo de salida<\/li>\n<li>Inhibici\u00f3n remota<\/li>\n<li>Alto aislamiento entrada\/salida 3000Vrms<\/li>\n<li>Versi\u00f3n ferroviaria EN50155 opcional<\/li>\n<li>Fuego y humo: Aprobado EN45545-2<\/li>\n<li>Eficiencia de hasta 90%<\/li>\n<\/ul>\n<h2>GARANT\u00cdA DE PRODUCTO<\/h2>\n<p><strong>3 a\u00f1os para versi\u00f3n Industrial<\/strong><br \/>\n<strong>5 a\u00f1os para versi\u00f3n Ferroviaria<\/strong><\/p>\n","protected":false},"featured_media":14524,"template":"","meta":{"_acf_changed":false},"product_brand":[],"product_cat":[238],"product_tag":[723,694,687,692],"class_list":{"0":"post-1661","1":"product","2":"type-product","3":"status-publish","4":"has-post-thumbnail","6":"product_cat-dc-ac-onduladores","7":"product_tag-260va-es","8":"product_tag-conversores-industriales","9":"product_tag-ferroviario","10":"product_tag-inversores-dc-ac","12":"first","13":"instock","14":"product-type-simple"},"acf":[],"_links":{"self":[{"href":"https:\/\/premiumpsu.com\/es\/wp-json\/wp\/v2\/product\/1661","targetHints":{"allow":["GET"]}}],"collection":[{"href":"https:\/\/premiumpsu.com\/es\/wp-json\/wp\/v2\/product"}],"about":[{"href":"https:\/\/premiumpsu.com\/es\/wp-json\/wp\/v2\/types\/product"}],"wp:featuredmedia":[{"embeddable":true,"href":"https:\/\/premiumpsu.com\/es\/wp-json\/wp\/v2\/media\/14524"}],"wp:attachment":[{"href":"https:\/\/premiumpsu.com\/es\/wp-json\/wp\/v2\/media?parent=1661"}],"wp:term":[{"taxonomy":"product_brand","embeddable":true,"href":"https:\/\/premiumpsu.com\/es\/wp-json\/wp\/v2\/product_brand?post=1661"},{"taxonomy":"product_cat","embeddable":true,"href":"https:\/\/premiumpsu.com\/es\/wp-json\/wp\/v2\/product_cat?post=1661"},{"taxonomy":"product_tag","embeddable":true,"href":"https:\/\/premiumpsu.com\/es\/wp-json\/wp\/v2\/product_tag?post=1661"}],"curies":[{"name":"wp","href":"https:\/\/api.w.org\/{rel}","templated":true}]}}