{"id":1660,"date":"2019-03-28T15:37:54","date_gmt":"2019-03-28T14:37:54","guid":{"rendered":"http:\/\/premiumpsu.com\/product\/crs-1000\/"},"modified":"2024-04-10T15:24:33","modified_gmt":"2024-04-10T13:24:33","slug":"convertidor-dc-dc-industrial-y-ferroviario-1000w-crs-1000","status":"publish","type":"product","link":"https:\/\/premiumpsu.com\/es\/producto\/convertidor-dc-dc-industrial-y-ferroviario-1000w-crs-1000\/","title":{"rendered":"Convertidores DC\/DC Industriales y Ferroviarios 1000W"},"content":{"rendered":"","protected":false},"excerpt":{"rendered":"<p><strong>CRS-1000<\/strong> es una serie de<strong> convertidores DC\/DC<\/strong> de 1000 W muy fiable de dise\u00f1o compacto y robusto.<\/p>\n<p>La <strong>serie CRS-1000<\/strong> suministra 1000W a 24, 48, 72 y 110V y ofrece una gran variedad de combinaciones de entrada-salida. Esta serie de convertidores tambi\u00e9n permite la conexi\u00f3n en paralelo. Adem\u00e1s, ofrece opciones como FET ORing, tiempo de retenci\u00f3n de 10ms, protecci\u00f3n activa contra polaridad inversa de entrada, limitador activo de corriente de entrada y diferentes opciones de refrigeraci\u00f3n (ventilador, redundancia de ventiladores, refrigeraci\u00f3n por convecci\u00f3n y por conducci\u00f3n).<\/p>\n<p>El <strong>CRS-1000<\/strong> ha sido dise\u00f1ado con soportes de montaje para ser instalado en un chasis y tiene una carcasa cerrada de aluminio anodizado. Los modelos de esta serie ofrecen un rendimiento de hasta el <strong>94% a plena carga<\/strong> en funci\u00f3n de la entrada\/salida.<\/p>\n<p>\u00bfBuscas un <strong>CRS-1000<\/strong> con alguna variaci\u00f3n t\u00e9cnica?\u00a0<a href=\"https:\/\/premiumpsu.com\/contact\/\" target=\"_blank\" rel=\"noopener\"><strong>\u00a1Cu\u00e9ntanos tu reto y desde ahora lo haremos nuestro!<\/strong><\/a><\/p>\n<h2>Garant\u00eda de producto<\/h2>\n<p><strong>3 a\u00f1os para versi\u00f3n industrial <\/strong><br \/>\n<strong>5 a\u00f1os para versi\u00f3n ferroviaria<\/strong><\/p>\n","protected":false},"featured_media":3693,"template":"","meta":{"_acf_changed":false},"product_brand":[],"product_cat":[237],"product_tag":[716,641,687,702],"class_list":{"0":"post-1660","1":"product","2":"type-product","3":"status-publish","4":"has-post-thumbnail","6":"product_cat-dc-dc-convertidores","7":"product_tag-1000w-es","8":"product_tag-dc-dc-converters-es","9":"product_tag-ferroviario","10":"product_tag-inversores-industriales","12":"first","13":"instock","14":"featured","15":"product-type-simple"},"acf":[],"_links":{"self":[{"href":"https:\/\/premiumpsu.com\/es\/wp-json\/wp\/v2\/product\/1660","targetHints":{"allow":["GET"]}}],"collection":[{"href":"https:\/\/premiumpsu.com\/es\/wp-json\/wp\/v2\/product"}],"about":[{"href":"https:\/\/premiumpsu.com\/es\/wp-json\/wp\/v2\/types\/product"}],"wp:featuredmedia":[{"embeddable":true,"href":"https:\/\/premiumpsu.com\/es\/wp-json\/wp\/v2\/media\/3693"}],"wp:attachment":[{"href":"https:\/\/premiumpsu.com\/es\/wp-json\/wp\/v2\/media?parent=1660"}],"wp:term":[{"taxonomy":"product_brand","embeddable":true,"href":"https:\/\/premiumpsu.com\/es\/wp-json\/wp\/v2\/product_brand?post=1660"},{"taxonomy":"product_cat","embeddable":true,"href":"https:\/\/premiumpsu.com\/es\/wp-json\/wp\/v2\/product_cat?post=1660"},{"taxonomy":"product_tag","embeddable":true,"href":"https:\/\/premiumpsu.com\/es\/wp-json\/wp\/v2\/product_tag?post=1660"}],"curies":[{"name":"wp","href":"https:\/\/api.w.org\/{rel}","templated":true}]}}