{"id":1659,"date":"2019-03-28T15:37:54","date_gmt":"2019-03-28T14:37:54","guid":{"rendered":"http:\/\/premiumpsu.com\/product\/crs-500\/"},"modified":"2024-07-17T09:12:22","modified_gmt":"2024-07-17T07:12:22","slug":"convertidores-dc-dc-ferroviarios-500w-crs500","status":"publish","type":"product","link":"https:\/\/premiumpsu.com\/es\/producto\/convertidores-dc-dc-ferroviarios-500w-crs500\/","title":{"rendered":"Convertidores DC\/DC Industriales &#038; Ferroviarios 500W"},"content":{"rendered":"","protected":false},"excerpt":{"rendered":"<p><strong>Los convertidores DC\/DC de la serie CRS-500 son el equipo perfecto para entornos industriales que requieren alta potencia y fiabilidad<\/strong>. Adem\u00e1s, todos los modelos de la serie est\u00e1n disponibles en versi\u00f3n ferroviaria, cumpliendo con la norma EN50155.<\/p>\n<p><strong>Los CRS-500 son convertidores de una sola salida (24V, 48V y 110V) de 500W con un amplio rango de tensi\u00f3n de entrada (14,4-144V) y una eficiencia de hasta el 92%<\/strong>. Todos los modelos est\u00e1n dise\u00f1ados para trabajar a temperaturas de hasta 70\u00baC y la refrigeraci\u00f3n se realiza por convecci\u00f3n natural. Esta serie dispone de otras opciones, como el FET ORing para un funcionamiento redundante.<\/p>\n<p>\u00bfBuscas un CRS-500 con alguna variaci\u00f3n t\u00e9cnica?\u00a0<a href=\"https:\/\/premiumpsu.com\/contact\/\" target=\"_blank\" rel=\"noopener\"><strong>\u00a1Cu\u00e9ntanos tu reto y desde ahora lo haremos nuestro!<\/strong><\/a><\/p>\n<h2><strong>Garant\u00eda de producto\u00a0<\/strong><\/h2>\n<p><strong>3 a\u00f1os para versi\u00f3n industrial<\/strong><br \/>\n<strong>5 a\u00f1os para versi\u00f3n ferroviaria<\/strong><\/p>\n<p>&nbsp;<\/p>\n<p>&nbsp;<\/p>\n","protected":false},"featured_media":2200,"template":"","meta":{"_acf_changed":false},"product_brand":[],"product_cat":[237],"product_tag":[715,641,687,702],"class_list":{"0":"post-1659","1":"product","2":"type-product","3":"status-publish","4":"has-post-thumbnail","6":"product_cat-dc-dc-convertidores","7":"product_tag-500w-es","8":"product_tag-dc-dc-converters-es","9":"product_tag-ferroviario","10":"product_tag-inversores-industriales","12":"first","13":"instock","14":"featured","15":"product-type-simple"},"acf":[],"_links":{"self":[{"href":"https:\/\/premiumpsu.com\/es\/wp-json\/wp\/v2\/product\/1659","targetHints":{"allow":["GET"]}}],"collection":[{"href":"https:\/\/premiumpsu.com\/es\/wp-json\/wp\/v2\/product"}],"about":[{"href":"https:\/\/premiumpsu.com\/es\/wp-json\/wp\/v2\/types\/product"}],"wp:featuredmedia":[{"embeddable":true,"href":"https:\/\/premiumpsu.com\/es\/wp-json\/wp\/v2\/media\/2200"}],"wp:attachment":[{"href":"https:\/\/premiumpsu.com\/es\/wp-json\/wp\/v2\/media?parent=1659"}],"wp:term":[{"taxonomy":"product_brand","embeddable":true,"href":"https:\/\/premiumpsu.com\/es\/wp-json\/wp\/v2\/product_brand?post=1659"},{"taxonomy":"product_cat","embeddable":true,"href":"https:\/\/premiumpsu.com\/es\/wp-json\/wp\/v2\/product_cat?post=1659"},{"taxonomy":"product_tag","embeddable":true,"href":"https:\/\/premiumpsu.com\/es\/wp-json\/wp\/v2\/product_tag?post=1659"}],"curies":[{"name":"wp","href":"https:\/\/api.w.org\/{rel}","templated":true}]}}