{"id":1658,"date":"2019-03-28T15:37:54","date_gmt":"2019-03-28T14:37:54","guid":{"rendered":"http:\/\/premiumpsu.com\/product\/cts-240\/"},"modified":"2024-05-29T13:07:14","modified_gmt":"2024-05-29T11:07:14","slug":"convertidores-dc-dc-ferroviarios-180-280w-cts-240","status":"publish","type":"product","link":"https:\/\/premiumpsu.com\/es\/producto\/convertidores-dc-dc-ferroviarios-180-280w-cts-240\/","title":{"rendered":"Convertidores DC\/DC Ferroviarios 180-280W"},"content":{"rendered":"","protected":false},"excerpt":{"rendered":"<p><strong>Todos los convertidores DC\/DC de la serie CTS-240 cumplen los requisitos de la norma EN50155 para equipos electr\u00f3nicos utilizados en aplicaciones ferroviarias y est\u00e1n homologados para el fuego y el humo EN45545-2.<\/strong> Esta serie de convertidores ha sido dise\u00f1ada para encajar en una amplia variedad de aplicaciones ferroviarias y con un historial en numerosos proyectos a lo largo de los a\u00f1os, ofreciendo una garant\u00eda de 5 a\u00f1os.<\/p>\n<p><strong>Todos los modelos tienen una tensi\u00f3n de salida ajustable y generan hasta 280 W.<\/strong> La serie de convertidores CTS-240 ofrece una amplia variedad de combinaciones de entrada-salida y permite la conexi\u00f3n en paralelo. Estos convertidores DC\/DC se presentan en formato Eurocard 3U y disponen de una alarma opcional. Adem\u00e1s, permiten un f\u00e1cil montaje en superficie, subrack o carril DIN. Tambi\u00e9n se refrigeran por convecci\u00f3n natural y, con un dise\u00f1o robusto, pueden encajar en entornos adversos siendo capaces de operar hasta -40\u00baC a 85\u00baC.<\/p>\n<p>El <strong>CTS-240<\/strong> tiene un <strong>dise\u00f1o actualizado de circuitos de alta eficiencia<\/strong>\u00a0 que proporciona a los modelos hasta un 92% de eficiencia y protecci\u00f3n contra sobrecargas, cortocircuitos, tensi\u00f3n de entrada inversa, subtensi\u00f3n de entrada y sobrecorrientes.<\/p>\n<h2>CARACTER\u00cdSTICAS PRINCIPALES<\/h2>\n<p>Dise\u00f1ado seg\u00fan EN50155<br \/>\nFuego y humo: Aprobado EN45545-2<br \/>\nAlto aislamiento entrada-salida<br \/>\nDimensiones est\u00e1ndar Eurocard 3U<br \/>\nTensi\u00f3n de salida ajustable<br \/>\nLED tensi\u00f3n de entrada correcta<br \/>\nLED presencia de tensi\u00f3n de salida<br \/>\nInhibici\u00f3n remota.<br \/>\nOpci\u00f3n: detecci\u00f3n remota o alarma<br \/>\nEficiencia de hasta 92%<\/p>\n<h2>GARANT\u00cdA DE PRODUCTO<\/h2>\n<p>5 a\u00f1os<\/p>\n","protected":false},"featured_media":3653,"template":"","meta":{"_acf_changed":false},"product_brand":[],"product_cat":[237],"product_tag":[712,640,641,687,702],"class_list":{"0":"post-1658","1":"product","2":"type-product","3":"status-publish","4":"has-post-thumbnail","6":"product_cat-dc-dc-convertidores","7":"product_tag-180w-es","8":"product_tag-280w-es","9":"product_tag-dc-dc-converters-es","10":"product_tag-ferroviario","11":"product_tag-inversores-industriales","13":"first","14":"instock","15":"featured","16":"product-type-simple"},"acf":[],"_links":{"self":[{"href":"https:\/\/premiumpsu.com\/es\/wp-json\/wp\/v2\/product\/1658","targetHints":{"allow":["GET"]}}],"collection":[{"href":"https:\/\/premiumpsu.com\/es\/wp-json\/wp\/v2\/product"}],"about":[{"href":"https:\/\/premiumpsu.com\/es\/wp-json\/wp\/v2\/types\/product"}],"wp:featuredmedia":[{"embeddable":true,"href":"https:\/\/premiumpsu.com\/es\/wp-json\/wp\/v2\/media\/3653"}],"wp:attachment":[{"href":"https:\/\/premiumpsu.com\/es\/wp-json\/wp\/v2\/media?parent=1658"}],"wp:term":[{"taxonomy":"product_brand","embeddable":true,"href":"https:\/\/premiumpsu.com\/es\/wp-json\/wp\/v2\/product_brand?post=1658"},{"taxonomy":"product_cat","embeddable":true,"href":"https:\/\/premiumpsu.com\/es\/wp-json\/wp\/v2\/product_cat?post=1658"},{"taxonomy":"product_tag","embeddable":true,"href":"https:\/\/premiumpsu.com\/es\/wp-json\/wp\/v2\/product_tag?post=1658"}],"curies":[{"name":"wp","href":"https:\/\/api.w.org\/{rel}","templated":true}]}}