{"id":1655,"date":"2019-03-28T15:37:54","date_gmt":"2019-03-28T14:37:54","guid":{"rendered":"http:\/\/premiumpsu.com\/product\/ckr-2000\/"},"modified":"2024-04-10T16:11:52","modified_gmt":"2024-04-10T14:11:52","slug":"convertidores-dc-dc-reduntantes-1960w-ckr-2000","status":"publish","type":"product","link":"https:\/\/premiumpsu.com\/es\/producto\/convertidores-dc-dc-reduntantes-1960w-ckr-2000\/","title":{"rendered":"Convertidores DC\/DC reduntantes hasta 1960W"},"content":{"rendered":"","protected":false},"excerpt":{"rendered":"<p>La serie CKR-2000 est\u00e1 dise\u00f1ada para aplicaciones en las que se requiera de un alto grado de fiabilidad. Est\u00e1 formada por convertidores DC\/DC modulares que permite un conjunto de hasta 8 m\u00f3dulos de 240W o 280W instalados en un subrack de 19&#8243;. El equipo se puede configurar seg\u00fan necesidades de salidas, potencia y nivel de redundancia.<\/p>\n<h2>CARACTER\u00cdSTICAS PRINCIPALES<\/h2>\n<p>M\u00f3dulos series CRS-240 \/ CTS-240<br \/>\nConexi\u00f3n de m\u00f3dulos en caliente<br \/>\nRedundancia de entrada y\/o salida<br \/>\nOring por diodos<br \/>\nAlto aislamiento entrada-salida<br \/>\nLED tensi\u00f3n de entrada de m\u00f3dulo correcta<br \/>\nLED de presencia de V salida de modulo<br \/>\nPunto de prueba de V salida de m\u00f3dulo<br \/>\nAlarma de fallo de salida por contactos de rel\u00e9<br \/>\nVersi\u00f3n Ferroviaria EN50155<\/p>\n<h2>GARANT\u00cdA DE PRODUCTO<\/h2>\n<p><strong>3 a\u00f1os para versi\u00f3n Industrial<\/strong><br \/>\n<strong>5 a\u00f1os para versi\u00f3n Ferroviaria<\/strong><\/p>\n","protected":false},"featured_media":14502,"template":"","meta":{"_acf_changed":false},"product_brand":[],"product_cat":[237],"product_tag":[708,641,687,702,707],"class_list":{"0":"post-1655","1":"product","2":"type-product","3":"status-publish","4":"has-post-thumbnail","6":"product_cat-dc-dc-convertidores","7":"product_tag-1960w-es","8":"product_tag-dc-dc-converters-es","9":"product_tag-ferroviario","10":"product_tag-inversores-industriales","11":"product_tag-redundante","13":"first","14":"instock","15":"featured","16":"product-type-simple"},"acf":[],"_links":{"self":[{"href":"https:\/\/premiumpsu.com\/es\/wp-json\/wp\/v2\/product\/1655","targetHints":{"allow":["GET"]}}],"collection":[{"href":"https:\/\/premiumpsu.com\/es\/wp-json\/wp\/v2\/product"}],"about":[{"href":"https:\/\/premiumpsu.com\/es\/wp-json\/wp\/v2\/types\/product"}],"wp:featuredmedia":[{"embeddable":true,"href":"https:\/\/premiumpsu.com\/es\/wp-json\/wp\/v2\/media\/14502"}],"wp:attachment":[{"href":"https:\/\/premiumpsu.com\/es\/wp-json\/wp\/v2\/media?parent=1655"}],"wp:term":[{"taxonomy":"product_brand","embeddable":true,"href":"https:\/\/premiumpsu.com\/es\/wp-json\/wp\/v2\/product_brand?post=1655"},{"taxonomy":"product_cat","embeddable":true,"href":"https:\/\/premiumpsu.com\/es\/wp-json\/wp\/v2\/product_cat?post=1655"},{"taxonomy":"product_tag","embeddable":true,"href":"https:\/\/premiumpsu.com\/es\/wp-json\/wp\/v2\/product_tag?post=1655"}],"curies":[{"name":"wp","href":"https:\/\/api.w.org\/{rel}","templated":true}]}}