{"id":1653,"date":"2019-03-28T15:37:54","date_gmt":"2019-03-28T14:37:54","guid":{"rendered":"http:\/\/premiumpsu.com\/product\/ods-750\/"},"modified":"2025-09-18T09:49:51","modified_gmt":"2025-09-18T07:49:51","slug":"ondulador-dc-ac-indutrial-y-ferroviario-450-750w-ocs-750","status":"publish","type":"product","link":"https:\/\/premiumpsu.com\/es\/producto\/ondulador-dc-ac-indutrial-y-ferroviario-450-750w-ocs-750\/","title":{"rendered":"Onduladores DC\/AC Industriales y Ferroviarios 450-750W"},"content":{"rendered":"","protected":false},"excerpt":{"rendered":"<p>El <strong>ODS-750 es un inversor DC\/AC monof\u00e1sico<\/strong> de onda sinusoidal. La serie ofrece una potencia de 450W-750W y est\u00e1 disponible con salida de 120Vac o 230Vac y una amplia gama de voltajes de entrada (12, 24, 36, 48, 72 y 110Vdc). Con un dise\u00f1o robusto, se adapta a una amplia gama de aplicaciones industriales que requieren fiabilidad y un dise\u00f1o compacto. Tambi\u00e9n est\u00e1 disponible una versi\u00f3n para <strong>aplicaciones ferroviarias<\/strong> para todos los modelos, que cumplen con <strong>EN50155<\/strong> y RIA12.<\/p>\n<p>El ODS-750 DC\/AC tiene orificios roscados M3 para el montaje en chasis en diferentes posiciones, montaje en riel DIN o subrack. El equipo est\u00e1 protegido contra polaridad inversa, potencia media m\u00e1xima y pico de corriente m\u00e1xima. Tambi\u00e9n se apaga cuando se excede el l\u00edmite de la curva de operaci\u00f3n durante m\u00e1s de 1 segundo.<\/p>\n<p>En Premium ofrecemos la posibilidad de modificar el <strong>inversor DC\/AC ODS-750<\/strong> a las necesidades de cada proyecto para convertirlo en la mejor soluci\u00f3n para cada aplicaci\u00f3n. La flexibilidad y la personalizaci\u00f3n es nuestro est\u00e1ndar, as\u00ed que no dudes en contactar con nosotros para contarnos tu proyecto.<\/p>\n<h2><strong>Garant\u00eda de producto\u00a0<\/strong><\/h2>\n<p><strong>3 a\u00f1os para versi\u00f3n industrial<\/strong><br \/>\n<strong>5 a\u00f1os para versi\u00f3n ferroviaria<\/strong><\/p>\n<h2>Soluci\u00f3n Complementaria<\/h2>\n<p><a href=\"https:\/\/premiumpsu.com\/es\/producto\/acb-3000-conmutador-estatico-de-transferencia\/\" target=\"_blank\" rel=\"noopener\">ACB-3000<\/a> Conmutador est\u00e1tico de transferencia<\/p>\n<p><a href=\"https:\/\/premiumpsu.com\/es\/producto\/acb-3000-conmutador-estatico-de-transferencia\/\" target=\"_blank\" rel=\"noopener\"><img loading=\"lazy\" decoding=\"async\" class=\"alignnone wp-image-9736 size-medium\" src=\"https:\/\/premiumpsu.com\/wp-content\/uploads\/2022\/03\/ACB-3000-redundancy-300x300.jpg\" alt=\"ACB-3000 Redundancy Static Transfer Switch\" width=\"300\" height=\"300\" srcset=\"https:\/\/premiumpsu.com\/wp-content\/uploads\/2022\/03\/ACB-3000-redundancy-300x300.jpg 300w, https:\/\/premiumpsu.com\/wp-content\/uploads\/2022\/03\/ACB-3000-redundancy-80x80.jpg 80w, https:\/\/premiumpsu.com\/wp-content\/uploads\/2022\/03\/ACB-3000-redundancy-768x768.jpg 768w, https:\/\/premiumpsu.com\/wp-content\/uploads\/2022\/03\/ACB-3000-redundancy-36x36.jpg 36w, https:\/\/premiumpsu.com\/wp-content\/uploads\/2022\/03\/ACB-3000-redundancy-180x180.jpg 180w, https:\/\/premiumpsu.com\/wp-content\/uploads\/2022\/03\/ACB-3000-redundancy-705x705.jpg 705w, https:\/\/premiumpsu.com\/wp-content\/uploads\/2022\/03\/ACB-3000-redundancy-100x100.jpg 100w, https:\/\/premiumpsu.com\/wp-content\/uploads\/2022\/03\/ACB-3000-redundancy-450x450.jpg 450w, https:\/\/premiumpsu.com\/wp-content\/uploads\/2022\/03\/ACB-3000-redundancy-600x600.jpg 600w, https:\/\/premiumpsu.com\/wp-content\/uploads\/2022\/03\/ACB-3000-redundancy.jpg 1000w\" sizes=\"auto, (max-width: 300px) 100vw, 300px\" \/><\/a><\/p>\n","protected":false},"featured_media":4811,"template":"","meta":{"_acf_changed":false},"product_brand":[],"product_cat":[238],"product_tag":[724,725,694,687,692],"class_list":{"0":"post-1653","1":"product","2":"type-product","3":"status-publish","4":"has-post-thumbnail","6":"product_cat-dc-ac-onduladores","7":"product_tag-450w-es","8":"product_tag-750w-es","9":"product_tag-conversores-industriales","10":"product_tag-ferroviario","11":"product_tag-inversores-dc-ac","13":"first","14":"instock","15":"featured","16":"product-type-simple"},"acf":[],"_links":{"self":[{"href":"https:\/\/premiumpsu.com\/es\/wp-json\/wp\/v2\/product\/1653","targetHints":{"allow":["GET"]}}],"collection":[{"href":"https:\/\/premiumpsu.com\/es\/wp-json\/wp\/v2\/product"}],"about":[{"href":"https:\/\/premiumpsu.com\/es\/wp-json\/wp\/v2\/types\/product"}],"wp:featuredmedia":[{"embeddable":true,"href":"https:\/\/premiumpsu.com\/es\/wp-json\/wp\/v2\/media\/4811"}],"wp:attachment":[{"href":"https:\/\/premiumpsu.com\/es\/wp-json\/wp\/v2\/media?parent=1653"}],"wp:term":[{"taxonomy":"product_brand","embeddable":true,"href":"https:\/\/premiumpsu.com\/es\/wp-json\/wp\/v2\/product_brand?post=1653"},{"taxonomy":"product_cat","embeddable":true,"href":"https:\/\/premiumpsu.com\/es\/wp-json\/wp\/v2\/product_cat?post=1653"},{"taxonomy":"product_tag","embeddable":true,"href":"https:\/\/premiumpsu.com\/es\/wp-json\/wp\/v2\/product_tag?post=1653"}],"curies":[{"name":"wp","href":"https:\/\/api.w.org\/{rel}","templated":true}]}}