{"id":1651,"date":"2019-03-28T15:37:54","date_gmt":"2019-03-28T14:37:54","guid":{"rendered":"http:\/\/premiumpsu.com\/product\/ecs-200\/"},"modified":"2024-10-21T09:35:39","modified_gmt":"2024-10-21T07:35:39","slug":"sistema-alimentacion-ininterrumpida-dc-200w-ecs-200","status":"publish","type":"product","link":"https:\/\/premiumpsu.com\/es\/producto\/sistema-alimentacion-ininterrumpida-dc-200w-ecs-200\/","title":{"rendered":"Sistemas de alimentaci\u00f3n ininterrumpida DC 200W"},"content":{"rendered":"","protected":false},"excerpt":{"rendered":"<p>La serie de <strong>SAI ECS-200<\/strong> ofrecen hasta<strong> 230W de potencia<\/strong> y disponen de posibilidad de desconexi\u00f3n de bater\u00eda por bater\u00eda baja. Su montaje es sencillo en la variedad que ofrece (superficie, carril DIN y rack).<\/p>\n<h2>CARACTER\u00cdSTICAS PRINCIPALES<\/h2>\n<p>Desconexi\u00f3n de la bater\u00eda por bater\u00eda baja<br \/>\nCarga de la bater\u00eda a corriente constante<br \/>\nSelecci\u00f3n de 4 niveles de corriente de carga<br \/>\nPaso de red a bater\u00eda sin ca\u00eddas de tensi\u00f3n<br \/>\nAlarmas independientes de fallo fuente y bater\u00eda baja<br \/>\nAdmite conexi\u00f3n en paralelo (salidas de 24 y 48V)<br \/>\nTemperatura de funcionamiento hasta 70\u00baC<\/p>\n","protected":false},"featured_media":8533,"template":"","meta":{"_acf_changed":false},"product_brand":[],"product_cat":[232,236],"product_tag":[697,696,695,729,730],"class_list":{"0":"post-1651","1":"product","2":"type-product","3":"status-publish","4":"has-post-thumbnail","6":"product_cat-ac-dc-cargadores-de-baterias","7":"product_cat-ac-dc-sai","8":"product_tag-200w-es","9":"product_tag-ac-dc-ups-es","10":"product_tag-cargador-baterias-ac-dc","11":"product_tag-fuente-alimentacion","12":"product_tag-interrumpible","14":"first","15":"instock","16":"product-type-simple"},"acf":[],"_links":{"self":[{"href":"https:\/\/premiumpsu.com\/es\/wp-json\/wp\/v2\/product\/1651","targetHints":{"allow":["GET"]}}],"collection":[{"href":"https:\/\/premiumpsu.com\/es\/wp-json\/wp\/v2\/product"}],"about":[{"href":"https:\/\/premiumpsu.com\/es\/wp-json\/wp\/v2\/types\/product"}],"wp:featuredmedia":[{"embeddable":true,"href":"https:\/\/premiumpsu.com\/es\/wp-json\/wp\/v2\/media\/8533"}],"wp:attachment":[{"href":"https:\/\/premiumpsu.com\/es\/wp-json\/wp\/v2\/media?parent=1651"}],"wp:term":[{"taxonomy":"product_brand","embeddable":true,"href":"https:\/\/premiumpsu.com\/es\/wp-json\/wp\/v2\/product_brand?post=1651"},{"taxonomy":"product_cat","embeddable":true,"href":"https:\/\/premiumpsu.com\/es\/wp-json\/wp\/v2\/product_cat?post=1651"},{"taxonomy":"product_tag","embeddable":true,"href":"https:\/\/premiumpsu.com\/es\/wp-json\/wp\/v2\/product_tag?post=1651"}],"curies":[{"name":"wp","href":"https:\/\/api.w.org\/{rel}","templated":true}]}}