{"id":1650,"date":"2019-03-28T15:37:54","date_gmt":"2019-03-28T14:37:54","guid":{"rendered":"http:\/\/premiumpsu.com\/product\/odx-6000\/"},"modified":"2025-09-29T12:49:05","modified_gmt":"2025-09-29T10:49:05","slug":"ondulador-dc-ac-trifasico-industrial-y-ferroviario-6000va-odx-6000","status":"publish","type":"product","link":"https:\/\/premiumpsu.com\/es\/producto\/ondulador-dc-ac-trifasico-industrial-y-ferroviario-6000va-odx-6000\/","title":{"rendered":"Onduladores DC\/AC Trif\u00e1sicos 6000W Industriales y Ferroviarios"},"content":{"rendered":"","protected":false},"excerpt":{"rendered":"<p>En Premium, estamos en constante b\u00fasqueda de tecnolog\u00edas que ofrezcan un rendimiento nuevo a cada uno de nuestros dispositivos.\u00a0<strong>Los onduladores industriales y ferroviarios ODX-6000 utilizan carburo de silicio (SiC), una tecnolog\u00eda que le ofrece alta densidad y una eficiencia de hasta un 94,3%.\u00a0<\/strong>El equipo puede funcionar a altas temperaturas, alta potencia y alta frecuencia. Evitar la p\u00e9rdida potencial de energ\u00eda es clave, y esta nueva serie de inversores DC\/AC trif\u00e1sicos de onda sinusoidal de 6000W son tambi\u00e9n una garant\u00eda de m\u00e1xima optimizaci\u00f3n del flujo el\u00e9ctrico.<\/p>\n<p><a href=\"#tab-vision-rapida\">M\u00e1s informaci\u00f3n<\/a><\/p>\n","protected":false},"featured_media":14537,"template":"","meta":{"_acf_changed":false},"product_brand":[],"product_cat":[238],"product_tag":[689,691,687,690,692],"class_list":{"0":"post-1650","1":"product","2":"type-product","3":"status-publish","4":"has-post-thumbnail","6":"product_cat-dc-ac-onduladores","7":"product_tag-3ph-es","8":"product_tag-conversores","9":"product_tag-ferroviario","10":"product_tag-industrial-es","11":"product_tag-inversores-dc-ac","13":"first","14":"instock","15":"featured","16":"product-type-simple"},"acf":[],"_links":{"self":[{"href":"https:\/\/premiumpsu.com\/es\/wp-json\/wp\/v2\/product\/1650","targetHints":{"allow":["GET"]}}],"collection":[{"href":"https:\/\/premiumpsu.com\/es\/wp-json\/wp\/v2\/product"}],"about":[{"href":"https:\/\/premiumpsu.com\/es\/wp-json\/wp\/v2\/types\/product"}],"wp:featuredmedia":[{"embeddable":true,"href":"https:\/\/premiumpsu.com\/es\/wp-json\/wp\/v2\/media\/14537"}],"wp:attachment":[{"href":"https:\/\/premiumpsu.com\/es\/wp-json\/wp\/v2\/media?parent=1650"}],"wp:term":[{"taxonomy":"product_brand","embeddable":true,"href":"https:\/\/premiumpsu.com\/es\/wp-json\/wp\/v2\/product_brand?post=1650"},{"taxonomy":"product_cat","embeddable":true,"href":"https:\/\/premiumpsu.com\/es\/wp-json\/wp\/v2\/product_cat?post=1650"},{"taxonomy":"product_tag","embeddable":true,"href":"https:\/\/premiumpsu.com\/es\/wp-json\/wp\/v2\/product_tag?post=1650"}],"curies":[{"name":"wp","href":"https:\/\/api.w.org\/{rel}","templated":true}]}}