{"id":1647,"date":"2019-03-28T15:37:54","date_gmt":"2019-03-28T14:37:54","guid":{"rendered":"http:\/\/premiumpsu.com\/product\/odx-1300\/"},"modified":"2025-09-18T09:50:37","modified_gmt":"2025-09-18T07:50:37","slug":"ondulador-dc-ac-trifasico-industrial-y-ferroviario-1300va-odx-1300","status":"publish","type":"product","link":"https:\/\/premiumpsu.com\/es\/producto\/ondulador-dc-ac-trifasico-industrial-y-ferroviario-1300va-odx-1300\/","title":{"rendered":"Onduladores DC\/AC Trif\u00e1sicos 1300VA Industriales y Ferroviarios"},"content":{"rendered":"","protected":false},"excerpt":{"rendered":"<p>Los ODX-1300 son inversores DC\/AC trif\u00e1sicos de onda sinusoidal que ofrecen 1300VA con m\u00faltiples combinaciones de entrada-salida. Todos los modelos han sido dise\u00f1ados para alimentar equipos industriales y son adecuados para el control de motores y ofrecen una versi\u00f3n para aplicaciones ferroviarias que cumple con la norma EN50155.<\/p>\n<p>Los convertidores ODX-1300 tienen una protecci\u00f3n contra corriente de salida m\u00e1xima y cuentan con una funci\u00f3n de desactivaci\u00f3n por subtensi\u00f3n de entrada. Los par\u00e1metros se pueden supervisar y ajustar a trav\u00e9s de la aplicaci\u00f3n PAMTool v\u00eda RS232 y su eficiencia puede llegar hasta hasta el 91%.<\/p>\n<h2><strong>Garant\u00eda de producto<\/strong><\/h2>\n<p><strong>3 a\u00f1os para versi\u00f3n industrial<\/strong><br \/>\n<strong>5 a\u00f1os para versi\u00f3n ferroviaria<\/strong><\/p>\n<p>&nbsp;<\/p>\n","protected":false},"featured_media":10659,"template":"","meta":{"_acf_changed":false},"product_brand":[],"product_cat":[238],"product_tag":[726,727,689,694,687,692],"class_list":{"0":"post-1647","1":"product","2":"type-product","3":"status-publish","4":"has-post-thumbnail","6":"product_cat-dc-ac-onduladores","7":"product_tag-1300va-es","8":"product_tag-3-phase-sinusoidal-es","9":"product_tag-3ph-es","10":"product_tag-conversores-industriales","11":"product_tag-ferroviario","12":"product_tag-inversores-dc-ac","14":"first","15":"instock","16":"product-type-simple"},"acf":[],"_links":{"self":[{"href":"https:\/\/premiumpsu.com\/es\/wp-json\/wp\/v2\/product\/1647","targetHints":{"allow":["GET"]}}],"collection":[{"href":"https:\/\/premiumpsu.com\/es\/wp-json\/wp\/v2\/product"}],"about":[{"href":"https:\/\/premiumpsu.com\/es\/wp-json\/wp\/v2\/types\/product"}],"wp:featuredmedia":[{"embeddable":true,"href":"https:\/\/premiumpsu.com\/es\/wp-json\/wp\/v2\/media\/10659"}],"wp:attachment":[{"href":"https:\/\/premiumpsu.com\/es\/wp-json\/wp\/v2\/media?parent=1647"}],"wp:term":[{"taxonomy":"product_brand","embeddable":true,"href":"https:\/\/premiumpsu.com\/es\/wp-json\/wp\/v2\/product_brand?post=1647"},{"taxonomy":"product_cat","embeddable":true,"href":"https:\/\/premiumpsu.com\/es\/wp-json\/wp\/v2\/product_cat?post=1647"},{"taxonomy":"product_tag","embeddable":true,"href":"https:\/\/premiumpsu.com\/es\/wp-json\/wp\/v2\/product_tag?post=1647"}],"curies":[{"name":"wp","href":"https:\/\/api.w.org\/{rel}","templated":true}]}}