{"id":1646,"date":"2019-03-28T15:37:54","date_gmt":"2019-03-28T14:37:54","guid":{"rendered":"http:\/\/premiumpsu.com\/product\/ods-3000\/"},"modified":"2025-09-18T09:50:46","modified_gmt":"2025-09-18T07:50:46","slug":"ondulador-dc-ac-alta-potencia-industrial-y-ferroviario-3000va-ods-3000","status":"publish","type":"product","link":"https:\/\/premiumpsu.com\/es\/producto\/ondulador-dc-ac-alta-potencia-industrial-y-ferroviario-3000va-ods-3000\/","title":{"rendered":"Onduladores DC\/AC Industriales y Ferroviarios 3000VA"},"content":{"rendered":"","protected":false},"excerpt":{"rendered":"<p><strong>El ODS-3000<\/strong> es una serie de<strong> inversores monof\u00e1sicos de onda sinusoidal de 120Vac o 230Vac DC\/AC que ofrece hasta 4000VA<\/strong>. Las se\u00f1ales de entrada y salida est\u00e1n aisladas galv\u00e1nicamente y la tensi\u00f3n de salida puede ajustarse mediante RS232 junto con otros par\u00e1metros que pueden supervisarse y controlarse a trav\u00e9s de una aplicaci\u00f3n disponible con todos los modelos. La tensi\u00f3n de entrada oscila entre 24Vdc y 300Vdc y la frecuencia puede ajustarse a 50Hz o 60Hz mediante un interruptor DIP.<\/p>\n<p><strong>Todos los modelos est\u00e1n dise\u00f1ados para cumplir la norma EN50155<\/strong> para material rodante y se adaptan perfectamente a una gran variedad de aplicaciones industriales. Esta serie de inversores ha sido dise\u00f1ada para el montaje en chasis y tambi\u00e9n est\u00e1 disponible un kit de montaje en rack. La refrigeraci\u00f3n tiene lugar a trav\u00e9s de un ventilador interno y los modelos ofrecen <strong>hasta un 91% de eficiencia.<\/strong><\/p>\n<p>En Premium ofrecemos la posibilidad de modificar el inversor <strong>DC\/AC ODS-3000<\/strong> a las necesidades de cada proyecto para convertirlo en la mejor soluci\u00f3n para cada aplicaci\u00f3n. La flexibilidad y la personalizaci\u00f3n es nuestro est\u00e1ndar, as\u00ed que no dudes en contactar con nosotros para <strong><a href=\"https:\/\/premiumpsu.com\/es\/\" target=\"_blank\" rel=\"noopener\">contarnos tu proyecto.<\/a><\/strong><\/p>\n<h2><strong>Garant\u00eda de producto\u00a0<\/strong><\/h2>\n<p><strong>3 a\u00f1os para versi\u00f3n industrial<\/strong><br \/>\n<strong>5 a\u00f1os para versi\u00f3n ferroviaria<\/strong><\/p>\n<p>&nbsp;<\/p>\n<h2>Soluciones complementarias<\/h2>\n<p><a href=\"https:\/\/premiumpsu.com\/es\/producto\/aci-3000-regulador-de-corriente-de-irrupcion\/\">ACI-3000<\/a> y <a href=\"https:\/\/premiumpsu.com\/es\/producto\/acb-3000-conmutador-estatico-de-transferencia\/\">ACB-3000<\/a><\/p>\n<p><a href=\"https:\/\/premiumpsu.com\/es\/producto\/aci-3000-regulador-de-corriente-de-irrupcion\/\"><img loading=\"lazy\" decoding=\"async\" class=\"alignnone size-medium wp-image-8290\" src=\"https:\/\/premiumpsu.com\/wp-content\/uploads\/2022\/02\/ACI-3000-300x300.jpg\" alt=\"ACI-3000 inrush current limiting accessory\" width=\"300\" height=\"300\" srcset=\"https:\/\/premiumpsu.com\/wp-content\/uploads\/2022\/02\/ACI-3000-300x300.jpg 300w, https:\/\/premiumpsu.com\/wp-content\/uploads\/2022\/02\/ACI-3000-80x80.jpg 80w, https:\/\/premiumpsu.com\/wp-content\/uploads\/2022\/02\/ACI-3000-768x768.jpg 768w, https:\/\/premiumpsu.com\/wp-content\/uploads\/2022\/02\/ACI-3000-36x36.jpg 36w, https:\/\/premiumpsu.com\/wp-content\/uploads\/2022\/02\/ACI-3000-180x180.jpg 180w, https:\/\/premiumpsu.com\/wp-content\/uploads\/2022\/02\/ACI-3000-705x705.jpg 705w, https:\/\/premiumpsu.com\/wp-content\/uploads\/2022\/02\/ACI-3000-100x100.jpg 100w, https:\/\/premiumpsu.com\/wp-content\/uploads\/2022\/02\/ACI-3000-450x450.jpg 450w, https:\/\/premiumpsu.com\/wp-content\/uploads\/2022\/02\/ACI-3000-600x600.jpg 600w, https:\/\/premiumpsu.com\/wp-content\/uploads\/2022\/02\/ACI-3000.jpg 1000w\" sizes=\"auto, (max-width: 300px) 100vw, 300px\" \/><\/a><a href=\"https:\/\/premiumpsu.com\/es\/producto\/acb-3000-conmutador-estatico-de-transferencia\/\" target=\"_blank\" rel=\"noopener\"><img loading=\"lazy\" decoding=\"async\" class=\"alignnone wp-image-9736 size-medium\" src=\"https:\/\/premiumpsu.com\/wp-content\/uploads\/2022\/03\/ACB-3000-redundancy-300x300.jpg\" alt=\"ACB-3000 Redundancy Static Transfer Switch\" width=\"300\" height=\"300\" srcset=\"https:\/\/premiumpsu.com\/wp-content\/uploads\/2022\/03\/ACB-3000-redundancy-300x300.jpg 300w, https:\/\/premiumpsu.com\/wp-content\/uploads\/2022\/03\/ACB-3000-redundancy-80x80.jpg 80w, https:\/\/premiumpsu.com\/wp-content\/uploads\/2022\/03\/ACB-3000-redundancy-768x768.jpg 768w, https:\/\/premiumpsu.com\/wp-content\/uploads\/2022\/03\/ACB-3000-redundancy-36x36.jpg 36w, https:\/\/premiumpsu.com\/wp-content\/uploads\/2022\/03\/ACB-3000-redundancy-180x180.jpg 180w, https:\/\/premiumpsu.com\/wp-content\/uploads\/2022\/03\/ACB-3000-redundancy-705x705.jpg 705w, https:\/\/premiumpsu.com\/wp-content\/uploads\/2022\/03\/ACB-3000-redundancy-100x100.jpg 100w, https:\/\/premiumpsu.com\/wp-content\/uploads\/2022\/03\/ACB-3000-redundancy-450x450.jpg 450w, https:\/\/premiumpsu.com\/wp-content\/uploads\/2022\/03\/ACB-3000-redundancy-600x600.jpg 600w, https:\/\/premiumpsu.com\/wp-content\/uploads\/2022\/03\/ACB-3000-redundancy.jpg 1000w\" sizes=\"auto, (max-width: 300px) 100vw, 300px\" \/><\/a><\/p>\n","protected":false},"featured_media":3646,"template":"","meta":{"_acf_changed":false},"product_brand":[],"product_cat":[238],"product_tag":[688,694,687,692],"class_list":{"0":"post-1646","1":"product","2":"type-product","3":"status-publish","4":"has-post-thumbnail","6":"product_cat-dc-ac-onduladores","7":"product_tag-3000va-es","8":"product_tag-conversores-industriales","9":"product_tag-ferroviario","10":"product_tag-inversores-dc-ac","12":"first","13":"instock","14":"featured","15":"product-type-simple"},"acf":[],"_links":{"self":[{"href":"https:\/\/premiumpsu.com\/es\/wp-json\/wp\/v2\/product\/1646","targetHints":{"allow":["GET"]}}],"collection":[{"href":"https:\/\/premiumpsu.com\/es\/wp-json\/wp\/v2\/product"}],"about":[{"href":"https:\/\/premiumpsu.com\/es\/wp-json\/wp\/v2\/types\/product"}],"wp:featuredmedia":[{"embeddable":true,"href":"https:\/\/premiumpsu.com\/es\/wp-json\/wp\/v2\/media\/3646"}],"wp:attachment":[{"href":"https:\/\/premiumpsu.com\/es\/wp-json\/wp\/v2\/media?parent=1646"}],"wp:term":[{"taxonomy":"product_brand","embeddable":true,"href":"https:\/\/premiumpsu.com\/es\/wp-json\/wp\/v2\/product_brand?post=1646"},{"taxonomy":"product_cat","embeddable":true,"href":"https:\/\/premiumpsu.com\/es\/wp-json\/wp\/v2\/product_cat?post=1646"},{"taxonomy":"product_tag","embeddable":true,"href":"https:\/\/premiumpsu.com\/es\/wp-json\/wp\/v2\/product_tag?post=1646"}],"curies":[{"name":"wp","href":"https:\/\/api.w.org\/{rel}","templated":true}]}}