{"id":1645,"date":"2019-03-29T13:34:58","date_gmt":"2019-03-29T12:34:58","guid":{"rendered":"http:\/\/premiumpsu.com\/product\/eps-120\/"},"modified":"2024-10-21T10:02:14","modified_gmt":"2024-10-21T08:02:14","slug":"sistema-alimentacion-ininterrumpida-dc-120w-eps-120","status":"publish","type":"product","link":"https:\/\/premiumpsu.com\/es\/producto\/sistema-alimentacion-ininterrumpida-dc-120w-eps-120\/","title":{"rendered":"Sistemas de alimentaci\u00f3n ininterrumpida DC 120W (180Wpk) 48V  Ethernet"},"content":{"rendered":"","protected":false},"excerpt":{"rendered":"<p>Los <strong>EPS-120 son SAIs de 120W<\/strong> y 48V DC con monitorizaci\u00f3n y control remoto. Est\u00e1n especialmente dise\u00f1ados para aplicaciones para la Industria 4.0, el Internet de las Cosas y las redes inteligentes. En <strong>Premium PSU<\/strong> dise\u00f1amos soluciones que aportan nuevas prestaciones a cada uno de nuestros dispositivos.<\/p>\n<p>Ofrece 120W de forma continua y 200W durante 4 segundos cada minuto y su tensi\u00f3n de entrada es de 230Vac.<\/p>\n<p>El EPS-120 es un sistema de alimentaci\u00f3n ininterrumpida, su misi\u00f3n es mantener la alimentaci\u00f3n de las cargas en todo momento. Esta serie incluye servicios WEB, a los que se puede acceder a trav\u00e9s de un puerto RJ45\/Ethernet.<\/p>\n<h2>CARACTER\u00cdSTICAS PRINCIPALES<\/h2>\n<p>Funcionamiento completo sin necesidad de bater\u00eda<br \/>\nMonitorizaci\u00f3n local con 8 LEDs<br \/>\nMonitorizaci\u00f3n remota con 4 rel\u00e9s de alarma<br \/>\nMonitorizaci\u00f3n y configuraci\u00f3n v\u00eda Ethernet<br \/>\nServidor WEB incorporado<br \/>\nTest de capacidad de bater\u00eda sin disipaci\u00f3n de calor<\/p>\n<p>\u00bfBusca una EPS-120 con diferentes caracter\u00edsticas t\u00e9cnicas? <a href=\"https:\/\/premiumpsu.com\/es\/contacto\/\">\u00a1Cu\u00e9ntanos tu reto y lo haremos nuestro a partir de ahora!<\/a><\/p>\n<p>&nbsp;<\/p>\n<h2>Garant\u00eda del producto<\/h2>\n<p><strong>3 A\u00d1OS<\/strong><\/p>\n","protected":false},"featured_media":3678,"template":"","meta":{"_acf_changed":false},"product_brand":[],"product_cat":[232,236],"product_tag":[700,699,696,695,698],"class_list":{"0":"post-1645","1":"product","2":"type-product","3":"status-publish","4":"has-post-thumbnail","6":"product_cat-ac-dc-cargadores-de-baterias","7":"product_cat-ac-dc-sai","8":"product_tag-120w-es","9":"product_tag-48v-es","10":"product_tag-ac-dc-ups-es","11":"product_tag-cargador-baterias-ac-dc","12":"product_tag-ethernet-es","14":"first","15":"instock","16":"shipping-taxable","17":"product-type-simple"},"acf":[],"_links":{"self":[{"href":"https:\/\/premiumpsu.com\/es\/wp-json\/wp\/v2\/product\/1645","targetHints":{"allow":["GET"]}}],"collection":[{"href":"https:\/\/premiumpsu.com\/es\/wp-json\/wp\/v2\/product"}],"about":[{"href":"https:\/\/premiumpsu.com\/es\/wp-json\/wp\/v2\/types\/product"}],"wp:featuredmedia":[{"embeddable":true,"href":"https:\/\/premiumpsu.com\/es\/wp-json\/wp\/v2\/media\/3678"}],"wp:attachment":[{"href":"https:\/\/premiumpsu.com\/es\/wp-json\/wp\/v2\/media?parent=1645"}],"wp:term":[{"taxonomy":"product_brand","embeddable":true,"href":"https:\/\/premiumpsu.com\/es\/wp-json\/wp\/v2\/product_brand?post=1645"},{"taxonomy":"product_cat","embeddable":true,"href":"https:\/\/premiumpsu.com\/es\/wp-json\/wp\/v2\/product_cat?post=1645"},{"taxonomy":"product_tag","embeddable":true,"href":"https:\/\/premiumpsu.com\/es\/wp-json\/wp\/v2\/product_tag?post=1645"}],"curies":[{"name":"wp","href":"https:\/\/api.w.org\/{rel}","templated":true}]}}