{"id":1644,"date":"2019-03-29T13:36:43","date_gmt":"2019-03-29T12:36:43","guid":{"rendered":"http:\/\/premiumpsu.com\/product\/eps-200\/"},"modified":"2022-12-02T15:42:32","modified_gmt":"2022-12-02T14:42:32","slug":"sistema-alimentancion-ininterrumpida-ethernet-200w-eps-200","status":"publish","type":"product","link":"https:\/\/premiumpsu.com\/es\/producto\/sistema-alimentancion-ininterrumpida-ethernet-200w-eps-200\/","title":{"rendered":"Sistemas de alimentaci\u00f3n ininterrumpida DC 200W (400Wpk)  48V Ethernet"},"content":{"rendered":"","protected":false},"excerpt":{"rendered":"<p>En <strong>Premium PSU<\/strong>, dise\u00f1amos soluciones que aportan nuevas prestaciones a cada uno de nuestros dispositivos. La serie de <strong>SAIs EPS-200<\/strong> son <strong>rectificadores\/cargadores de bater\u00edas<\/strong> de 48V que gestionan la carga de bater\u00edas de plomo con capacidades que van de 10Ah a 20Ah. <strong>Ofrece 200W de forma continua y 400W durante 10 segundos cada minuto<\/strong> y su tensi\u00f3n de entrada es de 230Vac. Esta serie ha sido dise\u00f1ada para aplicaciones de la Industria 4.0, IoT y redes inteligentes.<\/p>\n<p>El <strong>EPS-200 es un sistema de alimentaci\u00f3n ininterrumpida y su misi\u00f3n es mantener la alimentaci\u00f3n de las cargas en todo momento<\/strong>. Esta serie incluye servicios WEB, a los que se puede acceder a trav\u00e9s de un puerto RJ45\/Ethernet.<\/p>\n<h2>Caracter\u00edsticas principales<\/h2>\n<ul>\n<li>Funcionamiento completo sin necesidad de bater\u00eda<\/li>\n<li>Monitorizaci\u00f3n local con 8 LEDs<\/li>\n<li>Monitorizaci\u00f3n remota con 4 rel\u00e9s de alarma<\/li>\n<li>Monitorizaci\u00f3n y configuraci\u00f3n v\u00eda Ethernet\/RJ45<\/li>\n<li><strong>Protocolos TCP\/IP, DHCP, ICMP, HTTP, SNTP, LDAP, SNMP<\/strong><\/li>\n<li>Servidor WEB incorporado<\/li>\n<li>Test de capacidad de bater\u00eda sin disipaci\u00f3n de calor<\/li>\n<li>Sensor de temperatura<\/li>\n<li>Aislamiento de 10kVac (sobretensiones de 20kV)<\/li>\n<\/ul>\n<p>\u00bfBusca un EPS-200 con diferentes caracter\u00edsticas t\u00e9cnicas? \u00a1<a href=\"https:\/\/premiumpsu.com\/es\/contacto\/\">Expl\u00edcanos tu reto y lo haremos nuestro a partir de ya!<\/a><\/p>\n<h2>Garant\u00eda de producto<\/h2>\n<p><strong>3 a\u00f1os<\/strong><\/p>\n","protected":false},"featured_media":3627,"template":"","meta":{"_acf_changed":false},"product_brand":[],"product_cat":[232,236],"product_tag":[697,699,696,695,698],"class_list":{"0":"post-1644","1":"product","2":"type-product","3":"status-publish","4":"has-post-thumbnail","6":"product_cat-ac-dc-cargadores-de-baterias","7":"product_cat-ac-dc-sai","8":"product_tag-200w-es","9":"product_tag-48v-es","10":"product_tag-ac-dc-ups-es","11":"product_tag-cargador-baterias-ac-dc","12":"product_tag-ethernet-es","14":"first","15":"instock","16":"featured","17":"shipping-taxable","18":"product-type-simple"},"acf":[],"_links":{"self":[{"href":"https:\/\/premiumpsu.com\/es\/wp-json\/wp\/v2\/product\/1644","targetHints":{"allow":["GET"]}}],"collection":[{"href":"https:\/\/premiumpsu.com\/es\/wp-json\/wp\/v2\/product"}],"about":[{"href":"https:\/\/premiumpsu.com\/es\/wp-json\/wp\/v2\/types\/product"}],"wp:featuredmedia":[{"embeddable":true,"href":"https:\/\/premiumpsu.com\/es\/wp-json\/wp\/v2\/media\/3627"}],"wp:attachment":[{"href":"https:\/\/premiumpsu.com\/es\/wp-json\/wp\/v2\/media?parent=1644"}],"wp:term":[{"taxonomy":"product_brand","embeddable":true,"href":"https:\/\/premiumpsu.com\/es\/wp-json\/wp\/v2\/product_brand?post=1644"},{"taxonomy":"product_cat","embeddable":true,"href":"https:\/\/premiumpsu.com\/es\/wp-json\/wp\/v2\/product_cat?post=1644"},{"taxonomy":"product_tag","embeddable":true,"href":"https:\/\/premiumpsu.com\/es\/wp-json\/wp\/v2\/product_tag?post=1644"}],"curies":[{"name":"wp","href":"https:\/\/api.w.org\/{rel}","templated":true}]}}