{"id":1643,"date":"2019-03-29T13:37:09","date_gmt":"2019-03-29T12:37:09","guid":{"rendered":"http:\/\/premiumpsu.com\/product\/edt-150\/"},"modified":"2026-02-24T12:23:18","modified_gmt":"2026-02-24T11:23:18","slug":"sistema-alimentacion-ininterrumpida-dc-150w-ethernet-edt-150","status":"publish","type":"product","link":"https:\/\/premiumpsu.com\/es\/producto\/sistema-alimentacion-ininterrumpida-dc-150w-ethernet-edt-150\/","title":{"rendered":"Sistemas de alimentaci\u00f3n ininterrumpida DC 150W (275Wpk) 3 salidas Ethernet"},"content":{"rendered":"","protected":false},"excerpt":{"rendered":"<p>Los <strong>EDT-150 son SAI DC de 150W para bater\u00edas de 12V<\/strong> y ofrecen salidas de 12V y 48V. Est\u00e1n especialmente dise\u00f1ados para aplicaciones de industrial 4.0, IoT y smart grids.<\/p>\n<h2>CARACTER\u00cdSTICAS PRINCIPALES<\/h2>\n<ul>\n<li>Funcionamiento completo sin necesidad de bater\u00eda<\/li>\n<li>Salidas de 48V independientes para maniobra y control<\/li>\n<li>Monitorizaci\u00f3n local con 8 LEDs<\/li>\n<li>Monitorizaci\u00f3n remota con 4 rel\u00e9s de alarma<\/li>\n<li>Monitorizaci\u00f3n y configuraci\u00f3n v\u00eda Ethernet<\/li>\n<li>Servidor WEB incorporado<\/li>\n<li>Test de capacidad de bater\u00eda sin disipaci\u00f3n de calor<\/li>\n<\/ul>\n","protected":false},"featured_media":3675,"template":"","meta":{"_acf_changed":false},"product_brand":[],"product_cat":[232,236],"product_tag":[697,731,699,696,695,698],"class_list":{"0":"post-1643","1":"product","2":"type-product","3":"status-publish","4":"has-post-thumbnail","6":"product_cat-ac-dc-cargadores-de-baterias","7":"product_cat-ac-dc-sai","8":"product_tag-200w-es","9":"product_tag-400wpf-es","10":"product_tag-48v-es","11":"product_tag-ac-dc-ups-es","12":"product_tag-cargador-baterias-ac-dc","13":"product_tag-ethernet-es","15":"first","16":"instock","17":"featured","18":"shipping-taxable","19":"product-type-simple"},"acf":[],"_links":{"self":[{"href":"https:\/\/premiumpsu.com\/es\/wp-json\/wp\/v2\/product\/1643","targetHints":{"allow":["GET"]}}],"collection":[{"href":"https:\/\/premiumpsu.com\/es\/wp-json\/wp\/v2\/product"}],"about":[{"href":"https:\/\/premiumpsu.com\/es\/wp-json\/wp\/v2\/types\/product"}],"wp:featuredmedia":[{"embeddable":true,"href":"https:\/\/premiumpsu.com\/es\/wp-json\/wp\/v2\/media\/3675"}],"wp:attachment":[{"href":"https:\/\/premiumpsu.com\/es\/wp-json\/wp\/v2\/media?parent=1643"}],"wp:term":[{"taxonomy":"product_brand","embeddable":true,"href":"https:\/\/premiumpsu.com\/es\/wp-json\/wp\/v2\/product_brand?post=1643"},{"taxonomy":"product_cat","embeddable":true,"href":"https:\/\/premiumpsu.com\/es\/wp-json\/wp\/v2\/product_cat?post=1643"},{"taxonomy":"product_tag","embeddable":true,"href":"https:\/\/premiumpsu.com\/es\/wp-json\/wp\/v2\/product_tag?post=1643"}],"curies":[{"name":"wp","href":"https:\/\/api.w.org\/{rel}","templated":true}]}}