{"id":16201,"date":"2024-04-03T15:04:02","date_gmt":"2024-04-03T13:04:02","guid":{"rendered":"https:\/\/premiumpsu.com\/product\/variador-de-frecuencia-ac-ac-para-ferroviariode-10-kw\/"},"modified":"2024-07-17T14:16:42","modified_gmt":"2024-07-17T12:16:42","slug":"variador-de-frecuencia-ac-ac-para-ferroviariode-10-kw","status":"publish","type":"product","link":"https:\/\/premiumpsu.com\/es\/producto\/variador-de-frecuencia-ac-ac-para-ferroviariode-10-kw\/","title":{"rendered":"Variador de frecuencia AC\/AC para ferroviariode 10 kW"},"content":{"rendered":"","protected":false},"excerpt":{"rendered":"<p>Presentamos el <strong>VDX-10K<\/strong>, el avanzado <strong>variador trif\u00e1sico de frecuencia senoidal AC\/AC dise\u00f1ado<\/strong> para optimizar las <strong>aplicaciones<\/strong> de control de <strong>motores ferroviarios<\/strong>. Con una serie de potentes funciones, esta unidad proporciona un control y una protecci\u00f3n sin precedentes.<\/p>\n<p>El <strong>VDX-10K<\/strong> ofrece un <strong>arranque suave y controlado de los motores mediante un mecanismo de arranque suave personalizable<\/strong>. Durante el arranque, la tensi\u00f3n de salida aumenta gradualmente desde 0V hasta el nivel deseado, acompa\u00f1ada de una transici\u00f3n de frecuencia lineal. El arranque suave puede configurarse c\u00f3modamente a trav\u00e9s de las <strong>interfaces RS-232 o CAN Bus<\/strong>, lo que permite un control preciso de la aceleraci\u00f3n del motor.<\/p>\n<p>El <strong>VDX-10K es un variador de frecuencia ferroviario vers\u00e1til<\/strong> que permite ajustar la velocidad de rotaci\u00f3n del motor en funci\u00f3n de la relaci\u00f3n tensi\u00f3n\/frecuencia que se adapte a los requisitos espec\u00edficos. Por defecto, la unidad admite el modo inverso, lo que permite cambiar c\u00f3modamente el sentido de giro para la posterior puesta en marcha del motor aplicando una tensi\u00f3n de entre 15 V y 143 V. Adem\u00e1s, el modo de potencia media permite ajustar la frecuencia de salida en el modo V\/F desde la frecuencia nominal hasta la frecuencia de potencia media utilizando una tensi\u00f3n dentro del mismo rango.<\/p>\n<p>La serie <strong>AC\/AC VDX-10K para ferroviario<\/strong> est\u00e1 equipado con protecciones de potencia media m\u00e1xima y corriente de pico de salida m\u00e1xima. Estos avanzados mecanismos de protecci\u00f3n garantizan la seguridad de los semiconductores, incluso en caso de cortocircuito en la salida. Adem\u00e1s, la unidad cuenta con una funci\u00f3n de desactivaci\u00f3n de la entrada por subtensi\u00f3n, lo que proporciona una capa adicional de seguridad para las aplicaciones ferroviarias.<\/p>\n<p>Con sus funciones de vanguardia, su protecci\u00f3n integral y su facilidad de uso, el VDX-10K es la elecci\u00f3n definitiva para un control eficaz de motores en el mercado ferroviario.<\/p>\n<h2>Caracter\u00edsticas principales<\/h2>\n<p>Tensi\u00f3n de salida de onda sinusoidal<br \/>\nAdecuado para el control de motores<br \/>\nFrecuencia de salida ajustable<br \/>\nVoltaje de salida ajustable<br \/>\nControl remoto ON\/OFF optoacoplado<br \/>\nAlarma por contactos de rel\u00e9 aislados<br \/>\nEntrada configurable: Potencia inversa o media<br \/>\nControl remoto mediante RS232 o bus CAN<br \/>\nFerrocarril seg\u00fan EN50155<br \/>\nFuego y humo: EN45545-2<\/p>\n<h2>Garant\u00eda<\/h2>\n<p><strong>5 a\u00f1os <\/strong><\/p>\n","protected":false},"featured_media":15089,"template":"","meta":{"_acf_changed":false},"product_brand":[],"product_cat":[234],"product_tag":[],"class_list":{"0":"post-16201","1":"product","2":"type-product","3":"status-publish","4":"has-post-thumbnail","6":"product_cat-ac-ac-variadores-de-frecuencia","8":"first","9":"instock","10":"shipping-taxable","11":"product-type-simple"},"acf":[],"_links":{"self":[{"href":"https:\/\/premiumpsu.com\/es\/wp-json\/wp\/v2\/product\/16201","targetHints":{"allow":["GET"]}}],"collection":[{"href":"https:\/\/premiumpsu.com\/es\/wp-json\/wp\/v2\/product"}],"about":[{"href":"https:\/\/premiumpsu.com\/es\/wp-json\/wp\/v2\/types\/product"}],"wp:featuredmedia":[{"embeddable":true,"href":"https:\/\/premiumpsu.com\/es\/wp-json\/wp\/v2\/media\/15089"}],"wp:attachment":[{"href":"https:\/\/premiumpsu.com\/es\/wp-json\/wp\/v2\/media?parent=16201"}],"wp:term":[{"taxonomy":"product_brand","embeddable":true,"href":"https:\/\/premiumpsu.com\/es\/wp-json\/wp\/v2\/product_brand?post=16201"},{"taxonomy":"product_cat","embeddable":true,"href":"https:\/\/premiumpsu.com\/es\/wp-json\/wp\/v2\/product_cat?post=16201"},{"taxonomy":"product_tag","embeddable":true,"href":"https:\/\/premiumpsu.com\/es\/wp-json\/wp\/v2\/product_tag?post=16201"}],"curies":[{"name":"wp","href":"https:\/\/api.w.org\/{rel}","templated":true}]}}