{"id":16024,"date":"2024-03-11T14:54:37","date_gmt":"2024-03-11T13:54:37","guid":{"rendered":"https:\/\/premiumpsu.com\/product\/convertidor-de-frecuencia-y-tension-ac-ac\/"},"modified":"2024-06-05T11:29:10","modified_gmt":"2024-06-05T09:29:10","slug":"convertidor-de-frecuencia-y-tension-ac-ac","status":"publish","type":"product","link":"https:\/\/premiumpsu.com\/es\/producto\/convertidor-de-frecuencia-y-tension-ac-ac\/","title":{"rendered":"Convertidor de frecuencia y tensi\u00f3n AC\/AC"},"content":{"rendered":"","protected":false},"excerpt":{"rendered":"<p>Como parte de la <strong>nueva serie AC Master<\/strong>, el <strong>TDS-3300<\/strong> es un convertidor de frecuencia y voltaje AC\/AC trif\u00e1sico de 400 VAC.<\/p>\n<p>El <strong>TDX-3300<\/strong>, es un notable logro del departamento de ingenier\u00eda, que incorpora un innovador convertidor de frecuencia para mejorar la estabilidad de la alimentaci\u00f3n en caso de fluctuaciones de tensi\u00f3n. Esta innovaci\u00f3n garantiza una tensi\u00f3n de salida constante, salvaguardando los equipos ferroviarios vitales de la p\u00e9rdida de potencia. Adem\u00e1s, el modelo <strong>TDS-3300<\/strong> ofrece una tensi\u00f3n estable para las tomas de vagones de pasajeros y locomotoras, con la posibilidad de cambiar la frecuencia seg\u00fan sea necesario, por ejemplo, a 60 Hz.<\/p>\n<p>Ideales para su uso en sistemas cr\u00edticos de seguridad e infraestructuras ferroviarias esenciales, los modelos <strong>TDX-3300 y TDS-3300<\/strong> ofrecen toda una serie de ventajas que los convierten en una soluci\u00f3n indispensable para alimentar diversas aplicaciones.<\/p>\n<h2>Caracter\u00edsticas principales TDX y TDS-3300<\/h2>\n<ul>\n<li><strong>Estabilidad de salida<\/strong> El convertidor elevador permite una tensi\u00f3n de salida constante, independientemente de las fluctuaciones de la tensi\u00f3n de entrada, lo que garantiza la fiabilidad de la electr\u00f3nica y los sistemas de a bordo.<\/li>\n<li><strong>Mayor seguridad<\/strong>: Con una regulaci\u00f3n firme del suministro el\u00e9ctrico, los equipos ferroviarios cr\u00edticos siguen funcionando, incluso durante perturbaciones o fluctuaciones del suministro.<\/li>\n<li><strong>Aplicaci\u00f3n vers\u00e1til<\/strong>: El TDX-3300 encuentra su lugar en una gran variedad de aplicaciones ferroviarias, desde la alimentaci\u00f3n de motores el\u00e9ctricos hasta bombas de agua y ventiladores esenciales. El TDS-3300 es adecuado para alimentar tomas de corriente en trenes.<\/li>\n<\/ul>\n<h2>Garant\u00eda<\/h2>\n<p><strong>5 a\u00f1os <\/strong><\/p>\n","protected":false},"featured_media":16018,"template":"","meta":{"_acf_changed":false},"product_brand":[],"product_cat":[234],"product_tag":[],"class_list":{"0":"post-16024","1":"product","2":"type-product","3":"status-publish","4":"has-post-thumbnail","6":"product_cat-ac-ac-variadores-de-frecuencia","8":"first","9":"instock","10":"shipping-taxable","11":"product-type-simple"},"acf":[],"_links":{"self":[{"href":"https:\/\/premiumpsu.com\/es\/wp-json\/wp\/v2\/product\/16024","targetHints":{"allow":["GET"]}}],"collection":[{"href":"https:\/\/premiumpsu.com\/es\/wp-json\/wp\/v2\/product"}],"about":[{"href":"https:\/\/premiumpsu.com\/es\/wp-json\/wp\/v2\/types\/product"}],"wp:featuredmedia":[{"embeddable":true,"href":"https:\/\/premiumpsu.com\/es\/wp-json\/wp\/v2\/media\/16018"}],"wp:attachment":[{"href":"https:\/\/premiumpsu.com\/es\/wp-json\/wp\/v2\/media?parent=16024"}],"wp:term":[{"taxonomy":"product_brand","embeddable":true,"href":"https:\/\/premiumpsu.com\/es\/wp-json\/wp\/v2\/product_brand?post=16024"},{"taxonomy":"product_cat","embeddable":true,"href":"https:\/\/premiumpsu.com\/es\/wp-json\/wp\/v2\/product_cat?post=16024"},{"taxonomy":"product_tag","embeddable":true,"href":"https:\/\/premiumpsu.com\/es\/wp-json\/wp\/v2\/product_tag?post=16024"}],"curies":[{"name":"wp","href":"https:\/\/api.w.org\/{rel}","templated":true}]}}