{"id":5729,"date":"2021-01-21T09:51:38","date_gmt":"2021-01-21T08:51:38","guid":{"rendered":"https:\/\/premiumpsu.com\/?page_id=5729"},"modified":"2024-08-08T09:26:52","modified_gmt":"2024-08-08T07:26:52","slug":"suscripcion","status":"publish","type":"page","link":"https:\/\/premiumpsu.com\/es\/suscripcion\/","title":{"rendered":"Suscripci\u00f3n"},"content":{"rendered":"<style type=\"text\/css\" data-created_by=\"avia_inline_auto\" id=\"style-css-av-6hs6td-2f65bb24fead95485c3aebab0a214c0c\"> .flex_column.av-6hs6td-2f65bb24fead95485c3aebab0a214c0c{ border-radius:0px 0px 0px 0px; padding:0px 0px 0px 0px; } <\/style> <div  class='flex_column av-6hs6td-2f65bb24fead95485c3aebab0a214c0c av_one_fourth  avia-builder-el-0  el_before_av_one_half  avia-builder-el-first  first flex_column_div av-zero-column-padding'     ><\/div>  <style type=\"text\/css\" data-created_by=\"avia_inline_auto\" id=\"style-css-av-4ryysh-2009e9c736a8b0d7039608061ad5c40c\"> .flex_column.av-4ryysh-2009e9c736a8b0d7039608061ad5c40c{ border-radius:0px 0px 0px 0px; padding:0px 0px 0px 0px; } <\/style> <div  class='flex_column av-4ryysh-2009e9c736a8b0d7039608061ad5c40c av_one_half  avia-builder-el-1  el_after_av_one_fourth  el_before_av_one_fourth  flex_column_div av-zero-column-padding'     ><section  class='av_textblock_section av-kk6m42yo-5261b83c6b5af21655ca1f5a06ad0259'  ><div class='avia_textblock' ><h2 class=\"title-form-TR\" style=\"text-align: left;\">\u00bfQuieres recibir nuestras novedades?<\/h2> <div><\/div> <div class=\"desc-form-TR\" style=\"text-align: left;\">S\u00e9 el primero en enterarte de los nuevos lanzamientos, art\u00edculos t\u00e9cnicos y mucho m\u00e1s.<\/div> <div style=\"text-align: left;\"><\/div> <div><\/div> <div style=\"text-align: left;\"> <div class=\"wpcf7 no-js\" id=\"wpcf7-f14101-o1\" lang=\"en-US\" dir=\"ltr\" data-wpcf7-id=\"14101\"> <div class=\"screen-reader-response\"><p role=\"status\" aria-live=\"polite\" aria-atomic=\"true\"><\/p> <ul><\/ul><\/div> <form action=\"\/es\/wp-json\/wp\/v2\/pages\/5729#wpcf7-f14101-o1\" method=\"post\" class=\"wpcf7-form init 3685db4b0f20 cmatic-conn cmatic-aud-2 cmatic-mapd0-0 cmatic-v0976 cmatic-sent-0 cmatic-total-1138\" aria-label=\"Contact form\" novalidate=\"novalidate\" data-status=\"init\"> <fieldset class=\"hidden-fields-container\"><input type=\"hidden\" name=\"_wpcf7\" value=\"14101\" \/><input type=\"hidden\" name=\"_wpcf7_version\" value=\"6.1.5\" \/><input type=\"hidden\" name=\"_wpcf7_locale\" value=\"en_US\" \/><input type=\"hidden\" name=\"_wpcf7_unit_tag\" value=\"wpcf7-f14101-o1\" \/><input type=\"hidden\" name=\"_wpcf7_container_post\" value=\"0\" \/><input type=\"hidden\" name=\"_wpcf7_posted_data_hash\" value=\"\" \/><input type=\"hidden\" name=\"_wpcf7_recaptcha_response\" value=\"\" \/> <\/fieldset> <div class=\"fifty-form\"> \t<p><span class=\"wpcf7-form-control-wrap\" data-name=\"your-email\"><input size=\"40\" maxlength=\"400\" class=\"wpcf7-form-control wpcf7-email wpcf7-validates-as-required wpcf7-text wpcf7-validates-as-email\" aria-required=\"true\" aria-invalid=\"false\" placeholder=\"Email\" value=\"\" type=\"email\" name=\"your-email\" \/><\/span> \t<\/p> <\/div> <div class=\"full-form\" style=\"color:#fff;\"> \t<p><span class=\"wpcf7-form-control-wrap\" data-name=\"acceptance-495\"><span class=\"wpcf7-form-control wpcf7-acceptance\"><span class=\"wpcf7-list-item\"><label><input type=\"checkbox\" name=\"acceptance-495\" value=\"1\" aria-invalid=\"false\" \/><span class=\"wpcf7-list-item-label\">Acepto que mis datos personales sean empleados para las finalidades comerciales por medios electr\u00f3nicos.<\/span><\/label><\/span><\/span><\/span> \t<\/p> <\/div> <div class=\"full-form\" style=\"color:#fff;\"> \t<p><span class=\"wpcf7-form-control-wrap\" data-name=\"acceptance-495\"><span class=\"wpcf7-form-control wpcf7-acceptance\"><span class=\"wpcf7-list-item\"><label><input type=\"checkbox\" name=\"acceptance-495\" value=\"1\" aria-invalid=\"false\" \/><span class=\"wpcf7-list-item-label\">Acepto y he le\u00eddo <a href=\"https:\/\/premiumpsu.com\/es\/politica-de-privacidad\/\"> la pol\u00edtica de privacidad<\/a><\/span><\/label><\/span><\/span><\/span> \t<\/p> <\/div> <div class=\"column-full\"> <span class=\"wpcf7-form-control-wrap recaptcha\" data-name=\"recaptcha\"><span data-sitekey=\"6Lf0QKEqAAAAAM9xv12GY1O9bZ6iQI5s4TeQExSK\" class=\"wpcf7-form-control wpcf7-recaptcha g-recaptcha\"><\/span>  <noscript>  \t<div class=\"grecaptcha-noscript\">  \t\t<iframe loading=\"lazy\" src=\"https:\/\/www.recaptcha.net\/recaptcha\/api\/fallback?k=6Lf0QKEqAAAAAM9xv12GY1O9bZ6iQI5s4TeQExSK\" frameborder=\"0\" scrolling=\"no\" width=\"310\" height=\"430\">  \t\t<\/iframe>  \t\t<textarea name=\"g-recaptcha-response\" rows=\"3\" cols=\"40\" placeholder=\"reCaptcha Response Here\">  \t\t<\/textarea>  \t<\/div>  <\/noscript>  <\/span> <\/div> <p><input type=\"hidden\" name=\"utm_campaign\" value=\"\" \/> <\/p> <p><input type=\"hidden\" name=\"utm_source\" value=\"\" \/> <\/p> <p><input type=\"hidden\" name=\"utm_medium\" value=\"\" \/> <\/p> <p><input type=\"hidden\" name=\"utm_term\" value=\"\" \/> <\/p> <p><input type=\"hidden\" name=\"utm_content\" value=\"\" \/> <\/p> <p><input type=\"hidden\" name=\"gclid\" value=\"\" \/> <\/p> <div class=\"fifty-form\"> \t<p><input class=\"wpcf7-form-control wpcf7-submit has-spinner\" type=\"submit\" value=\"Suscribirme\" \/> \t<\/p> <\/div> <style>#wpcf7-f7895-p7312-o7 .wpcf7-submit{width: 100%;padding: 8px;} <\/style> <p class='tawofo'><span class=\"wpcf7-form-control-wrap\" data-name=\"tawofo\"><input size=\"40\" maxlength=\"400\" class=\"wpcf7-form-control wpcf7-text\" aria-invalid=\"false\" value=\"\" type=\"text\" name=\"tawofo\" \/><\/span> <\/p><div class=\"wpcf7-response-output\" aria-hidden=\"true\"><\/div> <\/form> <\/div> <\/div> <div><\/div> <div style=\"text-align: left;\"><\/div> <div class=\"small-txt-form\" style=\"text-align: left;\"><\/div> <\/div><\/section><\/div> <style type=\"text\/css\" data-created_by=\"avia_inline_auto\" id=\"style-css-av-1tkl9t-79a5f129e1ba13f211d7c9e64fb03a72\"> .flex_column.av-1tkl9t-79a5f129e1ba13f211d7c9e64fb03a72{ border-radius:0px 0px 0px 0px; padding:0px 0px 0px 0px; } <\/style> <div  class='flex_column av-1tkl9t-79a5f129e1ba13f211d7c9e64fb03a72 av_one_fourth  avia-builder-el-3  el_after_av_one_half  avia-builder-el-last  flex_column_div av-zero-column-padding'     ><\/div>","protected":false},"excerpt":{"rendered":"","protected":false},"author":8,"featured_media":0,"parent":0,"menu_order":0,"comment_status":"closed","ping_status":"closed","template":"","meta":{"_acf_changed":false,"footnotes":""},"class_list":["post-5729","page","type-page","status-publish","hentry"],"acf":[],"_links":{"self":[{"href":"https:\/\/premiumpsu.com\/es\/wp-json\/wp\/v2\/pages\/5729","targetHints":{"allow":["GET"]}}],"collection":[{"href":"https:\/\/premiumpsu.com\/es\/wp-json\/wp\/v2\/pages"}],"about":[{"href":"https:\/\/premiumpsu.com\/es\/wp-json\/wp\/v2\/types\/page"}],"author":[{"embeddable":true,"href":"https:\/\/premiumpsu.com\/es\/wp-json\/wp\/v2\/users\/8"}],"replies":[{"embeddable":true,"href":"https:\/\/premiumpsu.com\/es\/wp-json\/wp\/v2\/comments?post=5729"}],"version-history":[{"count":2,"href":"https:\/\/premiumpsu.com\/es\/wp-json\/wp\/v2\/pages\/5729\/revisions"}],"predecessor-version":[{"id":16802,"href":"https:\/\/premiumpsu.com\/es\/wp-json\/wp\/v2\/pages\/5729\/revisions\/16802"}],"wp:attachment":[{"href":"https:\/\/premiumpsu.com\/es\/wp-json\/wp\/v2\/media?parent=5729"}],"curies":[{"name":"wp","href":"https:\/\/api.w.org\/{rel}","templated":true}]}}