{"id":5727,"date":"2022-07-13T09:23:02","date_gmt":"2022-07-13T07:23:02","guid":{"rendered":"https:\/\/premiumpsu.com\/?page_id=5727"},"modified":"2024-02-12T16:27:42","modified_gmt":"2024-02-12T15:27:42","slug":"suscripcion-2","status":"publish","type":"page","link":"https:\/\/premiumpsu.com\/es\/suscripcion-2\/","title":{"rendered":"Suscripci\u00f3n"},"content":{"rendered":"<div class=\"masthead\"><span data-mce-type=\"bookmark\" style=\"display: inline-block; width: 0px; overflow: hidden; line-height: 0;\" class=\"mce_SELRES_start\"><\/span><img loading=\"lazy\" decoding=\"async\" style=\"border: 0px; border-width: 0px; height: 93px; width: 700px; margin: 0; padding: 0;\" src=\"https:\/\/mcusercontent.com\/34fea5672c2ad93c442ea67e8\/images\/b4b021a8-bd1e-459f-9616-a8327897f1e3.png\" alt=\"\" width=\"600\" height=\"80\" \/><\/div> <div class=\"title-form-TR\">\u00bfQuieres recibir nuestras novedades?<\/div> <div class=\"desc-form-TR\">S\u00e9 el primero en enterarte de los nuevos lanzamientos, art\u00edculos t\u00e9cnicos y mucho m\u00e1s.<\/div> <div class=\"desc-form-TR\"><code><\/code> [yikes-mailchimp form=\u00bb1&#8243;]<\/div> <div class=\"small-txt-form\">Al mandar tus datos, aceptas que Premium S.A. los utilice acuerdo con nuestra <a href=\"https:\/\/premiumpsu.com\/es\/aviso-legal\/\" target=\"_blank\" rel=\"noopener noreferrer\">pol\u00edtica de privacidad<\/a>. Puedes cambiar tus preferencias o darte de baja en cualquier momento.<\/div>","protected":false},"excerpt":{"rendered":"<p>\u00bfQuieres recibir nuestras novedades? S\u00e9 el primero en enterarte de los nuevos lanzamientos, art\u00edculos t\u00e9cnicos y mucho m\u00e1s. [yikes-mailchimp form=\u00bb1&#8243;] Al mandar tus datos, aceptas que Premium S.A. los utilice acuerdo con nuestra pol\u00edtica de privacidad. Puedes cambiar tus preferencias o darte de baja en cualquier momento.<\/p>\n","protected":false},"author":8,"featured_media":0,"parent":0,"menu_order":0,"comment_status":"closed","ping_status":"closed","template":"","meta":{"_acf_changed":false,"footnotes":""},"class_list":["post-5727","page","type-page","status-publish","hentry"],"acf":[],"_links":{"self":[{"href":"https:\/\/premiumpsu.com\/es\/wp-json\/wp\/v2\/pages\/5727","targetHints":{"allow":["GET"]}}],"collection":[{"href":"https:\/\/premiumpsu.com\/es\/wp-json\/wp\/v2\/pages"}],"about":[{"href":"https:\/\/premiumpsu.com\/es\/wp-json\/wp\/v2\/types\/page"}],"author":[{"embeddable":true,"href":"https:\/\/premiumpsu.com\/es\/wp-json\/wp\/v2\/users\/8"}],"replies":[{"embeddable":true,"href":"https:\/\/premiumpsu.com\/es\/wp-json\/wp\/v2\/comments?post=5727"}],"version-history":[{"count":2,"href":"https:\/\/premiumpsu.com\/es\/wp-json\/wp\/v2\/pages\/5727\/revisions"}],"predecessor-version":[{"id":15859,"href":"https:\/\/premiumpsu.com\/es\/wp-json\/wp\/v2\/pages\/5727\/revisions\/15859"}],"wp:attachment":[{"href":"https:\/\/premiumpsu.com\/es\/wp-json\/wp\/v2\/media?parent=5727"}],"curies":[{"name":"wp","href":"https:\/\/api.w.org\/{rel}","templated":true}]}}