{"id":21642,"date":"2026-03-12T12:25:17","date_gmt":"2026-03-12T11:25:17","guid":{"rendered":"https:\/\/premiumpsu.com\/soluciones-de-alta-eficiencia-energetica-para-data-centers\/"},"modified":"2026-03-12T12:28:04","modified_gmt":"2026-03-12T11:28:04","slug":"data-centers","status":"publish","type":"page","link":"https:\/\/premiumpsu.com\/es\/data-centers\/","title":{"rendered":"Soluciones de alta eficiencia energ\u00e9tica para data centers"},"content":{"rendered":"<style type=\"text\/css\" data-created_by=\"avia_inline_auto\" id=\"style-css-av-jt709gzs-2d0fc04ad5994845c07dc5fda87ed87f\"> .avia-section.av-jt709gzs-2d0fc04ad5994845c07dc5fda87ed87f .av-parallax .av-parallax-inner{ background-repeat:no-repeat; background-image:url(https:\/\/premiumpsu.com\/wp-content\/uploads\/2026\/03\/15-1030x538.webp); background-position:50% 0%; background-attachment:scroll; } <\/style> <div id='av_section_1'  class='avia-section av-jt709gzs-2d0fc04ad5994845c07dc5fda87ed87f main_color avia-section-large avia-no-border-styling  avia-builder-el-0  el_before_av_section  avia-builder-el-first  main-heading-image avia-full-stretch av-parallax-section avia-bg-style-parallax av-minimum-height av-minimum-height-50 av-height-50  container_wrap sidebar_right'  data-section-bg-repeat='stretch' data-av_minimum_height_pc='50' data-av_min_height_opt='50'><div class='av-parallax' data-avia-parallax-ratio='0.3' ><div class='av-parallax-inner main_color avia-full-stretch'><\/div><\/div><div class='container av-section-cont-open' ><main  class='template-page content  av-content-small alpha units'><div class='post-entry post-entry-type-page post-entry-21642'><div class='entry-content-wrapper clearfix'>  <style type=\"text\/css\" data-created_by=\"avia_inline_auto\" id=\"style-css-av-57sc-bda2c2c55ead3128799bce2e4372fbce\"> #top .flex_column.av-57sc-bda2c2c55ead3128799bce2e4372fbce{ margin-top:50px; margin-bottom:0px; } .flex_column.av-57sc-bda2c2c55ead3128799bce2e4372fbce{ border-radius:0px 0px 0px 0px; padding:0px 0px 0px 0px; } .responsive #top #wrap_all .flex_column.av-57sc-bda2c2c55ead3128799bce2e4372fbce{ margin-top:50px; margin-bottom:0px; } <\/style> <div  class='flex_column av-57sc-bda2c2c55ead3128799bce2e4372fbce av_one_full  avia-builder-el-1  avia-builder-el-no-sibling  first flex_column_div av-zero-column-padding'     ><style type=\"text\/css\" data-created_by=\"avia_inline_auto\" id=\"style-css-av-jsygsb8q-dd8aa7067b2c8962486fd9d45b3d8218\"> #top .av_textblock_section.av-jsygsb8q-dd8aa7067b2c8962486fd9d45b3d8218 .avia_textblock{ color:#ffffff; } <\/style> <section  class='av_textblock_section av-jsygsb8q-dd8aa7067b2c8962486fd9d45b3d8218'  ><div class='avia_textblock av_inherit_color' ><h1 class=\"super-heading\">Soluciones de alta eficiencia energ\u00e9tica para data centers<\/h1> <\/div><\/section><\/div> <\/div><\/div><\/main><!-- close content main element --><\/div><\/div> <style type=\"text\/css\" data-created_by=\"avia_inline_auto\" id=\"style-css-av-jt70i8of-1f0c8556fe7571be7eaaaf12824f506a\"> .avia-section.av-jt70i8of-1f0c8556fe7571be7eaaaf12824f506a .av-section-color-overlay{ opacity:0.9; background-color:#ffffff; } <\/style> <div id='av_section_2'  class='avia-section av-jt70i8of-1f0c8556fe7571be7eaaaf12824f506a main_color avia-section-default avia-no-border-styling  avia-builder-el-3  el_after_av_section  el_before_av_section  market-features avia-bg-style-parallax av-section-color-overlay-active container_wrap sidebar_right'  ><div class=\"av-section-color-overlay-wrap\"><div class=\"av-section-color-overlay\"><\/div><div class='container av-section-cont-open' ><div class='template-page content  av-content-small alpha units'><div class='post-entry post-entry-type-page post-entry-21642'><div class='entry-content-wrapper clearfix'>  <style type=\"text\/css\" data-created_by=\"avia_inline_auto\" id=\"style-css-av-fwa43-2958f940f68b17c900ee742be9fb436f\"> .flex_column.av-fwa43-2958f940f68b17c900ee742be9fb436f{ border-radius:0px 0px 0px 0px; padding:0px 0px 0px 0px; } <\/style> <div  class='flex_column av-fwa43-2958f940f68b17c900ee742be9fb436f av_one_full  avia-builder-el-4  el_before_av_one_full  avia-builder-el-first  first flex_column_div av-zero-column-padding'     ><style type=\"text\/css\" data-created_by=\"avia_inline_auto\" id=\"style-css-av-jsygsb8q-19-90d927d3ad70a05a2d33d6abbcab6577\"> #top .av_textblock_section.av-jsygsb8q-19-90d927d3ad70a05a2d33d6abbcab6577 .avia_textblock{ color:#143a80; } <\/style> <section  class='av_textblock_section av-jsygsb8q-19-90d927d3ad70a05a2d33d6abbcab6577'  ><div class='avia_textblock av_inherit_color' ><h2>Fiabilidad, eficiencia y sostenibilidad operativa de infraestructuras cr\u00edticas de datos<\/h2> <p>Los data centers de hiperescala son infraestructuras de almacenamiento y procesamiento de datos dise\u00f1adas para soportar una cantidad masiva de tr\u00e1fico, almacenamiento y computaci\u00f3n de datos, superando las capacidades de los centros de datos tradicionales. Estos centros est\u00e1n dise\u00f1ados para ofrecer una escalabilidad pr\u00e1cticamente ilimitada, lo que les permite crecer y adaptarse de manera eficiente a las demandas de computaci\u00f3n en la nube, inteligencia artificial, big data, entre otras tecnolog\u00edas emergentes.<\/p> <p>La principal caracter\u00edstica de estos centros es su capacidad para gestionar miles o incluso millones de servidores, <strong>operando con una eficiencia energ\u00e9tica optimizada, redundancia avanzada y una arquitectura flexible<\/strong> que permite la integraci\u00f3n de tecnolog\u00edas de vanguardia. Adem\u00e1s, estos centros est\u00e1n enfocados en la reducci\u00f3n de costos operativos y en maximizar el uso de la energ\u00eda, gracias a innovaciones en la gesti\u00f3n t\u00e9rmica, almacenamiento de datos y distribuci\u00f3n de energ\u00eda.<\/p> <p>En Premium PSU, nos especializamos en soluciones energ\u00e9ticas de alta eficiencia para entornos complejos. Nuestra experiencia de m\u00e1s de 40 a\u00f1os nos ha llevado a colaborar con l\u00edderes de los sectores m\u00e1s exigentes, incluyendo el procesamiento de datos a gran escala.<\/p> <h5><\/h5> <\/div><\/section><\/div> <style type=\"text\/css\" data-created_by=\"avia_inline_auto\" id=\"style-css-av-mmnd77df-ec8bab6f6f7c6a4e7aa424e7ec01f2c1\"> .flex_column.av-mmnd77df-ec8bab6f6f7c6a4e7aa424e7ec01f2c1{ height:auto; min-height:500px; background:url(https:\/\/premiumpsu.com\/wp-content\/uploads\/2026\/03\/13-1030x538.webp) 50% 50% no-repeat scroll ; } <\/style> <div  class='flex_column av-mmnd77df-ec8bab6f6f7c6a4e7aa424e7ec01f2c1 av_one_full  avia-builder-el-6  el_after_av_one_full  el_before_av_one_full  backfit first flex_column_div  column-top-margin'     ><\/div> <style type=\"text\/css\" data-created_by=\"avia_inline_auto\" id=\"style-css-av-5ofdg5x-b5fd07288db8bfd8da7cf149fd073f8f\"> .flex_column.av-5ofdg5x-b5fd07288db8bfd8da7cf149fd073f8f{ border-radius:0px 0px 0px 0px; padding:0px 0px 0px 0px; } <\/style> <div  class='flex_column av-5ofdg5x-b5fd07288db8bfd8da7cf149fd073f8f av_one_full  avia-builder-el-7  el_after_av_one_full  avia-builder-el-last  first flex_column_div av-zero-column-padding  column-top-margin'     ><style type=\"text\/css\" data-created_by=\"avia_inline_auto\" id=\"style-css-av-mmnd1r3x-e0c70856c1daada1883c4a78dcea382e\"> #top .av_textblock_section.av-mmnd1r3x-e0c70856c1daada1883c4a78dcea382e .avia_textblock{ color:#143a80; } <\/style> <section  class='av_textblock_section av-mmnd1r3x-e0c70856c1daada1883c4a78dcea382e'  ><div class='avia_textblock av_inherit_color' ><h2>La transici\u00f3n hacia el futuro energ\u00e9tico de los data centers hiperescala<\/h2> <p>La creciente demanda de inteligencia artificial y cargas de computaci\u00f3n extrema est\u00e1 impulsando un cambio sin precedentes en la forma en que se gestionan y distribuyen los recursos energ\u00e9ticos en los data centers.<\/p> <p>Con la migraci\u00f3n de sistemas de 400 VDC a 800 V DC, la industria de data centers est\u00e1 adoptando arquitecturas m\u00e1s eficientes que duplican la potencia entregada con la misma corriente. Esto implica una reducci\u00f3n significativa de las p\u00e9rdidas energ\u00e9ticas, un ahorro de costes operativos millonarios cada a\u00f1o y una simplificaci\u00f3n en la distribuci\u00f3n interna de la energ\u00eda.<\/p> <p>La adopci\u00f3n de 800 V DC como est\u00e1ndar para la pr\u00f3xima generaci\u00f3n de data centers ya est\u00e1 en marcha y en Premium PSU ya estamos transformando la forma en que las grandes instalaciones de computaci\u00f3n gestionan la energ\u00eda.<\/p> <h5><\/h5> <\/div><\/section><\/div> <\/div><\/div><\/div><!-- close content main div --><\/div><\/div><\/div><div id='av_section_3'  class='avia-section av-jxui2mgf-99fd96ecba63f50a654c5e2dfe697058 main_color avia-section-small avia-no-border-styling  avia-builder-el-9  el_after_av_section  el_before_av_section  avia-bg-style-scroll container_wrap sidebar_right'  ><div class='container av-section-cont-open' ><div class='template-page content  av-content-small alpha units'><div class='post-entry post-entry-type-page post-entry-21642'><div class='entry-content-wrapper clearfix'>  <style type=\"text\/css\" data-created_by=\"avia_inline_auto\" id=\"style-css-av-jtmsgnx4-e67a350187303304baf3588ede438599\"> .av_promobox.av-jtmsgnx4-e67a350187303304baf3588ede438599{ color:#ffffff; background:#e4b632; } <\/style> <div  class='av_promobox av-jtmsgnx4-e67a350187303304baf3588ede438599 avia-button-yes  avia-builder-el-10  el_before_av_hr  avia-builder-el-first'><div class='avia-promocontent'><h3 class=\"white-text-button\">Convertimos la fiabilidad cr\u00edtica en ventaja competitiva para data centers hiperescala<\/h3> <\/div><div  class='avia-button-wrap av-jtmsgnx4-6365a3c51d89a5cea39a2f35cb80ffbb-wrap avia-button-right'><a href='https:\/\/premiumpsu.com\/es\/contacto\/'  class='avia-button av-jtmsgnx4-6365a3c51d89a5cea39a2f35cb80ffbb av-link-btn avia-icon_select-no avia-size-large avia-position-right avia-color-theme-color'  target=\"_blank\"  rel=\"noopener noreferrer\"  aria-label=\"Contacta\"><span class='avia_iconbox_title' >Contacta<\/span><\/a><\/div><\/div>  <style type=\"text\/css\" data-created_by=\"avia_inline_auto\" id=\"style-css-av-jxui3swn-fd6fb24f3ecba8e6fdb8351ea7c74cb8\"> #top .hr.hr-invisible.av-jxui3swn-fd6fb24f3ecba8e6fdb8351ea7c74cb8{ height:10px; } <\/style> <div  class='hr av-jxui3swn-fd6fb24f3ecba8e6fdb8351ea7c74cb8 hr-invisible  avia-builder-el-11  el_after_av_promobox  avia-builder-el-last'><span class='hr-inner'><span class=\"hr-inner-style\"><\/span><\/span><\/div> <\/div><\/div><\/div><!-- close content main div --><\/div><\/div> <style type=\"text\/css\" data-created_by=\"avia_inline_auto\" id=\"style-css-av-5eatqgl-2714e081a98f19a54638890761478141\"> .avia-section.av-5eatqgl-2714e081a98f19a54638890761478141 .av-section-color-overlay{ opacity:0.9; background-color:#ffffff; } <\/style> <div id='av_section_4'  class='avia-section av-5eatqgl-2714e081a98f19a54638890761478141 main_color avia-section-default avia-no-border-styling  avia-builder-el-12  el_after_av_section  el_before_av_section  market-features avia-bg-style-parallax av-section-color-overlay-active container_wrap sidebar_right'  ><div class=\"av-section-color-overlay-wrap\"><div class=\"av-section-color-overlay\"><\/div><div class='container av-section-cont-open' ><div class='template-page content  av-content-small alpha units'><div class='post-entry post-entry-type-page post-entry-21642'><div class='entry-content-wrapper clearfix'>  <style type=\"text\/css\" data-created_by=\"avia_inline_auto\" id=\"style-css-av-mmnd2zyk-e5560836efddaca15fb08ea3b0461158\"> #top .av_textblock_section.av-mmnd2zyk-e5560836efddaca15fb08ea3b0461158 .avia_textblock{ color:#143a80; } <\/style> <section  class='av_textblock_section av-mmnd2zyk-e5560836efddaca15fb08ea3b0461158'  ><div class='avia_textblock av_inherit_color' ><h2>Impulsando la transici\u00f3n a arquitecturas 800 V DC<\/h2> <p>En Premium PSU, aportamos nuestra vasta experiencia en electr\u00f3nica de potencia y dise\u00f1o de productos energ\u00e9ticos avanzados para desarrollar las soluciones del futuro y del presente de los data centers hiperescala.<\/p> <h5><\/h5> <\/div><\/section> <div class='flex_column_table av-504aj85-e635c83e0f5fa22227cd4791003b5026 sc-av_one_half av-equal-height-column-flextable'> <style type=\"text\/css\" data-created_by=\"avia_inline_auto\" id=\"style-css-av-504aj85-e635c83e0f5fa22227cd4791003b5026\"> .flex_column.av-504aj85-e635c83e0f5fa22227cd4791003b5026{ border-radius:0px 0px 0px 0px; padding:0 0 0 0; } <\/style> <div  class='flex_column av-504aj85-e635c83e0f5fa22227cd4791003b5026 av_one_half  avia-builder-el-14  el_after_av_textblock  el_before_av_one_half  first flex_column_table_cell av-equal-height-column av-align-top av-zero-column-padding  column-top-margin'     ><style type=\"text\/css\" data-created_by=\"avia_inline_auto\" id=\"style-css-av-4je2ktx-b73a9d7f0dd3c988c465c6434399062b\"> #top .av_textblock_section.av-4je2ktx-b73a9d7f0dd3c988c465c6434399062b .avia_textblock{ font-size:14px; color:#9b9b9b; } <\/style> <section  class='av_textblock_section av-4je2ktx-b73a9d7f0dd3c988c465c6434399062b'  ><div class='avia_textblock av_inherit_color' ><h3>Bases de nuestro enfoque experto aplicado a data centers hiperescala<\/h3> <\/div><\/section><br \/>  <style type=\"text\/css\" data-created_by=\"avia_inline_auto\" id=\"style-css-av-3qshoet-04c3d0b272deb720f2fffc86d56a71f6\"> #top .hr.av-3qshoet-04c3d0b272deb720f2fffc86d56a71f6{ margin-top:0; margin-bottom:10px; } .hr.av-3qshoet-04c3d0b272deb720f2fffc86d56a71f6 .hr-inner{ width:100%; border-color:#e4b632; } <\/style> <div  class='hr av-3qshoet-04c3d0b272deb720f2fffc86d56a71f6 hr-custom  avia-builder-el-16  el_after_av_textblock  el_before_av_textblock  hr-center hr-icon-no'><span class='hr-inner inner-border-av-border-fat'><span class=\"hr-inner-style\"><\/span><\/span><\/div><br \/>  <style type=\"text\/css\" data-created_by=\"avia_inline_auto\" id=\"style-css-av-3nuvdp1-b198ed086149f5d5bffd877bb3c8ec2c\"> #top .av_textblock_section.av-3nuvdp1-b198ed086149f5d5bffd877bb3c8ec2c .avia_textblock{ font-size:14px; } <\/style> <section  class='av_textblock_section av-3nuvdp1-b198ed086149f5d5bffd877bb3c8ec2c'  ><div class='avia_textblock av_inherit_color' ><ul> <li>M\u00f3dulos compactos, eficientes y hot swap dise\u00f1ados para integrarse perfectamente en racks de alta densidad, con control avanzado y protecci\u00f3n activa.<\/li> <li>Dise\u00f1o a medida para nuevas distribuciones energ\u00e9ticas que facilitan la transici\u00f3n de arquitecturas tradicionales de 54 V hacia la implementaci\u00f3n de buses de carga de DC\/DC de 800 V DC de alta potencia, eficiencia y gesti\u00f3n t\u00e9rmica.<\/li> <li>Alta eficiencia y gesti\u00f3n t\u00e9rmica optimizados en cada fase del proceso para garantizar la sostenibilidad de las operaciones a largo plazo.<\/li> <li>Ingenier\u00eda europea combinada con flexibilidad de dise\u00f1o para adaptarnos a las necesidades espec\u00edficas de cada proyecto de data center.<\/li> <\/ul> <\/div><\/section><\/p><\/div><div class='av-flex-placeholder'><\/div> <style type=\"text\/css\" data-created_by=\"avia_inline_auto\" id=\"style-css-av-2zf9kk5-89c58db59642e7bd3333f9d797cb555f\"> .flex_column.av-2zf9kk5-89c58db59642e7bd3333f9d797cb555f{ border-radius:0px 0px 0px 0px; padding:0 0 0 0; } <\/style> <div  class='flex_column av-2zf9kk5-89c58db59642e7bd3333f9d797cb555f av_one_half  avia-builder-el-18  el_after_av_one_half  el_before_av_textblock  flex_column_table_cell av-equal-height-column av-align-top av-zero-column-padding  column-top-margin'     ><style type=\"text\/css\" data-created_by=\"avia_inline_auto\" id=\"style-css-av-2comjrp-7fece4852faa509cbc745bd977a640f8\"> #top .av_textblock_section.av-2comjrp-7fece4852faa509cbc745bd977a640f8 .avia_textblock{ font-size:14px; color:#9b9b9b; } <\/style> <section  class='av_textblock_section av-2comjrp-7fece4852faa509cbc745bd977a640f8'  ><div class='avia_textblock av_inherit_color' ><h3>Beneficios de las soluciones 800 V DC para data centers<\/h3> <\/div><\/section><br \/>  <style type=\"text\/css\" data-created_by=\"avia_inline_auto\" id=\"style-css-av-1xv40l1-0ad0ba8c1be2c9b00991c9e35f0abc23\"> #top .hr.av-1xv40l1-0ad0ba8c1be2c9b00991c9e35f0abc23{ margin-top:0; margin-bottom:10px; } .hr.av-1xv40l1-0ad0ba8c1be2c9b00991c9e35f0abc23 .hr-inner{ width:100%; border-color:#e4b632; } <\/style> <div  class='hr av-1xv40l1-0ad0ba8c1be2c9b00991c9e35f0abc23 hr-custom  avia-builder-el-20  el_after_av_textblock  el_before_av_textblock  hr-center hr-icon-no'><span class='hr-inner inner-border-av-border-fat'><span class=\"hr-inner-style\"><\/span><\/span><\/div><br \/>  <style type=\"text\/css\" data-created_by=\"avia_inline_auto\" id=\"style-css-av-1lz7s45-b5e1e6baa93b68326fd43567d7b5486c\"> #top .av_textblock_section.av-1lz7s45-b5e1e6baa93b68326fd43567d7b5486c .avia_textblock{ font-size:14px; } <\/style> <section  class='av_textblock_section av-1lz7s45-b5e1e6baa93b68326fd43567d7b5486c'  ><div class='avia_textblock av_inherit_color' ><ul> <li>Alimenta racks de GPU y cargas de megavatios de manera eficiente.<\/li> <li>Reducci\u00f3n de p\u00e9rdidas en la distribuci\u00f3n de energ\u00eda por efecto Joule.<\/li> <li>Compatibilidad con m\u00f3dulos de alta densidad y arquitecturas OCP.<\/li> <li>Mejora de eficiencia general hasta 98\u202f%.<\/li> <li>Posibilidad de integraci\u00f3n de gesti\u00f3n t\u00e9rmica avanzada, incluyendo liquid cooling.<\/li> <\/ul> <\/div><\/section><\/p><\/div><\/div><!--close column table wrapper. Autoclose: 1 --> <style type=\"text\/css\" data-created_by=\"avia_inline_auto\" id=\"style-css-av-mmndihpj-b92c003264d8c480cd1abaedd422bc5b\"> #top .av_textblock_section.av-mmndihpj-b92c003264d8c480cd1abaedd422bc5b .avia_textblock{ color:#143a80; } <\/style> <section  class='av_textblock_section av-mmndihpj-b92c003264d8c480cd1abaedd422bc5b'  ><div class='avia_textblock av_inherit_color' ><h2>Colaboraci\u00f3n con la Open Compute Project Foundation<\/h2> <p>En Premium PSU, estamos comprometidos con la innovaci\u00f3n y la mejora continua en el sector de data centers. Por ello, participamos activamente en la<strong> Open Compute Project Foundation (OCP)<\/strong>, un consorcio global que promueve la colaboraci\u00f3n abierta para desarrollar soluciones innovadoras en hardware, con un enfoque en arquitecturas de baja energ\u00eda y alto rendimiento.<\/p> <h5><\/h5> <\/div><\/section> <\/div><\/div><\/div><!-- close content main div --><\/div><\/div><\/div><div id='av_section_5'  class='avia-section av-101zklx-fbcb56e8947c92559023c33eff16859c main_color avia-section-small avia-no-border-styling  avia-builder-el-23  el_after_av_section  el_before_av_section  avia-bg-style-scroll container_wrap sidebar_right'  ><div class='container av-section-cont-open' ><div class='template-page content  av-content-small alpha units'><div class='post-entry post-entry-type-page post-entry-21642'><div class='entry-content-wrapper clearfix'>  <style type=\"text\/css\" data-created_by=\"avia_inline_auto\" id=\"style-css-av-mmndix0q-367315373c10894009ca194cf22bc247\"> .av_promobox.av-mmndix0q-367315373c10894009ca194cf22bc247{ color:#ffffff; background:#e4b632; } <\/style> <div  class='av_promobox av-mmndix0q-367315373c10894009ca194cf22bc247 avia-button-yes  avia-builder-el-24  el_before_av_hr  avia-builder-el-first'><div class='avia-promocontent'><h3 class=\"white-text-button\">Ofrecemos dise\u00f1o, industrializaci\u00f3n y certificaci\u00f3n de electr\u00f3nica de potencia avanzada<\/h3> <\/div><div  class='avia-button-wrap av-mmndix0q-b130c9dad019e89db1161169861c3626-wrap avia-button-right'><a href='https:\/\/premiumpsu.com\/es\/contacto\/'  class='avia-button av-mmndix0q-b130c9dad019e89db1161169861c3626 av-link-btn avia-icon_select-no avia-size-large avia-position-right avia-color-theme-color'  target=\"_blank\"  rel=\"noopener noreferrer\"  aria-label=\"Contacta\"><span class='avia_iconbox_title' >Contacta<\/span><\/a><\/div><\/div>  <style type=\"text\/css\" data-created_by=\"avia_inline_auto\" id=\"style-css-av-rr6439-21f489c55330230deed191ff09da03e9\"> #top .hr.hr-invisible.av-rr6439-21f489c55330230deed191ff09da03e9{ height:10px; } <\/style> <div  class='hr av-rr6439-21f489c55330230deed191ff09da03e9 hr-invisible  avia-builder-el-25  el_after_av_promobox  avia-builder-el-last'><span class='hr-inner'><span class=\"hr-inner-style\"><\/span><\/span><\/div> <\/div><\/div><\/div><!-- close content main div --><\/div><\/div> <style type=\"text\/css\" data-created_by=\"avia_inline_auto\" id=\"style-css-av-jt70i8of-18-77a6d8d5ebdee0832e8a25b0be77675a\"> .avia-section.av-jt70i8of-18-77a6d8d5ebdee0832e8a25b0be77675a{ background-color:#f3f3f3; background-image:unset; } <\/style> <div id='av_section_6'  class='avia-section av-jt70i8of-18-77a6d8d5ebdee0832e8a25b0be77675a main_color avia-section-huge avia-no-border-styling  avia-builder-el-26  el_after_av_section  avia-builder-el-last  av-desktop-hide av-medium-hide av-small-hide av-mini-hide avia-bg-style-parallax container_wrap sidebar_right'  ><div class='container av-section-cont-open' ><div class='template-page content  av-content-small alpha units'><div class='post-entry post-entry-type-page post-entry-21642'><div class='entry-content-wrapper clearfix'>  <style type=\"text\/css\" data-created_by=\"avia_inline_auto\" id=\"style-css-av-jsygsb8q-1-9f9293da345a48b3dc40ca18abb0670c\"> #top .av_textblock_section.av-jsygsb8q-1-9f9293da345a48b3dc40ca18abb0670c .avia_textblock{ color:#143a80; } <\/style> <section  class='av_textblock_section av-jsygsb8q-1-9f9293da345a48b3dc40ca18abb0670c'  ><div class='avia_textblock av_inherit_color' ><h4 class=\"super-heading\">Case Studies<\/h4> <\/div><\/section>  <style type=\"text\/css\" data-created_by=\"avia_inline_auto\" id=\"style-css-av-jt717pxa-2-2e4d157aa91b2a8cd172f7fc6313220b\"> #top .hr.hr-invisible.av-jt717pxa-2-2e4d157aa91b2a8cd172f7fc6313220b{ height:50px; } <\/style> <div  class='hr av-jt717pxa-2-2e4d157aa91b2a8cd172f7fc6313220b hr-invisible  avia-builder-el-28  el_after_av_textblock  el_before_av_blog'><span class='hr-inner'><span class=\"hr-inner-style\"><\/span><\/span><\/div> <div  data-slideshow-options=\"{&quot;animation&quot;:&quot;fade&quot;,&quot;autoplay&quot;:false,&quot;loop_autoplay&quot;:&quot;once&quot;,&quot;interval&quot;:5,&quot;loop_manual&quot;:&quot;manual-endless&quot;,&quot;autoplay_stopper&quot;:false,&quot;noNavigation&quot;:false,&quot;show_slide_delay&quot;:90}\" class='avia-content-slider avia-content-grid-active avia-content-slider1 avia-content-slider-even  avia-builder-el-29  el_after_av_hr  avia-builder-el-last  av-slideshow-ui av-control-default   av-no-slider-navigation av-slideshow-manual av-loop-once av-loop-manual-endless' ><div class=\"avia-content-slider-inner\"><div class=\"slide-entry-wrap\"><article class='slide-entry flex_column  post-entry post-entry-10499 slide-entry-overview slide-loop-1 slide-parity-odd  post-entry-last  av_one_fourth first real-thumbnail posttype-post post-format-standard' ><a href='https:\/\/premiumpsu.com\/es\/resources-news\/soluciones-de-potencia-para-uso-en-condiciones-de-temperatura-extrema\/' data-rel='slide-1' class='slide-image' title='Soluciones de potencia para uso en condiciones de temperatura extrema'><img decoding=\"async\" fetchpriority=\"high\" width=\"260\" height=\"185\" src=\"https:\/\/premiumpsu.com\/wp-content\/uploads\/2020\/05\/premiumpsu.com-power-solutions-that-work-under-extreme-temperature-conditions-zephyr-aribus-premium-power-supplies-e1647433650318-1-260x185.jpg\" class=\"wp-image-10800 avia-img-lazy-loading-not-10800 attachment-portfolio_small size-portfolio_small wp-post-image\" alt=\"Power solutions under extreme temperature\" \/><\/a><div class=\"slide-content\"><header class=\"entry-content-header\" aria-label=\"Slide: Soluciones de potencia para uso en condiciones de temperatura extrema\"><span class=\"blog-categories minor-meta\"><a href=\"https:\/\/premiumpsu.com\/es\/resources-news\/category\/casos-de-exito-por-industria\/defensa\/\" rel=\"tag\">Defensa<\/a>, <a href=\"https:\/\/premiumpsu.com\/es\/resources-news\/category\/casos-de-exito-por-industria\/\" rel=\"tag\">Casos de \u00e9xito por industria<\/a>, <a href=\"https:\/\/premiumpsu.com\/es\/resources-news\/category\/casos-de-exito-por-producto\/convertidores-dc-dc\/\" rel=\"tag\">Convertidores DC\/DC<\/a>, <a href=\"https:\/\/premiumpsu.com\/es\/resources-news\/category\/casos-de-exito-por-producto\/inversores-dc-ac\/\" rel=\"tag\">Inversores DC\/AC<\/a> <\/span><h3 class='slide-entry-title entry-title' ><a href='https:\/\/premiumpsu.com\/es\/resources-news\/soluciones-de-potencia-para-uso-en-condiciones-de-temperatura-extrema\/' title='Soluciones de potencia para uso en condiciones de temperatura extrema'>Soluciones de potencia para uso en condiciones de temperatura extrema<\/a><\/h3><span class=\"av-vertical-delimiter\"><\/span><\/header><div class='slide-entry-excerpt entry-content' >En Premium PSU dise\u00f1amos y fabricamos sistemas de alimentaci\u00f3n para todo tipo de aplicaciones, siendo cada proyecto un desaf\u00edo para nosotros. El env\u00edo de uno de nuestros productos a la estratosfera alcanzando m\u00e1s de 32.000 metros y -57\u00baC\u2026<div class=\"read-more-link\"><a href=\"https:\/\/premiumpsu.com\/es\/resources-news\/soluciones-de-potencia-para-uso-en-condiciones-de-temperatura-extrema\/\" class=\"more-link\">Leer m\u00e1s<span class=\"more-link-arrow\"><\/span><\/a><\/div><\/div><\/div><footer class=\"entry-footer\"><div class=\"slide-meta\"><time class='slide-meta-time updated' >15 de marzo de 2022<\/time><\/div><\/footer><\/article><\/div><\/div><\/div> <\/div><\/div><\/div><!-- close content main div --><\/div><\/div><div id='after_section_6'  class='main_color av_default_container_wrap container_wrap sidebar_right'  ><div class='container av-section-cont-open' ><div class='template-page content  av-content-small alpha units'><div class='post-entry post-entry-type-page post-entry-21642'><div class='entry-content-wrapper clearfix'>","protected":false},"excerpt":{"rendered":"","protected":false},"author":2,"featured_media":21624,"parent":0,"menu_order":0,"comment_status":"closed","ping_status":"closed","template":"","meta":{"_acf_changed":false,"footnotes":""},"class_list":["post-21642","page","type-page","status-publish","has-post-thumbnail","hentry"],"acf":[],"_links":{"self":[{"href":"https:\/\/premiumpsu.com\/es\/wp-json\/wp\/v2\/pages\/21642","targetHints":{"allow":["GET"]}}],"collection":[{"href":"https:\/\/premiumpsu.com\/es\/wp-json\/wp\/v2\/pages"}],"about":[{"href":"https:\/\/premiumpsu.com\/es\/wp-json\/wp\/v2\/types\/page"}],"author":[{"embeddable":true,"href":"https:\/\/premiumpsu.com\/es\/wp-json\/wp\/v2\/users\/2"}],"replies":[{"embeddable":true,"href":"https:\/\/premiumpsu.com\/es\/wp-json\/wp\/v2\/comments?post=21642"}],"version-history":[{"count":3,"href":"https:\/\/premiumpsu.com\/es\/wp-json\/wp\/v2\/pages\/21642\/revisions"}],"predecessor-version":[{"id":21646,"href":"https:\/\/premiumpsu.com\/es\/wp-json\/wp\/v2\/pages\/21642\/revisions\/21646"}],"wp:featuredmedia":[{"embeddable":true,"href":"https:\/\/premiumpsu.com\/es\/wp-json\/wp\/v2\/media\/21624"}],"wp:attachment":[{"href":"https:\/\/premiumpsu.com\/es\/wp-json\/wp\/v2\/media?parent=21642"}],"curies":[{"name":"wp","href":"https:\/\/api.w.org\/{rel}","templated":true}]}}