{"id":1480,"date":"2019-03-07T11:09:26","date_gmt":"2019-03-07T10:09:26","guid":{"rendered":"http:\/\/premiumpsu.com\/quality\/"},"modified":"2025-07-11T10:13:41","modified_gmt":"2025-07-11T08:13:41","slug":"calidad","status":"publish","type":"page","link":"https:\/\/premiumpsu.com\/es\/calidad\/","title":{"rendered":"Calidad"},"content":{"rendered":"<style type=\"text\/css\" data-created_by=\"avia_inline_auto\" id=\"style-css-av-jvku2wun-96a09a5e3648d63810c96c0192b931e8\"> .avia-section.av-jvku2wun-96a09a5e3648d63810c96c0192b931e8 .av-parallax .av-parallax-inner{ background-color:#eaeaea; background-image:url(https:\/\/premiumpsu.com\/wp-content\/uploads\/2025\/07\/power-supplies-equipment-and-systems-premium-0648-1030x687.jpg); background-repeat:no-repeat; background-position:50% 50%; background-attachment:scroll; } .avia-section.av-jvku2wun-96a09a5e3648d63810c96c0192b931e8 .av-section-color-overlay{ opacity:0.1; background-color:#000000; } <\/style> <div id='av_section_1'  class='avia-section av-jvku2wun-96a09a5e3648d63810c96c0192b931e8 main_color avia-section-default avia-no-border-styling  avia-builder-el-0  el_before_av_section  avia-builder-el-first  avia-full-stretch av-parallax-section avia-bg-style-parallax av-section-color-overlay-active av-minimum-height av-minimum-height-50 av-height-50  container_wrap sidebar_right'  data-section-bg-repeat='stretch' data-av_minimum_height_pc='50' data-av_min_height_opt='50'><div class='av-parallax' data-avia-parallax-ratio='0.3' ><div class='av-parallax-inner main_color avia-full-stretch'><\/div><\/div><div class=\"av-section-color-overlay-wrap\"><div class=\"av-section-color-overlay\"><\/div><div class='container av-section-cont-open' ><main  class='template-page content  av-content-small alpha units'><div class='post-entry post-entry-type-page post-entry-1480'><div class='entry-content-wrapper clearfix'>  <style type=\"text\/css\" data-created_by=\"avia_inline_auto\" id=\"style-css-av-3xsf-53362928d9312f723c7a7f653fdb36a8\"> .flex_column.av-3xsf-53362928d9312f723c7a7f653fdb36a8{ border-radius:0px 0px 0px 0px; padding:0px 0px 0px 0px; } <\/style> <div  class='flex_column av-3xsf-53362928d9312f723c7a7f653fdb36a8 av_four_fifth  avia-builder-el-1  el_before_av_one_fifth  avia-builder-el-first  first flex_column_div av-zero-column-padding'     ><style type=\"text\/css\" data-created_by=\"avia_inline_auto\" id=\"style-css-av-jvku4dbp-ee283bfac9ffff7ce170019cd7fee13e\"> #top .av_textblock_section.av-jvku4dbp-ee283bfac9ffff7ce170019cd7fee13e .avia_textblock{ color:#ffffff; } <\/style> <section  class='av_textblock_section av-jvku4dbp-ee283bfac9ffff7ce170019cd7fee13e'  ><div class='avia_textblock inverted av_inherit_color' ><h2 class=\"titulares\">Comprometidos con la Calidad y el Medio Ambiente<\/h2> <\/div><\/section><\/div> <style type=\"text\/css\" data-created_by=\"avia_inline_auto\" id=\"style-css-av-3xsf-18-5b6be65954bf3caf121782c79e12a4fc\"> .flex_column.av-3xsf-18-5b6be65954bf3caf121782c79e12a4fc{ border-radius:0px 0px 0px 0px; padding:0px 0px 0px 0px; } <\/style> <div  class='flex_column av-3xsf-18-5b6be65954bf3caf121782c79e12a4fc av_one_fifth  avia-builder-el-3  el_after_av_four_fifth  avia-builder-el-last  flex_column_div av-zero-column-padding'     ><\/div>  <\/div><\/div><\/main><!-- close content main element --><\/div><\/div><\/div> <style type=\"text\/css\" data-created_by=\"avia_inline_auto\" id=\"style-css-av-qiqp-3a4e29dac034703e6aa4102eda3424c3\"> .avia-section.av-qiqp-3a4e29dac034703e6aa4102eda3424c3{ margin-top:0px; margin-bottom:-30px; } <\/style> <div id='av_section_2'  class='avia-section av-qiqp-3a4e29dac034703e6aa4102eda3424c3 main_color avia-section-default avia-no-border-styling  avia-builder-el-4  el_after_av_section  el_before_av_section  avia-bg-style-scroll container_wrap sidebar_right'  ><div class='container av-section-cont-open' ><div class='template-page content  av-content-small alpha units'><div class='post-entry post-entry-type-page post-entry-1480'><div class='entry-content-wrapper clearfix'> <div class='flex_column_table av-3xsf-16-d5138ae55762b87b8c91cb1e566243d9 sc-av_one_full av-equal-height-column-flextable'> <style type=\"text\/css\" data-created_by=\"avia_inline_auto\" id=\"style-css-av-3xsf-16-d5138ae55762b87b8c91cb1e566243d9\"> .flex_column.av-3xsf-16-d5138ae55762b87b8c91cb1e566243d9{ border-radius:0px 0px 0px 0px; padding:0px 0px 0px 0px; } <\/style> <div  class='flex_column av-3xsf-16-d5138ae55762b87b8c91cb1e566243d9 av_one_full  avia-builder-el-5  avia-builder-el-no-sibling  first flex_column_table_cell av-equal-height-column av-align-top av-animated-generic fade-in av-zero-column-padding'     ><section  class='av_textblock_section av-jvku4dbp-17-b8548b271dae7b391b2e1abc70964eae'  ><div class='avia_textblock' ><h3 class=\"titulares-secundarios\">Pol\u00edtica de Gesti\u00f3n Integrada<\/h3> <\/div><\/section><br \/> <section  class='av_textblock_section av-jvku4dbp-14-8639a8d1dc2a84310cdca4beac71cd84'  ><div class='avia_textblock' ><p><strong>En Premium PSU estamos comprometidos con la excelencia y tenemos como objetivo fomentar el desarrollo de nuestra actividad de forma segura, eficaz y sostenible<\/strong>, extendiendo este compromiso a todas las partes interesadas (clientes, empleados, proveedores y a la sociedad en general).<\/p> <\/div><\/section><br \/> <section  class='av_textblock_section av-jvku4dbp-13-a3ce7fb5b99c73405284772ce5e2c9bc'  ><div class='avia_textblock' ><p style=\"padding-left: 0px;\">Con esto en mente, en Premium PSU disponemos de una Pol\u00edtica de Gesti\u00f3n Integrada que aplica a todos nuestros departamentos y garantiza los m\u00e1s altos niveles de seguridad, calidad, prevenci\u00f3n de accidentes y protecci\u00f3n medioambiental. Esta Pol\u00edtica establece una lista de principios que todo el personal utiliza como gu\u00eda y marco de referencia para llevar a cabo sus funciones.<\/p> <p>Puedes descargar nuestra \u00a0<a href=\"https:\/\/premiumpsu.com\/wp-content\/uploads\/2025\/05\/Premium-Politica-de-Gestion-Integrada_V.2025.pdf\">Premium Politica de Gestion Integrada<\/a><\/p> <\/div><\/section><br \/>  <style type=\"text\/css\" data-created_by=\"avia_inline_auto\" id=\"style-css-av-27dip-0938e85aa535b46a3d44d3f8ee653a84\"> #top .hr.hr-invisible.av-27dip-0938e85aa535b46a3d44d3f8ee653a84{ height:30px; } <\/style> <div  class='hr av-27dip-0938e85aa535b46a3d44d3f8ee653a84 hr-invisible  avia-builder-el-9  el_after_av_textblock  el_before_av_textblock'><span class='hr-inner'><span class=\"hr-inner-style\"><\/span><\/span><\/div><br \/> <section  class='av_textblock_section av-jvku4dbp-12-dfacbb59c7f0095ece39f8ce522c621f'  ><div class='avia_textblock' ><h3 class=\"titulares-secundarios\"><strong>Gu\u00eda de calidad para proveedores<\/strong><\/h3> <\/div><\/section><br \/> <section  class='av_textblock_section av-jvku4dbp-11-ea2e711f33e3179cbf804a0257613074'  ><div class='avia_textblock' ><p>Esta gu\u00eda define los <strong>principios y requisitos de<\/strong> <strong>Calidad de Premium PSU,<\/strong> necesarios para asegurar una relaci\u00f3n satisfactoria con sus colaboradores y as\u00ed garantizar el cumplimiento de los principio b\u00e1sicos y expectativas de alto nivel requeridas:<\/p> <ul> <li>Asegurar que la producci\u00f3n de componentes y servicios se realice conforme a las normas requeridas, sin defectos y sin desviaciones previamente acordadas.<\/li> <li>Gestionar recursos tales como instalaciones, procesos, personal, y sistemas de Calidad que aseguren la estabilidad de los productos y servicios a proveer con la mejor relaci\u00f3n costo-beneficio y sostenibilidad posible, a fin de satisfacer las necesidades de Premium PSU y sus clientes.<\/li> <li>Operar bajo el cumplimiento de todas las leyes y reglamentaciones ambientales vigentes aplicadas en las jurisdicciones asignadas, asegurando el cumplimiento de los requisitos ambientales de los productos y materiales provistos.<\/li> <li>Adoptar y cumplir valores, principios y buenas pr\u00e1cticas, de acuerdo lo establecido en las pol\u00edticas de gesti\u00f3n integral y Responsabilidad Social Corporativa establecidas en Premium PSU Pol\u00edtica de Gesti\u00f3n Integrada<\/li> <\/ul> <\/div><\/section><br \/> <div  class='avia-button-wrap av-kzsf6wsb-9a2a145066815d6f83c243a18a0579e1-wrap avia-button-left  avia-builder-el-12  el_after_av_textblock  avia-builder-el-last'><a href='https:\/\/premiumpsu.com\/wp-content\/uploads\/2022\/02\/Guia_calidad_proveedores_PremiumPSU.pdf' class='avia-button av-kzsf6wsb-9a2a145066815d6f83c243a18a0579e1 av-link-btn avia-icon_select-no avia-size-small avia-position-left avia-color-theme-color' target=\"_blank\" rel=\"noopener noreferrer\" aria-label=\"Descargar la Gu\u00eda de Calidad para Proveedores\"><span class='avia_iconbox_title' >Descargar la Gu\u00eda de Calidad para Proveedores<\/span><\/a><\/div><\/p><\/div><\/div><!--close column table wrapper. Autoclose: 1 -->  <\/div><\/div><\/div><!-- close content main div --><\/div><\/div> <style type=\"text\/css\" data-created_by=\"avia_inline_auto\" id=\"style-css-av-1ks3r-99f876b0108aa3c605616bad95bc3f0a\"> .avia-section.av-1ks3r-99f876b0108aa3c605616bad95bc3f0a{ margin-top:-30px; margin-bottom:-30px; } <\/style> <div id='av_section_3'  class='avia-section av-1ks3r-99f876b0108aa3c605616bad95bc3f0a main_color avia-section-default avia-no-border-styling  avia-builder-el-13  el_after_av_section  el_before_av_section  avia-bg-style-scroll container_wrap sidebar_right'  ><div class='container av-section-cont-open' ><div class='template-page content  av-content-small alpha units'><div class='post-entry post-entry-type-page post-entry-1480'><div class='entry-content-wrapper clearfix'>  <style type=\"text\/css\" data-created_by=\"avia_inline_auto\" id=\"style-css-av-3xsf-15-9e835598a51a37c91338e46d35b92800\"> .flex_column.av-3xsf-15-9e835598a51a37c91338e46d35b92800{ border-radius:0px 0px 0px 0px; padding:0px 0px 0px 0px; } <\/style> <div  class='flex_column av-3xsf-15-9e835598a51a37c91338e46d35b92800 av_one_half  avia-builder-el-14  el_before_av_one_half  avia-builder-el-first  first flex_column_div av-animated-generic fade-in av-zero-column-padding'     ><p> <style type=\"text\/css\" data-created_by=\"avia_inline_auto\" id=\"style-css-av-jxls4fcq-3a831fafedf05441bf3c55ea236a7312\"> #top .hr.hr-invisible.av-jxls4fcq-3a831fafedf05441bf3c55ea236a7312{ height:30px; } <\/style> <div  class='hr av-jxls4fcq-3a831fafedf05441bf3c55ea236a7312 hr-invisible  avia-builder-el-15  el_before_av_image  avia-builder-el-first'><span class='hr-inner'><span class=\"hr-inner-style\"><\/span><\/span><\/div><br \/>  <style type=\"text\/css\" data-created_by=\"avia_inline_auto\" id=\"style-css-av-jxlreip6-f9f492b4ab4fb7553370ac4b1bb5e395\"> .avia-image-container.av-jxlreip6-f9f492b4ab4fb7553370ac4b1bb5e395 img.avia_image{ box-shadow:none; } .avia-image-container.av-jxlreip6-f9f492b4ab4fb7553370ac4b1bb5e395 .av-image-caption-overlay-center{ color:#ffffff; } <\/style> <div  class='avia-image-container av-jxlreip6-f9f492b4ab4fb7553370ac4b1bb5e395 av-styling-no-styling avia-align-center  avia-builder-el-16  el_after_av_hr  avia-builder-el-last'  ><div class=\"avia-image-container-inner\"><div class=\"avia-image-overlay-wrap\"><img decoding=\"async\" fetchpriority=\"high\" class='wp-image-2429 avia-img-lazy-loading-not-2429 avia_image' src=\"https:\/\/premiumpsu.com\/wp-content\/uploads\/2019\/07\/power-supplies-equipment-and-systems-premium-0378-2-689x1030.jpg\" alt='' title='power-supplies-equipment-and-systems-premium-0378'  height=\"1030\" width=\"689\" srcset=\"https:\/\/premiumpsu.com\/wp-content\/uploads\/2019\/07\/power-supplies-equipment-and-systems-premium-0378-2-689x1030.jpg 689w, https:\/\/premiumpsu.com\/wp-content\/uploads\/2019\/07\/power-supplies-equipment-and-systems-premium-0378-2-201x300.jpg 201w, https:\/\/premiumpsu.com\/wp-content\/uploads\/2019\/07\/power-supplies-equipment-and-systems-premium-0378-2-768x1148.jpg 768w, https:\/\/premiumpsu.com\/wp-content\/uploads\/2019\/07\/power-supplies-equipment-and-systems-premium-0378-2-1004x1500.jpg 1004w, https:\/\/premiumpsu.com\/wp-content\/uploads\/2019\/07\/power-supplies-equipment-and-systems-premium-0378-2-472x705.jpg 472w, https:\/\/premiumpsu.com\/wp-content\/uploads\/2019\/07\/power-supplies-equipment-and-systems-premium-0378-2-600x897.jpg 600w, https:\/\/premiumpsu.com\/wp-content\/uploads\/2019\/07\/power-supplies-equipment-and-systems-premium-0378-2.jpg 1370w\" sizes=\"(max-width: 689px) 100vw, 689px\" \/><\/div><\/div><\/div><\/p><\/div> <style type=\"text\/css\" data-created_by=\"avia_inline_auto\" id=\"style-css-av-3xsf-8-d261a5d0d82a668ff81f01e98d68c8f7\"> .flex_column.av-3xsf-8-d261a5d0d82a668ff81f01e98d68c8f7{ border-radius:0px 0px 0px 0px; padding:0px 0px 0px 0px; } <\/style> <div  class='flex_column av-3xsf-8-d261a5d0d82a668ff81f01e98d68c8f7 av_one_half  avia-builder-el-17  el_after_av_one_half  avia-builder-el-last  flex_column_div av-animated-generic fade-in av-zero-column-padding'     ><section  class='av_textblock_section av-jvku4dbp-10-c9e03e921c097f293ffbce1cda7c243a'  ><div class='avia_textblock' ><h3 class=\"titulares-secundarios\">ISO 9001<\/h3> <\/div><\/section><br \/> <section  class='av_textblock_section av-jvku4dbp-5-6c2f57ee25455e32e7d068e2e86cea20'  ><div class='avia_textblock' ><p>Todos los procesos que llevamos a cabo en Premium PSU aplican con rigurosidad los procedimientos recogidos en nuestro<strong> sistema de gesti\u00f3n de la calidad basados en la norma ISO 9001 de referencia<\/strong>.<\/p> <\/div><\/section><br \/> <section  class='av_textblock_section av-jvku4dbp-4-c9ab4c608e47e373fcb2ca557b6b65c3'  ><div class='avia_textblock' ><p>Estos procedimientos est\u00e1n permanente sometidos a revisi\u00f3n y actualizaci\u00f3n, con el fin de conseguir la mejora continua y la completa satisfacci\u00f3n de sus clientes y partes interesadas.<\/p> <p>Puedes descargar el <strong>certificado<\/strong> <strong>ISO 9001 <a href=\"https:\/\/premiumpsu.com\/wp-content\/uploads\/2025\/07\/25135971-BUP-GRUPO-PREMIUM-ESPANOL.pdf\" target=\"_blank\" rel=\"noopener\">aqu\u00ed.<\/a><\/strong><\/p> <\/div><\/section><br \/>  <style type=\"text\/css\" data-created_by=\"avia_inline_auto\" id=\"style-css-av-jxls4fcq-7-4b572caebed644676734e88d953c0a5d\"> #top .hr.hr-invisible.av-jxls4fcq-7-4b572caebed644676734e88d953c0a5d{ height:30px; } <\/style> <div  class='hr av-jxls4fcq-7-4b572caebed644676734e88d953c0a5d hr-invisible  avia-builder-el-21  el_after_av_textblock  el_before_av_textblock'><span class='hr-inner'><span class=\"hr-inner-style\"><\/span><\/span><\/div><br \/> <section  class='av_textblock_section av-jvku4dbp-3-c3a9d68c85eceabe3c29616d270ae72d'  ><div class='avia_textblock' ><h3 class=\"titulares-secundarios\">ISO 14001<\/h3> <\/div><\/section><br \/> <section  class='av_textblock_section av-jvku4dbp-2-64fb6bd6c56014c249bffbceb5dc40ec'  ><div class='avia_textblock' ><p>En Premium PSU disponemos de un <strong>sistema de gesti\u00f3n medioambiental basado en la norma ISO UNE EN ISO 14001<\/strong>, cuyo certificado hemos obtenido en 2019.<\/p> <p>Nos esforzamos por ser un una empresa sostenible y sensibilizada con la protecci\u00f3n del medioambiente. Nuestro compromiso con la conservaci\u00f3n del entorno nos ha llevado a implantar un modelo de gesti\u00f3n donde las buenas pr\u00e1cticas ambientales constituyen un asunto de sumo inter\u00e9s y aplicamos las siguientes l\u00edneas estrat\u00e9gicas:<\/p> <\/div><\/section><br \/> <section  class='av_textblock_section av-jvku4dbp-1-d42b2fec72e133d98d2e3ff0ec735e45'  ><div class='avia_textblock' ><ul> <li>Establecer objetivos de car\u00e1cter medioambiental, como mejorar ratios de consumo el\u00e9ctrico, reducir vol\u00famenes de residuos o preservar las opciones de reciclaje de materias primas.<\/li> <li>Promover el compromiso de la empresa con el medioambiente buscando la eficiencia y eficacia a todos los niveles de negocio, desde los procesos operativos propios de nuestra actividad hasta los procesos de soporte que puedan desempe\u00f1ar nuestros proveedores y colaboradores.<\/li> <li>Fomentar las buenas pr\u00e1cticas ambientales dentro de nuestras instalaciones e incentivar la correcta segregaci\u00f3n de residuos como el papel, cart\u00f3n, metales, fluorescentes, RAEE\u2019s, cartuchos de impresi\u00f3n, t\u00f3neres y pilas.<\/li> <li>Difundir campa\u00f1as de concienciaci\u00f3n a todos nuestros colaboradores e informar din\u00e1micamente de las mejoras y avances realizados, as\u00ed como participar activamente en programas de protecci\u00f3n ambiental.<\/li> <li>Integrar la noci\u00f3n de sostenibilidad en la concepci\u00f3n de todos nuestros productos y en cada una de sus fases de desarrollo, con el prop\u00f3sito de usar materiales con mayor preservaci\u00f3n ecol\u00f3gica.<\/li> <\/ul> <p>Puedes descargar el certificado <strong>ISO 14001 <a href=\"https:\/\/premiumpsu.com\/wp-content\/uploads\/2025\/07\/25135971-BUQ-GRUPO-PREMIUM-ESPANOL.pdf\" target=\"_blank\" rel=\"noopener\">aqu\u00ed<\/a>.<\/strong><\/p> <\/div><\/section><\/p><\/div>  <\/div><\/div><\/div><!-- close content main div --><\/div><\/div> <style type=\"text\/css\" data-created_by=\"avia_inline_auto\" id=\"style-css-av-1ks3r-9-79f99b4e2c04c54ab599e55d6fb95e96\"> .avia-section.av-1ks3r-9-79f99b4e2c04c54ab599e55d6fb95e96{ margin-top:0px; margin-bottom:30px; } <\/style> <div id='av_section_4'  class='avia-section av-1ks3r-9-79f99b4e2c04c54ab599e55d6fb95e96 main_color avia-section-default avia-no-border-styling  avia-builder-el-25  el_after_av_section  el_before_av_section  avia-bg-style-scroll container_wrap sidebar_right'  ><div class='container av-section-cont-open' ><div class='template-page content  av-content-small alpha units'><div class='post-entry post-entry-type-page post-entry-1480'><div class='entry-content-wrapper clearfix'>  <style type=\"text\/css\" data-created_by=\"avia_inline_auto\" id=\"style-css-av-3xsf-6-f4f75ba527773498f272468023bd21d6\"> #top .flex_column.av-3xsf-6-f4f75ba527773498f272468023bd21d6{ margin-top:0px; margin-bottom:0px; } .flex_column.av-3xsf-6-f4f75ba527773498f272468023bd21d6{ border-radius:0px 0px 0px 0px; padding:0px 0px 0px 0px; } .responsive #top #wrap_all .flex_column.av-3xsf-6-f4f75ba527773498f272468023bd21d6{ margin-top:0px; margin-bottom:0px; } <\/style> <div  class='flex_column av-3xsf-6-f4f75ba527773498f272468023bd21d6 av_one_full  avia-builder-el-26  avia-builder-el-no-sibling  first flex_column_div av-zero-column-padding'     ><section  class='av_textblock_section av-1ept1-107efb6923de336cf85a9e6f077edfb7'  ><div class='avia_textblock' ><h3 class=\"titulares-secundarios\">Minerales Conflictivos, ROHS y REACH<\/h3> <\/div><\/section><br \/> <section  class='av_textblock_section av-e2t-05e3cc355dea1bb35028a2dcd5405504'  ><div class='avia_textblock' ><p><strong>Todos nuestros productos cumplen normativa RoHs y REACH.<\/strong><\/p> <p>Puedes descargar nuestra declaraci\u00f3n de conformidad sobre la Directiva <strong>RoHS3<\/strong> <a href=\"https:\/\/premiumpsu.com\/wp-content\/uploads\/2020\/06\/premiumpsu.com-declaration-of-conformity-rohs3-general.pdf\" target=\"_blank\" rel=\"noopener\">aqu\u00ed.<\/a><\/p> <p>Nuestra declaraci\u00f3n de conformidad con la <strong>Directiva REACH<\/strong> puedes descargarla <a href=\"https:\/\/premiumpsu.com\/wp-content\/uploads\/2024\/02\/Declaration-of-conformity-REACH-_GENERAL.pdf\" target=\"_blank\" rel=\"noopener\">aqu\u00ed<\/a>.<\/p> <p>Puedes descargar nuestra declaraci\u00f3n sobre la <strong>Pol\u00edtica de Minerales Conflictivos<\/strong><a href=\"https:\/\/premiumpsu.com\/wp-content\/uploads\/2019\/06\/Conflict-Minerals-Policy-Statement.pdf\" target=\"_blank\" rel=\"noopener\"> aqu\u00ed<\/a>.<\/p> <p>Descarga la \u00faltima versi\u00f3n de nuestro <strong><a href=\"https:\/\/premiumpsu.com\/wp-content\/uploads\/2020\/08\/RMI_CMRT_6.22_PREMIUM_051022.xlsx\" target=\"_blank\" rel=\"noopener\">Conflict Minerals Reporting Template (CMRT)<\/a><\/strong><\/p> <p>Descarga la \u00faltima versi\u00f3n de nuestro <strong><a href=\"https:\/\/premiumpsu.com\/wp-content\/uploads\/2020\/08\/RMI_EMRT_1.02_PREMIUM_051022.xlsx\" target=\"_blank\" rel=\"noopener\">Extended Mineral Reporting Template (EMRT)<\/a><\/strong><\/p> <p><a href=\"\/?page_id=1430\">Contacta con nosotros<\/a>\u00a0para solicitar la informaci\u00f3n, certificados o documentaci\u00f3n que necesitas, estaremos encantados de facilit\u00e1rtelo.<\/p> <\/div><\/section><\/p><\/div>  <\/div><\/div><\/div><!-- close content main div --><\/div><\/div> <style type=\"text\/css\" data-created_by=\"avia_inline_auto\" id=\"style-css-av-jxlrxrwr-726c4da07078293db7df8e434f35ea3e\"> .avia-section.av-jxlrxrwr-726c4da07078293db7df8e434f35ea3e .av-parallax .av-parallax-inner{ background-repeat:no-repeat; background-image:url(https:\/\/premiumpsu.com\/wp-content\/uploads\/2019\/07\/power-supplies-equipment-and-systems-premium-0469.jpg); background-position:50% 100%; background-attachment:scroll; } <\/style> <div id='av_section_5'  class='avia-section av-jxlrxrwr-726c4da07078293db7df8e434f35ea3e main_color avia-section-default avia-no-border-styling  avia-builder-el-29  el_after_av_section  avia-builder-el-last  avia-full-stretch av-parallax-section avia-bg-style-parallax av-minimum-height av-minimum-height-custom av-height-custom  container_wrap sidebar_right'  data-section-bg-repeat='stretch' data-av_minimum_height_px='360'><div class='av-parallax' data-avia-parallax-ratio='0.3' ><div class='av-parallax-inner main_color avia-full-stretch'><\/div><\/div><div class='container av-section-cont-open' style='height:360px'><div class='template-page content  av-content-small alpha units'><div class='post-entry post-entry-type-page post-entry-1480'><div class='entry-content-wrapper clearfix'><\/div><\/div><\/div><!-- close content main div --><\/div><\/div><div id='after_section_5'  class='main_color av_default_container_wrap container_wrap sidebar_right'  ><div class='container av-section-cont-open' ><div class='template-page content  av-content-small alpha units'><div class='post-entry post-entry-type-page post-entry-1480'><div class='entry-content-wrapper clearfix'>","protected":false},"excerpt":{"rendered":"","protected":false},"author":2,"featured_media":0,"parent":0,"menu_order":0,"comment_status":"closed","ping_status":"closed","template":"","meta":{"_acf_changed":false,"footnotes":""},"class_list":["post-1480","page","type-page","status-publish","hentry"],"acf":[],"_links":{"self":[{"href":"https:\/\/premiumpsu.com\/es\/wp-json\/wp\/v2\/pages\/1480","targetHints":{"allow":["GET"]}}],"collection":[{"href":"https:\/\/premiumpsu.com\/es\/wp-json\/wp\/v2\/pages"}],"about":[{"href":"https:\/\/premiumpsu.com\/es\/wp-json\/wp\/v2\/types\/page"}],"author":[{"embeddable":true,"href":"https:\/\/premiumpsu.com\/es\/wp-json\/wp\/v2\/users\/2"}],"replies":[{"embeddable":true,"href":"https:\/\/premiumpsu.com\/es\/wp-json\/wp\/v2\/comments?post=1480"}],"version-history":[{"count":22,"href":"https:\/\/premiumpsu.com\/es\/wp-json\/wp\/v2\/pages\/1480\/revisions"}],"predecessor-version":[{"id":19841,"href":"https:\/\/premiumpsu.com\/es\/wp-json\/wp\/v2\/pages\/1480\/revisions\/19841"}],"wp:attachment":[{"href":"https:\/\/premiumpsu.com\/es\/wp-json\/wp\/v2\/media?parent=1480"}],"curies":[{"name":"wp","href":"https:\/\/api.w.org\/{rel}","templated":true}]}}