{"id":10590,"date":"2022-03-15T12:42:21","date_gmt":"2022-03-15T11:42:21","guid":{"rendered":"https:\/\/premiumpsu.com\/?page_id=10590"},"modified":"2025-09-18T15:40:42","modified_gmt":"2025-09-18T13:40:42","slug":"defensa","status":"publish","type":"page","link":"https:\/\/premiumpsu.com\/es\/novedades-y-tecnologia\/casos-de-exito-por-industria\/defensa\/","title":{"rendered":"Entornos extremos"},"content":{"rendered":"<style type=\"text\/css\" data-created_by=\"avia_inline_auto\" id=\"style-css-av-anjy-ab6ab43289eb3efbafb507d548268811\"> .flex_column.av-anjy-ab6ab43289eb3efbafb507d548268811{ border-radius:0px 0px 0px 0px; padding:0px 0px 0px 0px; } <\/style> <div  class='flex_column av-anjy-ab6ab43289eb3efbafb507d548268811 av_four_fifth  avia-builder-el-0  el_before_av_one_fifth  avia-builder-el-first  first flex_column_div av-zero-column-padding'     ><section  id=\"intro-header\"  class='av_textblock_section av-l0mazcke-bfec552bec1cff84df55e6114277aaf2'  ><div class='avia_textblock' ><h1><span style=\"color: #143a80;\">Entornos extremos<\/span><\/h1> <p>Somos conscientes del papel que desempe\u00f1a un sistema de conversi\u00f3n de energ\u00eda en equipos que tienen que trabajar intensamente en entornos hostiles, por lo que optimizamos al m\u00e1ximo nuestras soluciones para cumplir las especificaciones y normas m\u00e1s exigentes.<\/p> <\/div><\/section><br \/> <div  data-slideshow-options=\"{&quot;animation&quot;:&quot;fade&quot;,&quot;autoplay&quot;:false,&quot;loop_autoplay&quot;:&quot;once&quot;,&quot;interval&quot;:5,&quot;loop_manual&quot;:&quot;manual-endless&quot;,&quot;autoplay_stopper&quot;:false,&quot;noNavigation&quot;:false,&quot;show_slide_delay&quot;:90}\" class='avia-content-slider avia-content-grid-active avia-content-slider1 avia-content-slider-odd  avia-builder-el-2  el_after_av_textblock  avia-builder-el-last  av-slideshow-ui av-control-default   av-no-slider-navigation av-slideshow-manual av-loop-once av-loop-manual-endless' ><div class=\"avia-content-slider-inner\"><div class=\"slide-entry-wrap\"><article class='slide-entry flex_column  post-entry post-entry-10499 slide-entry-overview slide-loop-1 slide-parity-odd  post-entry-last  av_one_third first real-thumbnail posttype-post post-format-standard' ><a href='https:\/\/premiumpsu.com\/es\/resources-news\/soluciones-de-potencia-para-uso-en-condiciones-de-temperatura-extrema\/' data-rel='slide-1' class='slide-image' title='Soluciones de potencia para uso en condiciones de temperatura extrema'><img decoding=\"async\" fetchpriority=\"high\" width=\"495\" height=\"400\" src=\"https:\/\/premiumpsu.com\/wp-content\/uploads\/2020\/05\/premiumpsu.com-power-solutions-that-work-under-extreme-temperature-conditions-zephyr-aribus-premium-power-supplies-e1647433650318-1-495x400.jpg\" class=\"wp-image-10800 avia-img-lazy-loading-not-10800 attachment-portfolio size-portfolio wp-post-image\" alt=\"Power solutions under extreme temperature\" \/><\/a><div class=\"slide-content\"><header class=\"entry-content-header\" aria-label=\"Slide: Soluciones de potencia para uso en condiciones de temperatura extrema\"><span class=\"blog-categories minor-meta\"><a href=\"https:\/\/premiumpsu.com\/es\/resources-news\/category\/casos-de-exito-por-industria\/defensa\/\" rel=\"tag\">Defensa<\/a>, <a href=\"https:\/\/premiumpsu.com\/es\/resources-news\/category\/casos-de-exito-por-industria\/\" rel=\"tag\">Casos de \u00e9xito por industria<\/a>, <a href=\"https:\/\/premiumpsu.com\/es\/resources-news\/category\/casos-de-exito-por-producto\/convertidores-dc-dc\/\" rel=\"tag\">Convertidores DC\/DC<\/a>, <a href=\"https:\/\/premiumpsu.com\/es\/resources-news\/category\/casos-de-exito-por-producto\/inversores-dc-ac\/\" rel=\"tag\">Inversores DC\/AC<\/a> <\/span><h3 class='slide-entry-title entry-title' ><a href='https:\/\/premiumpsu.com\/es\/resources-news\/soluciones-de-potencia-para-uso-en-condiciones-de-temperatura-extrema\/' title='Soluciones de potencia para uso en condiciones de temperatura extrema'>Soluciones de potencia para uso en condiciones de temperatura extrema<\/a><\/h3><span class=\"av-vertical-delimiter\"><\/span><\/header><div class='slide-entry-excerpt entry-content' >En Premium PSU dise\u00f1amos y fabricamos sistemas de alimentaci\u00f3n para todo tipo de aplicaciones, siendo cada proyecto un desaf\u00edo para nosotros. El env\u00edo de uno de nuestros productos a la estratosfera alcanzando m\u00e1s de 32.000 metros y -57\u00baC\u2026<div class=\"read-more-link\"><a href=\"https:\/\/premiumpsu.com\/es\/resources-news\/soluciones-de-potencia-para-uso-en-condiciones-de-temperatura-extrema\/\" class=\"more-link\">Leer m\u00e1s<span class=\"more-link-arrow\"><\/span><\/a><\/div><\/div><\/div><footer class=\"entry-footer\"><div class=\"slide-meta\"><time class='slide-meta-time updated' >15 de marzo de 2022<\/time><\/div><\/footer><\/article><\/div><\/div><\/div><\/p><\/div> <div  class='flex_column av-2dgc8y-73413bfaf0c6db051f4c14c593937fb9 av_one_fifth  avia-builder-el-3  el_after_av_four_fifth  avia-builder-el-last  flex_column_div'     ><p><section  id=\"menu-cat-title\"  class='av_textblock_section av-l0aw5z74-bde95a9661e6f1f284205055c43e5754'  ><div class='avia_textblock' ><p>Categor\u00edas<\/p> <\/div><\/section><br \/> <div  class='avia-buttonrow-wrap av-l4e72i4d-fc390a011bdd4e48c343282fa31ac941 avia-buttonrow-left  avia-builder-el-5  el_after_av_textblock  el_before_av_hr  bot-categorias'>  <style type=\"text\/css\" data-created_by=\"avia_inline_auto\" id=\"style-css-av-av_buttonrow_item-5e46883dea88c449680dc1a04715d1ef\"> #top #wrap_all .avia-button.av-av_buttonrow_item-5e46883dea88c449680dc1a04715d1ef{ margin-bottom:5px; margin-right:5px; } <\/style> <a href='https:\/\/premiumpsu.com\/resources-news\/category\/whitepapers\/'  class='avia-button av-av_buttonrow_item-5e46883dea88c449680dc1a04715d1ef avia-icon_select-no avia-size-small avia-color-theme-color'   aria-label=\"Art\u00edculos t\u00e9cnicos\"><span class='avia_iconbox_title' >Art\u00edculos t\u00e9cnicos<\/span><\/a>  <style type=\"text\/css\" data-created_by=\"avia_inline_auto\" id=\"style-css-av-av_buttonrow_item-ef904069174b49396b527e3b7810dc27\"> #top #wrap_all .avia-button.av-av_buttonrow_item-ef904069174b49396b527e3b7810dc27{ margin-bottom:5px; margin-right:5px; } <\/style> <a href='https:\/\/premiumpsu.com\/resources-news\/category\/case-studies-by-industry\/'  class='avia-button av-av_buttonrow_item-ef904069174b49396b527e3b7810dc27 avia-icon_select-no avia-size-small avia-color-theme-color'   aria-label=\"Casos de \u00e9xito por industria\"><span class='avia_iconbox_title' >Casos de \u00e9xito por industria<\/span><\/a>  <style type=\"text\/css\" data-created_by=\"avia_inline_auto\" id=\"style-css-av-av_buttonrow_item-14c4b687bdb62c6de710315eeecff2de\"> #top #wrap_all .avia-button.av-av_buttonrow_item-14c4b687bdb62c6de710315eeecff2de{ margin-bottom:5px; margin-right:5px; } <\/style> <a href='https:\/\/premiumpsu.com\/es\/resources-news\/category\/casos-de-exito-por-industria\/ferroviario-transporte\/'  class='avia-button av-av_buttonrow_item-14c4b687bdb62c6de710315eeecff2de avia-icon_select-yes-left-icon avia-size-small avia-color-theme-color'  title=\"indent\" aria-label=\"indent\"><span class='avia_button_icon avia_button_icon_left' aria-hidden='true' data-av_icon='\ue879' data-av_iconfont='entypo-fontello'><\/span><span class='avia_iconbox_title' >Ferroviario y Transporte<\/span><\/a>  <style type=\"text\/css\" data-created_by=\"avia_inline_auto\" id=\"style-css-av-av_buttonrow_item-70427989dce2bb0cd63938ee073e4524\"> #top #wrap_all .avia-button.av-av_buttonrow_item-70427989dce2bb0cd63938ee073e4524{ margin-bottom:5px; margin-right:5px; } <\/style> <a href='https:\/\/premiumpsu.com\/es\/resources-news\/category\/casos-de-exito-por-industria\/energia\/'  class='avia-button av-av_buttonrow_item-70427989dce2bb0cd63938ee073e4524 avia-icon_select-yes-left-icon avia-size-small avia-color-theme-color'  title=\"indent\" aria-label=\"indent\"><span class='avia_button_icon avia_button_icon_left' aria-hidden='true' data-av_icon='\ue879' data-av_iconfont='entypo-fontello'><\/span><span class='avia_iconbox_title' >Energ\u00eda<\/span><\/a>  <style type=\"text\/css\" data-created_by=\"avia_inline_auto\" id=\"style-css-av-av_buttonrow_item-375461c630659b796753be5d34852d70\"> #top #wrap_all .avia-button.av-av_buttonrow_item-375461c630659b796753be5d34852d70{ margin-bottom:5px; margin-right:5px; } <\/style> <a href='https:\/\/premiumpsu.com\/es\/resources-news\/category\/casos-de-exito-por-industria\/high-tech-es\/'  class='avia-button av-av_buttonrow_item-375461c630659b796753be5d34852d70 avia-icon_select-yes-left-icon avia-size-small avia-color-theme-color'  title=\"indent\" aria-label=\"indent\"><span class='avia_button_icon avia_button_icon_left' aria-hidden='true' data-av_icon='\ue879' data-av_iconfont='entypo-fontello'><\/span><span class='avia_iconbox_title' >High Tech<\/span><\/a>  <style type=\"text\/css\" data-created_by=\"avia_inline_auto\" id=\"style-css-av-av_buttonrow_item-cae94141e1f40ae19dae30cb30857b0b\"> #top #wrap_all .avia-button.av-av_buttonrow_item-cae94141e1f40ae19dae30cb30857b0b{ margin-bottom:5px; margin-right:5px; } <\/style> <a href='https:\/\/premiumpsu.com\/es\/resources-news\/category\/casos-de-exito-por-industria\/defensa\/'  class='avia-button av-av_buttonrow_item-cae94141e1f40ae19dae30cb30857b0b avia-icon_select-yes-left-icon avia-size-small avia-color-theme-color'  title=\"indent\" aria-label=\"indent\"><span class='avia_button_icon avia_button_icon_left' aria-hidden='true' data-av_icon='\ue879' data-av_iconfont='entypo-fontello'><\/span><span class='avia_iconbox_title' >Entornos extremos<\/span><\/a>  <style type=\"text\/css\" data-created_by=\"avia_inline_auto\" id=\"style-css-av-av_buttonrow_item-7c8e0c745fe8fb8bdfc0481cdca64ad7\"> #top #wrap_all .avia-button.av-av_buttonrow_item-7c8e0c745fe8fb8bdfc0481cdca64ad7{ margin-bottom:5px; margin-right:5px; } <\/style> <a href='https:\/\/premiumpsu.com\/es\/resources-news\/category\/casos-de-exito-por-producto\/'  class='avia-button av-av_buttonrow_item-7c8e0c745fe8fb8bdfc0481cdca64ad7 avia-icon_select-no avia-size-small avia-color-theme-color'   aria-label=\"Casos de \u00e9xito por producto\"><span class='avia_iconbox_title' >Casos de \u00e9xito por producto<\/span><\/a>  <style type=\"text\/css\" data-created_by=\"avia_inline_auto\" id=\"style-css-av-av_buttonrow_item-bd2724ef0a42f631c44c5580040d8bb9\"> #top #wrap_all .avia-button.av-av_buttonrow_item-bd2724ef0a42f631c44c5580040d8bb9{ margin-bottom:5px; margin-right:5px; } <\/style> <a href='https:\/\/premiumpsu.com\/es\/resources-news\/category\/casos-de-exito-por-producto\/inversores-dc-ac\/'  class='avia-button av-av_buttonrow_item-bd2724ef0a42f631c44c5580040d8bb9 avia-icon_select-yes-left-icon avia-size-small avia-color-theme-color'  title=\"indent\" aria-label=\"indent\"><span class='avia_button_icon avia_button_icon_left' aria-hidden='true' data-av_icon='\ue879' data-av_iconfont='entypo-fontello'><\/span><span class='avia_iconbox_title' >DC\/AC onduladores<\/span><\/a>  <style type=\"text\/css\" data-created_by=\"avia_inline_auto\" id=\"style-css-av-av_buttonrow_item-41b291a34b855653dd3dbe2ee6d838b9\"> #top #wrap_all .avia-button.av-av_buttonrow_item-41b291a34b855653dd3dbe2ee6d838b9{ margin-bottom:5px; margin-right:5px; } <\/style> <a href='https:\/\/premiumpsu.com\/es\/resources-news\/category\/casos-de-exito-por-producto\/convertidores-dc-dc\/'  class='avia-button av-av_buttonrow_item-41b291a34b855653dd3dbe2ee6d838b9 avia-icon_select-yes-left-icon avia-size-small avia-color-theme-color'  title=\"indent\" aria-label=\"indent\"><span class='avia_button_icon avia_button_icon_left' aria-hidden='true' data-av_icon='\ue879' data-av_iconfont='entypo-fontello'><\/span><span class='avia_iconbox_title' >DC\/DC convertidores<\/span><\/a>  <style type=\"text\/css\" data-created_by=\"avia_inline_auto\" id=\"style-css-av-av_buttonrow_item-3cd5a3d18c702b713369a96ee95534df\"> #top #wrap_all .avia-button.av-av_buttonrow_item-3cd5a3d18c702b713369a96ee95534df{ margin-bottom:5px; margin-right:5px; } <\/style> <a href='https:\/\/premiumpsu.com\/es\/resources-news\/category\/casos-de-exito-por-producto\/sai\/'  class='avia-button av-av_buttonrow_item-3cd5a3d18c702b713369a96ee95534df avia-icon_select-yes-left-icon avia-size-small avia-color-theme-color'  title=\"indent\" aria-label=\"indent\"><span class='avia_button_icon avia_button_icon_left' aria-hidden='true' data-av_icon='\ue879' data-av_iconfont='entypo-fontello'><\/span><span class='avia_iconbox_title' >SAI<\/span><\/a>  <style type=\"text\/css\" data-created_by=\"avia_inline_auto\" id=\"style-css-av-av_buttonrow_item-8fd52e96b009f6f37bf320021571e623\"> #top #wrap_all .avia-button.av-av_buttonrow_item-8fd52e96b009f6f37bf320021571e623{ margin-bottom:5px; margin-right:5px; } <\/style> <a href='https:\/\/premiumpsu.com\/es\/resources-news\/category\/casos-de-exito-por-producto\/soluciones-a-medida\/'  class='avia-button av-av_buttonrow_item-8fd52e96b009f6f37bf320021571e623 avia-icon_select-yes-left-icon avia-size-small avia-color-theme-color'  title=\"indent\" aria-label=\"indent\"><span class='avia_button_icon avia_button_icon_left' aria-hidden='true' data-av_icon='\ue879' data-av_iconfont='entypo-fontello'><\/span><span class='avia_iconbox_title' >Soluciones a medida<\/span><\/a>  <style type=\"text\/css\" data-created_by=\"avia_inline_auto\" id=\"style-css-av-av_buttonrow_item-ee2bbb4af929a0c27781eb3c47e9aa74\"> #top #wrap_all .avia-button.av-av_buttonrow_item-ee2bbb4af929a0c27781eb3c47e9aa74{ margin-bottom:5px; margin-right:5px; } <\/style> <a href='https:\/\/premiumpsu.com\/es\/resources-news\/category\/eventos-y-noticias-corporativas\/'  class='avia-button av-av_buttonrow_item-ee2bbb4af929a0c27781eb3c47e9aa74 avia-icon_select-no avia-size-small avia-color-theme-color'   aria-label=\"Eventos y Noticias Corporativas\"><span class='avia_iconbox_title' >Eventos y Noticias Corporativas<\/span><\/a>  <style type=\"text\/css\" data-created_by=\"avia_inline_auto\" id=\"style-css-av-l4e72hnb-73c83e7a23e5117a5fcdb5ccadd19ebd\"> #top #wrap_all .avia-button.av-l4e72hnb-73c83e7a23e5117a5fcdb5ccadd19ebd{ margin-bottom:5px; margin-right:5px; } <\/style> <a href='https:\/\/premiumpsu.com\/es\/resources-news\/category\/notas-de-aplicacion\/'  class='avia-button av-l4e72hnb-73c83e7a23e5117a5fcdb5ccadd19ebd avia-icon_select-no avia-size-small avia-color-theme-color'   aria-label=\"Notas de aplicaci\u00f3n\"><span class='avia_iconbox_title' >Notas de aplicaci\u00f3n<\/span><\/a> <\/div><br \/> <div  class='hr av-2mt9vm-a0686453e5a9d6861d1a2bf119f76ff1 hr-default  avia-builder-el-6  el_after_av_buttonrow  el_before_av_textblock'><span class='hr-inner'><span class=\"hr-inner-style\"><\/span><\/span><\/div><br \/> <section  class='av_textblock_section av-29ay5u-6d2d27463473f38d376272f3c4a9a4af'  ><div class='avia_textblock news-sub' ><p><code><\/code> <code><\/code><\/p> <div class=\"title-form-TR\">\u00bfQuieres recibir nuestras novedades?<\/div> <p><code><\/code><\/p> <div class=\"desc-form-TR\">S\u00e9 el primero en enterarte de los nuevos lanzamientos, art\u00edculos t\u00e9cnicos y mucho m\u00e1s.<code><br \/> <\/code><\/div> <div class=\"desc-form-TR\"><code><\/code> [yikes-mailchimp form=\u00bb3&#8243;]<\/div> <div class=\"small-txt-form\">Al mandar tus datos, aceptas que Premium S.A. los utilice acuerdo con nuestra <a href=\"..\/legal-note\/\" target=\"_blank\" rel=\"noopener noreferrer\">pol\u00edtica de privacidad<\/a>. Puedes cambiar tus preferencias o darte de baja en cualquier momento.<\/div> <\/div><\/section><\/p><\/div>","protected":false},"excerpt":{"rendered":"","protected":false},"author":8,"featured_media":4318,"parent":10578,"menu_order":0,"comment_status":"closed","ping_status":"closed","template":"","meta":{"_acf_changed":false,"footnotes":""},"class_list":["post-10590","page","type-page","status-publish","has-post-thumbnail","hentry"],"acf":[],"_links":{"self":[{"href":"https:\/\/premiumpsu.com\/es\/wp-json\/wp\/v2\/pages\/10590","targetHints":{"allow":["GET"]}}],"collection":[{"href":"https:\/\/premiumpsu.com\/es\/wp-json\/wp\/v2\/pages"}],"about":[{"href":"https:\/\/premiumpsu.com\/es\/wp-json\/wp\/v2\/types\/page"}],"author":[{"embeddable":true,"href":"https:\/\/premiumpsu.com\/es\/wp-json\/wp\/v2\/users\/8"}],"replies":[{"embeddable":true,"href":"https:\/\/premiumpsu.com\/es\/wp-json\/wp\/v2\/comments?post=10590"}],"version-history":[{"count":2,"href":"https:\/\/premiumpsu.com\/es\/wp-json\/wp\/v2\/pages\/10590\/revisions"}],"predecessor-version":[{"id":20281,"href":"https:\/\/premiumpsu.com\/es\/wp-json\/wp\/v2\/pages\/10590\/revisions\/20281"}],"up":[{"embeddable":true,"href":"https:\/\/premiumpsu.com\/es\/wp-json\/wp\/v2\/pages\/10578"}],"wp:featuredmedia":[{"embeddable":true,"href":"https:\/\/premiumpsu.com\/es\/wp-json\/wp\/v2\/media\/4318"}],"wp:attachment":[{"href":"https:\/\/premiumpsu.com\/es\/wp-json\/wp\/v2\/media?parent=10590"}],"curies":[{"name":"wp","href":"https:\/\/api.w.org\/{rel}","templated":true}]}}